{"id":11,"date":"2013-01-23T22:10:33","date_gmt":"2013-01-23T22:10:33","guid":{"rendered":"http:\/\/tim.univ-bpclermont.fr\/apadua\/?page_id=11"},"modified":"2024-01-05T18:49:13","modified_gmt":"2024-01-05T17:49:13","slug":"about","status":"publish","type":"page","link":"https:\/\/perso.ens-lyon.fr\/agilio.padua\/about\/","title":{"rendered":"Bio"},"content":{"rendered":"\n<p><a href=\"http:\/\/perso.ens-lyon.fr\/agilio.padua\/wp-content\/uploads\/2018\/06\/APadua-CV-En.pdf\">Full CV<\/a><\/p>\n\n\n\n<h2 class=\"wp-block-heading\">Background and Career<\/h2>\n\n\n\n<ul class=\"wp-block-list\"><li>Distinguished professor (PR CE2) of Physical Chemistry, \u00c9cole Normale Sup\u00e9rieure de Lyon, 2018\u2013<\/li><li>Distinguished professor (PR CE2) of Physical Chemistry, Universit\u00e9 Clermont Auvergne, 2017\u201318<\/li><li>Visiting scholar, Department of Chemical Engineering, MIT, 2014\u201315<\/li><li>Distinguished professor (PR CE1) of Physical Chemistry, Universit\u00e9 Blaise Pascal Clermont-Ferrand, 2014\u201317<\/li><li>Senior member of the Institut Universitaire de France, 2013\u201318<\/li><li>Full professor (PR 1C), Universit\u00e9 Blaise Pascal, 2008\u201314<\/li><li>Invited professor, Universidade Nova de Lisboa, ITQB, Oeiras, 2008<\/li><li>Associate professor (PR 2C), Universit\u00e9 Blaise Pascal, 2003\u201308<\/li><li>Habilitation thesis, Universit\u00e9 Blaise Pascal, 2001<\/li><li>Assistant professor (MCF), Universit\u00e9 Blaise Pascal, 1996\u20132003<\/li><li>Research associate, Dept. of Chem. Eng., Imperial College London, 1994\u201396<\/li><li>PhD in Chemical Engineering, Instituto Superior T\u00e9cnico, Lisbon, 1990\u201394<\/li><li>Chemical Engineering diploma, Instituto Superior T\u00e9cnico, Lisbon, 1989<\/li><\/ul>\n\n\n\n<h2 class=\"wp-block-heading\">Positions<\/h2>\n\n\n\n<ul class=\"wp-block-list\"><li>Head of the Chemistry Department, ENS de Lyon, 2022\u2013Co-director of studies, <a href=\"http:\/\/www.ens-lyon.fr\/MasterSDM\/en\/master-2\">Master&#8217;s in Computational Physics and Chemistry<\/a>, 2019\u2013<\/li><li>Director of admissions (Chemistry), ENS de Lyon, 2020\u201322<\/li><li>Boards: <ul><li><a href=\"https:\/\/labeximust.universite-lyon.fr\">LABEX iMUST<\/a>, program in physics, chemistry and engineering, 2019\u2013<\/li><li><a href=\"https:\/\/www.axelera.org\">AXELERA<\/a>, competitiveness cluster in sustainable chemistry, 2019\u2013<\/li><li><a href=\"https:\/\/axel-one.com\/en\/\">Axel&#8217;One<\/a>, industry-academia innovation platform in chemistry, 2019\u2013<\/li><li><a href=\"https:\/\/gdr-lips.cnrs.fr\/\">GDR LIPS<\/a>, CNRS network, 2013\u201322<\/li><li><a href=\"http:\/\/gdr-thermodynamique.cnrs.fr\/\">GDR Thermodynamique<\/a>, CNRS network, 2012\u20132020 <\/li><\/ul><\/li><li>Director, Thermodynamics and Molecular Interactions Laboratory, joint research unit of the CNRS and the Universit\u00e9 Blaise Pascal, 2006\u201311; part of the <a href=\"https:\/\/iccf.uca.fr\/\">Institute of Chemistry of Clermont-Ferrand<\/a>, 2012\u201316<\/li><li>Coordinator, CNRS network on <a href=\"http:\/\/gdr-thermodynamique.cnrs.fr\/\">Molecular and Engineering Thermodynamics<\/a>, 2012\u201314<\/li><li>Director of studies, Batchelor&#8217;s (Licence) in Chemistry, Universit\u00e9 Blaise Pascal, 2003\u201305<\/li><\/ul>\n\n\n\n<h2 class=\"wp-block-heading\">Editorial Roles and Evaluation of Research<\/h2>\n\n\n\n<ul class=\"wp-block-list\"><li>Elected to the <a href=\"https:\/\/www.conseil-national-des-universites.fr\/\">Conseil National des Universit\u00e9s<\/a>, evaluation council for careers in higher education, Section 31: physical, theoretical and analytical Chemistry, 2015\u2013<\/li><li>Scientific advisor, TotalEnergies, 2014\u2013<\/li><li>Editor, <a href=\"https:\/\/www.journals.elsevier.com\/the-journal-of-chemical-thermodynamics\">The Journal of Chemical Thermodynamics<\/a>, 2005\u201319<\/li><li>Member or president of visiting committees, <a href=\"https:\/\/www.hceres.fr\/en\">Hc\u00e9res<\/a>, evaluation agency for science and higher education, France, 2013, 2016, 2018 (2), 2021, 2022<\/li><li>Committee member, Solid-state Chemistry, Colloids, Physical Chemistry, <a href=\"https:\/\/anr.fr\">Agence Nationale de la Recherche<\/a>, France, 2012\u201313<\/li><li>Committee member, <a href=\"https:\/\/gepris.dfg.de\/gepris\/projekt\/12918457?language=en\">Priority Program on Ionic liquids SPP 1191<\/a>, DFG, Germany, 2006\u201311<\/li><\/ul>\n\n\n\n<h2 class=\"wp-block-heading\">Awards and Honours<\/h2>\n\n\n\n<ul class=\"wp-block-list\"><li>Rossini Lectureship Award recipient of the <a href=\"http:\/\/www.iactweb.org\/\">International Association of Chemical Thermodynamics<\/a>, 2018<\/li><li><a href=\"http:\/\/www.societechimiquedefrance.fr\/Chimie-physique-17.html\">Senior Researcher Award 2017<\/a> of the Division of Physical Chemistry, Soci\u00e9t\u00e9 Chimique de France and Soci\u00e9t\u00e9 Fran\u00e7aise de Physique<\/li><li><a href=\"http:\/\/www.iufrance.fr\/les-membres-de-liuf\/membre\/22-agilio-padua.html\">Laureate of the Institut Universitaire de France<\/a>, 2013<\/li><li>Prof. Ant\u00f3nio Xavier Scholarship for Scientific Excellence, Oeiras, Portugal, 2008<\/li><\/ul>\n\n\n\n<p><\/p>\n","protected":false},"excerpt":{"rendered":"<p>Full CV Background and Career Distinguished professor (PR CE2) of Physical Chemistry, \u00c9cole Normale Sup\u00e9rieure de Lyon, 2018\u2013 Distinguished professor (PR CE2) of Physical Chemistry, Universit\u00e9 Clermont Auvergne, 2017\u201318 Visiting scholar, Department of Chemical Engineering, MIT, 2014\u201315 Distinguished professor (PR CE1) of Physical Chemistry, Universit\u00e9 Blaise Pascal Clermont-Ferrand, 2014\u201317 Senior member of the Institut Universitaire &hellip; <\/p>\n<p class=\"link-more\"><a href=\"https:\/\/perso.ens-lyon.fr\/agilio.padua\/about\/\" class=\"more-link\">Continue reading<span class=\"screen-reader-text\"> &#8220;Bio&#8221;<\/span><\/a><\/p>\n","protected":false},"author":1,"featured_media":0,"parent":0,"menu_order":0,"comment_status":"closed","ping_status":"closed","template":"","meta":{"footnotes":""},"class_list":["post-11","page","type-page","status-publish","hentry"],"_links":{"self":[{"href":"https:\/\/perso.ens-lyon.fr\/agilio.padua\/wp-json\/wp\/v2\/pages\/11","targetHints":{"allow":["GET"]}}],"collection":[{"href":"https:\/\/perso.ens-lyon.fr\/agilio.padua\/wp-json\/wp\/v2\/pages"}],"about":[{"href":"https:\/\/perso.ens-lyon.fr\/agilio.padua\/wp-json\/wp\/v2\/types\/page"}],"author":[{"embeddable":true,"href":"https:\/\/perso.ens-lyon.fr\/agilio.padua\/wp-json\/wp\/v2\/users\/1"}],"replies":[{"embeddable":true,"href":"https:\/\/perso.ens-lyon.fr\/agilio.padua\/wp-json\/wp\/v2\/comments?post=11"}],"version-history":[{"count":107,"href":"https:\/\/perso.ens-lyon.fr\/agilio.padua\/wp-json\/wp\/v2\/pages\/11\/revisions"}],"predecessor-version":[{"id":2057,"href":"https:\/\/perso.ens-lyon.fr\/agilio.padua\/wp-json\/wp\/v2\/pages\/11\/revisions\/2057"}],"wp:attachment":[{"href":"https:\/\/perso.ens-lyon.fr\/agilio.padua\/wp-json\/wp\/v2\/media?parent=11"}],"curies":[{"name":"wp","href":"https:\/\/api.w.org\/{rel}","templated":true}]}}