{"id":159,"date":"2018-12-04T10:28:19","date_gmt":"2018-12-04T09:28:19","guid":{"rendered":"http:\/\/perso.ens-lyon.fr\/carine.michel\/?page_id=159"},"modified":"2023-06-15T10:28:00","modified_gmt":"2023-06-15T08:28:00","slug":"contracts","status":"publish","type":"page","link":"https:\/\/perso.ens-lyon.fr\/carine.michel\/contracts\/","title":{"rendered":"Contracts"},"content":{"rendered":"<div class=\"page\" title=\"Page 2\">\n<div class=\"layoutArea\">\n<div class=\"column\">\n<h1><strong>ANR<\/strong><\/h1>\n<p><em>Member<\/em><\/p>\n<p><a href=\"http:\/\/www.agence-nationale-recherche.fr\/Projet-ANR-11-JS56-0011\">GALAC 2011-14<\/a>:\u00a0\u00ab\u00a0From glycerol to acrylic acid via lactic acid\u00a0\u00bb<\/p>\n<p><a href=\"http:\/\/www.agence-nationale-recherche.fr\/Project-ANR-14-CE06-0030\">MUSIC 2014-18<\/a>: \u00ab\u00a0Multiscale Simulations of bi-functional catalysts\u00a0\u00bb<\/p>\n<p><a href=\"http:\/\/www.agence-nationale-recherche.fr\/projet-anr\/?tx_lwmsuivibilan_pi2%5BCODE%5D=ANR-17-CE07-0026\">NITAMIN 2017-21<\/a>: \u00ab\u00a0D\u00e9veloppement de catalyseurs nitrures support\u00e9s pour l\u2019hydrog\u00e9nation et l\u2019amination r\u00e9ductrice d\u2019acides biosourc\u00e9s\u00a0\u00bb<\/p>\n<\/div>\n<div class=\"column\">\n<p><em>co-PI<\/em><\/p>\n<\/div>\n<\/div>\n<div class=\"layoutArea\">\n<div class=\"column\">\n<p><a href=\"http:\/\/www.agence-nationale-recherche.fr\/Projet-ANR-13-CDII-0004\">SHAPES 2013-17<\/a> \u00ab\u00a0Novel Selective Heterogeneous Amination Processes for the Synthesis of Bio-based Monomers\u00a0\u00bb<\/p>\n<\/div>\n<\/div>\n<\/div>\n<div class=\"page\" title=\"Page 3\">\n<div class=\"layoutArea\">\n<div class=\"column\">\n<p><a href=\"http:\/\/www.agence-nationale-recherche.fr\/projet-anr\/?tx_lwmsuivibilan_pi2%5BCODE%5D=ANR-15-CE07-0011\">TANOPOL 2015-19<\/a> \u00ab\u00a0Tailored Nanoparticles for the selective oxidation of poly-alcohols\u00a0\u00bb<\/p>\n<p>PHOTOCHROMICS 2018-22\u00a0\u00ab\u00a0Innovative Multiphotochromic Molecular Architectures for NO and 1O2 Release\u00a0\u00bb<\/p>\n<p><a href=\"https:\/\/anr.fr\/Project-ANR-19-CE05-0038\">DYCAT 2019-2022<\/a> \u00ab\u00a0Dynamic Catalysts for the production of clean energy\u00a0\u00bb<\/p>\n<p><a href=\"https:\/\/anr.fr\/Project-ANR-20-CE43-0014\">INGENCAT 2020-2024<\/a> \u00ab\u00a0Innovative Heterogeneous catalysts\u00a0\u00bb<\/p>\n<p>GLYNANO 2021-2025 \u00ab\u00a0One-pot selective amination of glycerol using ligand decorated metal nanoparticles\u00a0\u00bb<\/p>\n<\/div>\n<\/div>\n<div class=\"layoutArea\">\n<div class=\"column\">\n<p><em>PI<\/em><\/p>\n<p>MASCAT 2014-2018 \u00ab\u00a0Monitoring active sites of metathesis catalysts: a combined operando spectroscopy and computational approach\u00a0\u00bb<\/p>\n<\/div>\n<\/div>\n<div class=\"layoutArea\">\n<div class=\"column\">\n<h1><strong>Other public contracts <\/strong><\/h1>\n<\/div>\n<\/div>\n<div class=\"layoutArea\">\n<div class=\"column\">\n<p>MOSHY 2018-23: Member of a R\u00e9gion ARA project \u00ab\u00a0D\u00e9veloppement d\u2019un \u00e9lectrocatalyseur \u00e9cono- mique et efficace pour la production d\u2019hydrog\u00e8ne par couplage entre exp\u00e9rimentation et mod\u00e9lisation mol\u00e9culaire\u00a0\u00bb<\/p>\n<p><a href=\"https:\/\/idexlyon.universite-lyon.fr\/idexlyon\/version-francaise\/signature-de-la-premiere-chaire-idexlyon-road4cat-35716.kjsp\">ROAD4CAT<\/a> 2018-21\/23: co-PI of the Industrial Chair IdexLyon\/IFPEN\/ENSL ROAD4CAT of P. RAYBAUD \u00ab\u00a0Rational Design for Catalysis\u00a0\u00bb<\/p>\n<p>FABIO 2021-2024: Member of the LABEX iMust project \u00ab\u00a0Enabling fast quantum chemical methods for biomass conversion at metal\/water interfaces\u00a0\u00bb<\/p>\n<\/div>\n<\/div>\n<div class=\"layoutArea\">\n<div class=\"column\">\n<h1><strong>International Contracts<\/strong><\/h1>\n<\/div>\n<\/div>\n<div class=\"layoutArea\">\n<div class=\"column\">\n<p><em>Member<\/em><\/p>\n<p>PHC Polonium 2012-14 in collaboration with A. Ruppert,\u00a0\u0141\u00f3dz Technical University, Poland<\/p>\n<p>LIA Funcat 2013-16 in collaboration with T. Baker, E. Baranova, M. Murugesu, J. Giorgi, uOttawa, Canada<\/p>\n<p>ANR MUSIC 2014 &#8211; 2018 in collaboration with D. Vlachos, UDel and A. Goetz, UCSD, USA.<\/p>\n<p>EIC ELOBIO, 2023-2027 Electrolysis for biomass, more info <a href=\"https:\/\/elobio.cnrs.fr\/\">here<\/a><\/p>\n<p><em>PI<\/em><\/p>\n<p>PHC Polonium2015-17 in collaboration with A. Ruppert,\u00a0\u0141\u00f3dz Technical University, Poland<\/p>\n<p>ANR MASCAT 2014-18 in collaboration with C. Cop\u00e9ret, ETH Z\u00fcrich, Switzerland<\/p>\n<p>LIA Funcat 2017-20 in collaboration with\u00a0T. Baker, E. Baranova, M. Murugesu, J. Giorgi, M. Organ, D. Fogg, uOttawa, Canada<\/p>\n<p>IRP ELINE 2021-24 in collaboration with P. Sautet, A. Alexandrova, B. Dunn,&#8230; UCLA, USA.<\/p>\n<h1><strong>Industrial Contracts<\/strong><\/h1>\n<\/div>\n<\/div>\n<div class=\"layoutArea\">\n<div class=\"column\">\n<p><em>Member<\/em><\/p>\n<p>Rhodia 2012-13\u00a0\u00ab\u00a0Mechanisms in oxydation catalysis\u00a0\u00bb\u00a0 with S. CHOUZIER<\/p>\n<p>Solvay 2013-14 \u00ab\u00a0Electrochemical valorisation of CO<sub>2<\/sub>\u00a0\u00bb with\u00a0E. DUBOIS<\/p>\n<p>CNRS-Solvay 2013-16 \u00ab\u00a0Selective amination of alcohols\u00a0\u00bb with A.\u00a0LIEBENS<\/p>\n<\/div>\n<\/div>\n<\/div>\n<div class=\"page\" title=\"Page 4\">\n<div class=\"layoutArea\">\n<div class=\"column\">\n<p><em>PI<\/em><\/p>\n<\/div>\n<\/div>\n<div class=\"layoutArea\">\n<div class=\"column\">\n<p>Total 2016-17 \u00ab\u00a0Modeling of detergence in engines\u00a0\u00bb with\u00a0S.LOEHL\u00c9 et M. MAZARIN<\/p>\n<p>Total 2017-21 \u00ab\u00a0Wettability parameters by multi-scale modeling approaches\u00a0\u00bb\u00a0with\u00a0S.LOEHL\u00c9<\/p>\n<\/div>\n<div class=\"column\">\n<p>Solvay 2018-21 \u00ab\u00a0Ab initio simulations of catalytic transformation of biomass-derived molecules to building blocks of industrial interest\u00a0\u00bb with R. WISHERT<\/p>\n<p>Total 2019-2020 \u00ab\u00a0Modeling of detergence in engines\u00a0\u00bb with\u00a0S. LOEHL\u00c9 et M. MAZARIN<\/p>\n<p>PSA\/IFPEN 2019-2022 \u00ab\u00a0Mustiscale molecular modeling of electrochemical systems. Application to batteries\u00a0\u00bb<\/p>\n<p>Total 2022-2023 \u00ab\u00a0Corrosion and degradation of lubricant\u2019s additives in presence of contaminants from NH3 fuel by molecular modeling approach\u00a0\u00bb with\u00a0S. LOEHL\u00c9<\/p>\n<\/div>\n<\/div>\n<\/div>\n","protected":false},"excerpt":{"rendered":"<p>ANR Member GALAC 2011-14:\u00a0\u00ab\u00a0From glycerol to acrylic acid via lactic acid\u00a0\u00bb MUSIC 2014-18: \u00ab\u00a0Multiscale Simulations of bi-functional catalysts\u00a0\u00bb NITAMIN 2017-21: \u00ab\u00a0D\u00e9veloppement de catalyseurs nitrures support\u00e9s pour l\u2019hydrog\u00e9nation et l\u2019amination r\u00e9ductrice d\u2019acides biosourc\u00e9s\u00a0\u00bb co-PI SHAPES 2013-17 \u00ab\u00a0Novel Selective Heterogeneous Amination Processes for the Synthesis of Bio-based Monomers\u00a0\u00bb TANOPOL 2015-19 \u00ab\u00a0Tailored Nanoparticles for the selective oxidation of [&hellip;]<\/p>\n","protected":false},"author":2,"featured_media":0,"parent":0,"menu_order":0,"comment_status":"closed","ping_status":"closed","template":"","meta":{"footnotes":""},"class_list":["post-159","page","type-page","status-publish","hentry"],"_links":{"self":[{"href":"https:\/\/perso.ens-lyon.fr\/carine.michel\/wp-json\/wp\/v2\/pages\/159","targetHints":{"allow":["GET"]}}],"collection":[{"href":"https:\/\/perso.ens-lyon.fr\/carine.michel\/wp-json\/wp\/v2\/pages"}],"about":[{"href":"https:\/\/perso.ens-lyon.fr\/carine.michel\/wp-json\/wp\/v2\/types\/page"}],"author":[{"embeddable":true,"href":"https:\/\/perso.ens-lyon.fr\/carine.michel\/wp-json\/wp\/v2\/users\/2"}],"replies":[{"embeddable":true,"href":"https:\/\/perso.ens-lyon.fr\/carine.michel\/wp-json\/wp\/v2\/comments?post=159"}],"version-history":[{"count":13,"href":"https:\/\/perso.ens-lyon.fr\/carine.michel\/wp-json\/wp\/v2\/pages\/159\/revisions"}],"predecessor-version":[{"id":350,"href":"https:\/\/perso.ens-lyon.fr\/carine.michel\/wp-json\/wp\/v2\/pages\/159\/revisions\/350"}],"wp:attachment":[{"href":"https:\/\/perso.ens-lyon.fr\/carine.michel\/wp-json\/wp\/v2\/media?parent=159"}],"curies":[{"name":"wp","href":"https:\/\/api.w.org\/{rel}","templated":true}]}}