{"id":15,"date":"2023-03-11T19:22:37","date_gmt":"2023-03-11T19:22:37","guid":{"rendered":"http:\/\/perso.ens-lyon.fr\/carlos.marques\/?page_id=15"},"modified":"2023-03-12T21:37:35","modified_gmt":"2023-03-12T21:37:35","slug":"contact","status":"publish","type":"page","link":"https:\/\/perso.ens-lyon.fr\/carlos.marques\/contact\/","title":{"rendered":"Contact"},"content":{"rendered":"\r\n<p>We work at the Chemistry Laboratory of the \u00c9cole Normale Sup\u00e9rieure de Lyon. Come to the main entrance at 46, All\u00e9e d&#8217;Italie and ask for Carlos Marques at 8118<\/p>\r\n","protected":false},"excerpt":{"rendered":"<p>We work at the Chemistry Laboratory of the \u00c9cole Normale Sup\u00e9rieure de Lyon. Come to the main entrance at 46, All\u00e9e d&#8217;Italie and ask for Carlos Marques at 8118<\/p>\n","protected":false},"author":1,"featured_media":100,"parent":0,"menu_order":0,"comment_status":"closed","ping_status":"closed","template":"","meta":{"footnotes":""},"class_list":["post-15","page","type-page","status-publish","has-post-thumbnail","hentry"],"_links":{"self":[{"href":"https:\/\/perso.ens-lyon.fr\/carlos.marques\/wp-json\/wp\/v2\/pages\/15","targetHints":{"allow":["GET"]}}],"collection":[{"href":"https:\/\/perso.ens-lyon.fr\/carlos.marques\/wp-json\/wp\/v2\/pages"}],"about":[{"href":"https:\/\/perso.ens-lyon.fr\/carlos.marques\/wp-json\/wp\/v2\/types\/page"}],"author":[{"embeddable":true,"href":"https:\/\/perso.ens-lyon.fr\/carlos.marques\/wp-json\/wp\/v2\/users\/1"}],"replies":[{"embeddable":true,"href":"https:\/\/perso.ens-lyon.fr\/carlos.marques\/wp-json\/wp\/v2\/comments?post=15"}],"version-history":[{"count":3,"href":"https:\/\/perso.ens-lyon.fr\/carlos.marques\/wp-json\/wp\/v2\/pages\/15\/revisions"}],"predecessor-version":[{"id":102,"href":"https:\/\/perso.ens-lyon.fr\/carlos.marques\/wp-json\/wp\/v2\/pages\/15\/revisions\/102"}],"wp:featuredmedia":[{"embeddable":true,"href":"https:\/\/perso.ens-lyon.fr\/carlos.marques\/wp-json\/wp\/v2\/media\/100"}],"wp:attachment":[{"href":"https:\/\/perso.ens-lyon.fr\/carlos.marques\/wp-json\/wp\/v2\/media?parent=15"}],"curies":[{"name":"wp","href":"https:\/\/api.w.org\/{rel}","templated":true}]}}