{"id":149,"date":"2019-03-01T14:23:04","date_gmt":"2019-03-01T13:23:04","guid":{"rendered":"http:\/\/perso.ens-lyon.fr\/denis.frath\/?page_id=149"},"modified":"2026-03-23T17:20:02","modified_gmt":"2026-03-23T16:20:02","slug":"research","status":"publish","type":"page","link":"https:\/\/perso.ens-lyon.fr\/denis.frath\/research\/","title":{"rendered":"Research"},"content":{"rendered":"<p><a href=\"https:\/\/www.ens-lyon.fr\/CHIMIE\/recherche\/Teams\/Supramolecular-Chemistry-and-Chemical-Biology\" target=\"_blank\" rel=\"noopener\"><img loading=\"lazy\" decoding=\"async\" class=\"alignright wp-image-243\" src=\"http:\/\/perso.ens-lyon.fr\/denis.frath\/wp-content\/uploads\/2020\/04\/Image2-300x187.png\" alt=\"\" width=\"225\" height=\"140\" srcset=\"https:\/\/perso.ens-lyon.fr\/denis.frath\/wp-content\/uploads\/2020\/04\/Image2-300x187.png 300w, https:\/\/perso.ens-lyon.fr\/denis.frath\/wp-content\/uploads\/2020\/04\/Image2-200x125.png 200w, https:\/\/perso.ens-lyon.fr\/denis.frath\/wp-content\/uploads\/2020\/04\/Image2.png 431w\" sizes=\"auto, (max-width: 225px) 100vw, 225px\" \/><\/a>My research interests at the Chemistry Laboratory of ENS Lyon are directed towards \u03c0-conjugated molecules with optical and electrochemical properties, their supramolecular self-assembly and functional materials with switchable properties (gels, liquid crystals, surfaces&#8230;).<\/p>\n<p><a href=\"https:\/\/www.ens-lyon.fr\/CHIMIE\/recherche\/Teams\/Supramolecular-Chemistry-and-Chemical-Biology\" target=\"_blank\" rel=\"noopener\"><span id=\"breadcrumbs-3\" dir=\"ltr\"><span id=\"breadcrumbs-current\">Supramolecular Chemistry &amp; Chemical Biology Group<\/span><\/span> Webpage <\/a><\/p>\n<h1>Selected articles<\/h1>\n<p><strong>Reversible Self-assembly of a Viologen-based Supramolecular Gel Network under Electrochemical Control<\/strong><\/p>\n<p>Our article is available to read at <a href=\"http:\/\/dx.doi.org\/10.1002\/chem.202502489\" target=\"_blank\" rel=\"noopener\">Chem. Eur. J.<\/a><\/p>\n<p><a href=\"http:\/\/dx.doi.org\/10.1002\/chem.202502489\" target=\"_blank\" rel=\"noopener\"><img loading=\"lazy\" decoding=\"async\" class=\"aligncenter\" src=\"https:\/\/chemistry-europe.onlinelibrary.wiley.com\/cms\/asset\/9eea2fff-e99e-4a52-a240-600d50421169\/chem70419-gra-0001-m.jpg\" alt=\"https:\/\/chemistry-europe.onlinelibrary.wiley.com\/cms\/asset\/9eea2fff-e99e-4a52-a240-600d50421169\/chem70419-gra-0001-m.jpg\" width=\"240\" height=\"191\" \/><\/a>Herein we report one of the very first supramolecular gel for which the formation and dissociation of the self-assembled network can be achieved using an electrochemical stimulation. The redox-triggered macroscopic changes under different photochemical or electrochemical stimuli result from the reversible assembly of charge transfer complexes formed between the viologen acceptor and iodide counter-anions.<\/p>\n<p><strong>\u03c0-Expansion as gateway to viologen-based pimers<\/strong><\/p>\n<p>Our article is available to read at <a href=\"https:\/\/pubs.rsc.org\/en\/content\/articlelanding\/2025\/sc\/d5sc01361e\" target=\"_blank\" rel=\"noopener\">Chem. Sci.<\/a><\/p>\n<p><a href=\"https:\/\/pubs.rsc.org\/en\/content\/articlelanding\/2025\/sc\/d5sc01361e\" target=\"_blank\" rel=\"noopener\"><img loading=\"lazy\" decoding=\"async\" class=\"alignleft\" src=\"https:\/\/pubs.rsc.org\/en\/Image\/Get?imageInfo.ImageType=GA&amp;imageInfo.ImageIdentifier.ManuscriptID=D5SC01361E&amp;imageInfo.ImageIdentifier.Year=2025\" alt=\"https:\/\/pubs.rsc.org\/en\/Image\/Get?imageInfo.ImageType=GA&amp;imageInfo.ImageIdentifier.ManuscriptID=D5SC01361E&amp;imageInfo.ImageIdentifier.Year=2025\" width=\"372\" height=\"179\" \/><\/a>The present article reports on a new and efficient synthetic strategy towards tetracene-bipyridiniums. On the basis of extensive experimental analyses supported by DFT simulations, we report the first observation of a mixed valence complex formed in solution under standard conditions from an unconstrained bis-viologene derivative.<\/p>\n<p><strong>Chiral and conductive viologen-based supramolecular gels exhibiting tunable charge-transfer properties<\/strong><\/p>\n<p>Our article is available to read at <a href=\"https:\/\/pubs.rsc.org\/en\/content\/articlelanding\/2023\/tc\/d3tc02076b\" target=\"_blank\" rel=\"noopener\">J. Mater. Chem. C<\/a>.<\/p>\n<p><a href=\"https:\/\/pubs.rsc.org\/en\/content\/articlelanding\/2023\/tc\/d3tc02076b\" target=\"_blank\" rel=\"noopener\"><img loading=\"lazy\" decoding=\"async\" class=\"size-medium wp-image-462 alignleft\" src=\"https:\/\/perso.ens-lyon.fr\/denis.frath\/wp-content\/uploads\/2023\/09\/fc_graphical_abstract-300x198.png\" alt=\"\" width=\"300\" height=\"198\" srcset=\"https:\/\/perso.ens-lyon.fr\/denis.frath\/wp-content\/uploads\/2023\/09\/fc_graphical_abstract-300x198.png 300w, https:\/\/perso.ens-lyon.fr\/denis.frath\/wp-content\/uploads\/2023\/09\/fc_graphical_abstract-768x507.png 768w, https:\/\/perso.ens-lyon.fr\/denis.frath\/wp-content\/uploads\/2023\/09\/fc_graphical_abstract.png 863w\" sizes=\"auto, (max-width: 300px) 100vw, 300px\" \/><\/a>Redox-active conductive supramolecular gels involving highly ordered chiral assemblies of small organic molecules are very promising soft materials for many applications ranging from catalysis to electronics. However, combining all these properties in the same material has so far remained a difficult task. We now report the synthesis and detailed structural, rheological, and electrical characterizations of supramolecular gels obtained by self-assembly of a dicationic low molecular weight gelator incorporating a redox-active 4,4\u2032-bipyridinium unit. These molecules have been shown to self-assemble in pentanol to form chiral hollow core\u2013shell cylinders, eventually yielding dendritic clusters inducing gelation. We also showed that the optical, rheological, and electrical properties of the gels can be tuned by adding ionic additives. Careful control of the formation of charge-transfer complexes between viologens and iodides has led to the formation of robust, transparent, conductive, and chiral gel. The gelation process, the properties of the gel, and the structure of the assemblies have been thoroughly investigated by UV-Vis and ECD spectroscopy, rheometry, bright-field microscopy, SAXS, AFM, electrochemical and impedance measurements.<\/p>\n<p><strong>Photoredox Processes in the Aggregation and Gelation of Electron-Responsive Supramolecular Polymers Based on Viologen<\/strong><\/p>\n<p>Our article is available to read at <a href=\"https:\/\/iopscience.iop.org\/article\/10.1149\/2754-2734\/ac6ad4\" target=\"_blank\" rel=\"noopener\">ECS Adv.<\/a><a class=\"clickandreadBtn\" title=\"La ressource a \u00e9t\u00e9 trouv\u00e9e dans Unpaywall\" href=\"https:\/\/doi.org\/10.1149\/2754-2734\/ac6ad4\" target=\"_blank\" rel=\"noopener\" name=\"CLICKANDREADLink\"><\/a><\/p>\n<p><a href=\"https:\/\/iopscience.iop.org\/article\/10.1149\/2754-2734\/ac6ad4\" target=\"_blank\" rel=\"noopener\"><img loading=\"lazy\" decoding=\"async\" class=\"size-medium wp-image-343 alignleft\" src=\"https:\/\/perso.ens-lyon.fr\/denis.frath\/wp-content\/uploads\/2022\/05\/TOC-1-300x267.png\" sizes=\"auto, (max-width: 300px) 100vw, 300px\" srcset=\"https:\/\/perso.ens-lyon.fr\/denis.frath\/wp-content\/uploads\/2022\/05\/TOC-1-300x267.png 300w, https:\/\/perso.ens-lyon.fr\/denis.frath\/wp-content\/uploads\/2022\/05\/TOC-1-1024x912.png 1024w, https:\/\/perso.ens-lyon.fr\/denis.frath\/wp-content\/uploads\/2022\/05\/TOC-1-768x684.png 768w, https:\/\/perso.ens-lyon.fr\/denis.frath\/wp-content\/uploads\/2022\/05\/TOC-1.png 1058w\" alt=\"\" width=\"300\" height=\"267\" \/><\/a>Viologen-based ditopic bis-pyridinyl-triazole bidentate ligands self-assemble in the presence of palladium ions into supramolecular polymers whose structure is imposed by the directed formation of coordination bonds. Light-irradiation of these electron-responsive supramolecular materials triggers a photo-induced electron transfer yielding isolated \u03c0-radicals and dimers of radicals. The photoreduction events and the associated dimerization steps trigger a large-scale reorganization occurring within the supramolecular network yielding aggregates or gels depending on the irradiation conditions (power, duration). Detailed electrochemical, spectro-electrochemical and photochemical analyses were conducted to understand the mechanisms at stakes in these light-induced aggregation and gelation.<\/p>\n<div id=\"content\" class=\"post-single-content box mark-links\">\n<p><strong>Photo\/Redox-Responsive 2D-Supramolecular Assembly Involving Cucurbit[8]uril and a Star-Shaped Porphyrin Tecton<\/strong><\/p>\n<\/div>\n<div><\/div>\n<div class=\"post-single-content box mark-links\">Our article is available to read at <a href=\"https:\/\/www.sciencedirect.com\/science\/article\/pii\/S0013468619310102\" target=\"_blank\" rel=\"noopener\">Electrochim. Acta<\/a><\/div>\n<div class=\"post-single-content box mark-links\">\n<p><a href=\"https:\/\/www.sciencedirect.com\/science\/article\/pii\/S0013468619310102\" target=\"_blank\" rel=\"noopener\"><img loading=\"lazy\" decoding=\"async\" class=\"size-medium wp-image-219 alignleft\" src=\"http:\/\/perso.ens-lyon.fr\/denis.frath\/wp-content\/uploads\/2020\/04\/Image1-300x243.png\" alt=\"\" width=\"300\" height=\"243\" srcset=\"https:\/\/perso.ens-lyon.fr\/denis.frath\/wp-content\/uploads\/2020\/04\/Image1-300x243.png 300w, https:\/\/perso.ens-lyon.fr\/denis.frath\/wp-content\/uploads\/2020\/04\/Image1-768x621.png 768w, https:\/\/perso.ens-lyon.fr\/denis.frath\/wp-content\/uploads\/2020\/04\/Image1.png 832w\" sizes=\"auto, (max-width: 300px) 100vw, 300px\" \/><\/a>The present paper reports on the formation and on the electrochemical\/spectroscopic characterization of inclusion complexes formed in aqueous media between cucurbit[7 or 8]urils cavitands (CB[7], CB[8]) and a rigid four-pointed star-shaped viologen-appended porphyrin tecton. The formation of discrete 4:1 pseudo-rotaxane-like caviplexes, involving threading of CB[n] rings on the rigid viologen-based star&rsquo;s branches has been demonstrated by nuclear magnetic resonance and mass spectrometry measurements. Then, the photo- and redox-triggered formation of 2D supramolecular assemblies involving CB[8]s and the four electron reduced tectons as key building elements, has been established on the ground of in-depth electrochemical and spectroscopic analyses supported by quantum calculations. The CB[8]-promoted intermolecular \u03c0-dimerization of the viologen cation radicals introduced at the <em>meso<\/em> positions of the porphyrin plateform has been brought to light through the diagnostic signatures of the 1:2 host-guest ternary caviplexes formed between viologen and CB[8] and by spectroscopic data collected after electrochemical, chemical or photochemical reduction of the viologen-based tectons. The CB[8] hosts not only proved useful to promote the redox-triggered formation of supramolecular assemblies, it was also found to prevent the chemical reduction of the porphyrin ring in aqueous media and its subsequent conversion into phlorin products.<\/p>\n<p><strong>Electrografted Monolayer Based on a Naphtalenediimide-Ruthenium Terpyridine Complex Dyad: Efficient Creation of Large-area Molecular Junctions with High Current Densities<\/strong><\/p>\n<\/div>\n<p>Our article is available to read at <a href=\"https:\/\/pubs.rsc.org\/en\/content\/articlelanding\/2017\/cc\/c7cc04972b#!divAbstract\" target=\"_blank\" rel=\"noopener\">Chem. Commun.<\/a><\/p>\n<p><a href=\"https:\/\/pubs.rsc.org\/en\/content\/articlelanding\/2017\/cc\/c7cc04972b#!divAbstract\" target=\"_blank\" rel=\"noopener\"><img loading=\"lazy\" decoding=\"async\" class=\"wp-image-247 alignleft\" src=\"http:\/\/perso.ens-lyon.fr\/denis.frath\/wp-content\/uploads\/2020\/04\/Cover.gif\" alt=\"\" width=\"148\" height=\"195\" \/><\/a><\/p>\n<p><img loading=\"lazy\" decoding=\"async\" class=\"wp-image-245 alignright\" src=\"http:\/\/perso.ens-lyon.fr\/denis.frath\/wp-content\/uploads\/2020\/04\/Get-300x168.gif\" alt=\"\" width=\"246\" height=\"138\" \/>An electron donor\u2013acceptor dyad has been designed for the creation of large-area molecular junctions (MJ). Diazonium cation electrografting was used to form well controlled monolayers. The robustness of the monolayer enabled the creation of MJs using direct top-coat evaporation with a high yield of operating devices.<\/p>\n<p><strong>Vectorization and Intracellular Distribution of a Two Photon- Absorbing, Near Infra-Red (NIR) Emitting \u03c0-Extended Boranil Dye<\/strong><\/p>\n<p>Our article is available to read at <a href=\"https:\/\/chemistry-europe.onlinelibrary.wiley.com\/doi\/abs\/10.1002\/cptc.201700012\" target=\"_blank\" rel=\"noopener\">ChemPhotoChem<\/a><\/p>\n<p><a href=\"https:\/\/chemistry-europe.onlinelibrary.wiley.com\/doi\/abs\/10.1002\/cptc.201700012\" target=\"_blank\" rel=\"noopener\"><img loading=\"lazy\" decoding=\"async\" class=\"wp-image-250 alignleft\" src=\"http:\/\/perso.ens-lyon.fr\/denis.frath\/wp-content\/uploads\/2020\/04\/cptc.v1.4.cover_-226x300.jpg\" alt=\"\" width=\"145\" height=\"192\" srcset=\"https:\/\/perso.ens-lyon.fr\/denis.frath\/wp-content\/uploads\/2020\/04\/cptc.v1.4.cover_-226x300.jpg 226w, https:\/\/perso.ens-lyon.fr\/denis.frath\/wp-content\/uploads\/2020\/04\/cptc.v1.4.cover_.jpg 752w\" sizes=\"auto, (max-width: 145px) 100vw, 145px\" \/><\/a>A \u03c0\u2010extended boranil (PEB) dye has been synthesized and its photophysical properties have been recorded in a range of solvents. The dye exhibits an intense solvatochromic fluorescence emission covering the entire visible spectrum and the near infra\u2010red (NIR) region (from <i>\u03bb<\/i>=534 to 764\u2005nm) with quantum yields up to 69\u2009%. Embedment of the PEB dye in the amphiphilic block copolymer Cremophor\u2005EL<sup>\u00ae<\/sup> leads to a strong emission (<i>\u03bb<\/i><sub>em<\/sub>=617\u2005nm, <i>\u03a6<\/i>=0.33) in PBS buffer. Moreover, two\u2010photon absorption (TPA) spectroscopy evidenced a large two\u2010photon (2P) cross section (420\u2005GM), enabling the use of the PEB dye in 2P\u2010excitation fluorescence microscopy. The cellular uptake and distribution of PEB in HeLa cells was monitored using fluorescence lifetime imaging microscopy (FLIM) and real\u2010time widefield imaging. It was found that the emission of the dye is strongly influenced by the local environment and that the dye is preferentially internalized in acidic vesicles.<\/p>\n<p><strong>Diarylethene Self-Assembled Monolayers: Cocrystallization and Mixing-Induced Cooperativity Highlighted by Scanning Tunneling Microscopy at the Liquid\/Solid Interface<\/strong><\/p>\n<p>Our article is available to read at <a href=\"https:\/\/chemistry-europe.onlinelibrary.wiley.com\/doi\/abs\/10.1002\/chem.201500804\" target=\"_blank\" rel=\"noopener\">Chem. Eur. J.<\/a><\/p>\n<p><a href=\"https:\/\/chemistry-europe.onlinelibrary.wiley.com\/doi\/abs\/10.1002\/chem.201500804\" target=\"_blank\" rel=\"noopener\"><img loading=\"lazy\" decoding=\"async\" class=\" wp-image-261 alignleft\" src=\"http:\/\/perso.ens-lyon.fr\/denis.frath\/wp-content\/uploads\/2020\/04\/mcontent-212x300.jpg\" alt=\"\" width=\"141\" height=\"200\" srcset=\"https:\/\/perso.ens-lyon.fr\/denis.frath\/wp-content\/uploads\/2020\/04\/mcontent-212x300.jpg 212w, https:\/\/perso.ens-lyon.fr\/denis.frath\/wp-content\/uploads\/2020\/04\/mcontent-768x1086.jpg 768w, https:\/\/perso.ens-lyon.fr\/denis.frath\/wp-content\/uploads\/2020\/04\/mcontent-724x1024.jpg 724w, https:\/\/perso.ens-lyon.fr\/denis.frath\/wp-content\/uploads\/2020\/04\/mcontent.jpg 1323w\" sizes=\"auto, (max-width: 141px) 100vw, 141px\" \/><\/a>Stimulus control over 2D multicomponent molecular ordering on surfaces is a key technique for realizing advanced materials with stimuli\u2010responsive surface properties. The formation of 2D molecular ordering along with photoisomerization was monitored by scanning tunneling microscopy at the octanoic acid\/highly oriented pyrolytic graphite interface for a synthesized amide\u2010containing diarylethene, which underwent photoisomerization between the open\u2010 and closed\u2010ring isomers and also a side\u2010reaction to give the annulated isomer. The nucleation (<i>K<\/i><sub>n<\/sub>) and elongation (<i>K<\/i><sub>e<\/sub>) equilibrium constants were determined by analysis of the concentration dependence of the surface coverage by using a cooperative model at the liquid\/solid interface. It was found that the annulated isomer has a very large equilibrium constant, which explains the predominantly observed ordering of the annulated isomer. It was also found that the presence of the closed\u2010ring isomer induces cooperativity into the formation of molecular ordering composed of the open\u2010ring isomer. A quantitative analysis of the formation of ordering by using the cooperative model has provided a new view of the formation of 2D multicomponent molecular ordering.<\/p>\n<p><strong>Luminescent materials: Locking \u03c0-conjugated and heterocyclic ligands with boron (III).<\/strong><\/p>\n<p>Our article is available to read at <a href=\"https:\/\/onlinelibrary.wiley.com\/doi\/10.1002\/anie.201305554\" target=\"_blank\" rel=\"noopener\">Angew. Chem. Int. Ed.<\/a><\/p>\n<p><a href=\"https:\/\/onlinelibrary.wiley.com\/doi\/10.1002\/anie.201305554\" target=\"_blank\" rel=\"noopener\"><img loading=\"lazy\" decoding=\"async\" class=\" wp-image-264 alignleft\" src=\"http:\/\/perso.ens-lyon.fr\/denis.frath\/wp-content\/uploads\/2020\/04\/mcontent-1-300x243.jpg\" alt=\"\" width=\"181\" height=\"147\" srcset=\"https:\/\/perso.ens-lyon.fr\/denis.frath\/wp-content\/uploads\/2020\/04\/mcontent-1-300x243.jpg 300w, https:\/\/perso.ens-lyon.fr\/denis.frath\/wp-content\/uploads\/2020\/04\/mcontent-1.jpg 345w\" sizes=\"auto, (max-width: 181px) 100vw, 181px\" \/><\/a>Multidisciplinary research on novel organic luminescent dyes is propelled by potential applications in plastic electronics and biomedical sciences. The construction of sophisticated fluorescent dyes around a tetrahedral boron(III) center is a particular approach that has fueled the creativity of chemists. Success in this enterprise has been readily achieved with simple synthetic protocols, the products of which display unusual spectroscopic behavior. This account is a critical review of recent advances in the field of boron(III) complexes (excluding BODIPYs and acetylacetonate boron complexes) involving species displaying similar coordination features, and we outline their potential development in several disciplines.<\/p>\n<p>&nbsp;<\/p>\n","protected":false},"excerpt":{"rendered":"<p>My research interests at the Chemistry Laboratory of ENS Lyon are directed towards \u03c0-conjugated molecules with optical and electrochemical properties, their supramolecular self-assembly and functional materials with switchable properties (gels, liquid crystals, surfaces&#8230;). Supramolecular Chemistry &amp; Chemical Biology Group Webpage Selected articles Reversible Self-assembly of a Viologen-based Supramolecular Gel Network under Electrochemical Control Our article [&hellip;]<\/p>\n","protected":false},"author":2,"featured_media":0,"parent":0,"menu_order":4,"comment_status":"closed","ping_status":"closed","template":"","meta":{"footnotes":""},"class_list":["post-149","page","type-page","status-publish","hentry"],"_links":{"self":[{"href":"https:\/\/perso.ens-lyon.fr\/denis.frath\/wp-json\/wp\/v2\/pages\/149","targetHints":{"allow":["GET"]}}],"collection":[{"href":"https:\/\/perso.ens-lyon.fr\/denis.frath\/wp-json\/wp\/v2\/pages"}],"about":[{"href":"https:\/\/perso.ens-lyon.fr\/denis.frath\/wp-json\/wp\/v2\/types\/page"}],"author":[{"embeddable":true,"href":"https:\/\/perso.ens-lyon.fr\/denis.frath\/wp-json\/wp\/v2\/users\/2"}],"replies":[{"embeddable":true,"href":"https:\/\/perso.ens-lyon.fr\/denis.frath\/wp-json\/wp\/v2\/comments?post=149"}],"version-history":[{"count":47,"href":"https:\/\/perso.ens-lyon.fr\/denis.frath\/wp-json\/wp\/v2\/pages\/149\/revisions"}],"predecessor-version":[{"id":695,"href":"https:\/\/perso.ens-lyon.fr\/denis.frath\/wp-json\/wp\/v2\/pages\/149\/revisions\/695"}],"wp:attachment":[{"href":"https:\/\/perso.ens-lyon.fr\/denis.frath\/wp-json\/wp\/v2\/media?parent=149"}],"curies":[{"name":"wp","href":"https:\/\/api.w.org\/{rel}","templated":true}]}}