{"id":26,"date":"2016-01-17T18:33:17","date_gmt":"2016-01-17T17:33:17","guid":{"rendered":"http:\/\/perso.ens-lyon.fr\/ghys\/?page_id=26"},"modified":"2025-01-24T22:02:11","modified_gmt":"2025-01-24T21:02:11","slug":"cv-2","status":"publish","type":"page","link":"https:\/\/perso.ens-lyon.fr\/ghys\/cv-2\/","title":{"rendered":"CV"},"content":{"rendered":"<ul>\n<li>born in Lille (France),\u00a0<a href=\"http:\/\/geometrie.math.cnrs.fr\/english.html\" class=\"broken_link\">December 29th 1954<\/a>.<img loading=\"lazy\" decoding=\"async\" class=\"alignnone size-full wp-image-518\" src=\"https:\/\/perso.ens-lyon.fr\/ghys\/wp-content\/uploads\/2016\/01\/fourmi.gif\" alt=\"fourmi\" width=\"100\" height=\"75\" \/><\/li>\n<li>married, two (lovely) children and two cute grand-daughters.<\/li>\n<\/ul>\n<h3>Education<\/h3>\n<ul>\n<li>Classes pr\u00e9paratoire, lyc\u00e9e Faidherbe, Lille, 1972-1974.<\/li>\n<li>ENS St Cloud, 1974-1978.<\/li>\n<li>Licence Orsay, 1975.<\/li>\n<li>Ma\u00eetrise, Lille, 1976.<\/li>\n<li>Agr\u00e9gation, 1977.<\/li>\n<li>Th\u00e8se de troisi\u00e8me cycle, Lille, 1979.<\/li>\n<li>Habilitation \u00e0 diriger des recherches, Lille 1986.<\/li>\n<\/ul>\n<h3>Positions<\/h3>\n<ul>\n<li>Attach\u00e9 de recherche\u00a0<a href=\"http:\/\/www.cnrs.fr\/\">CNRS<\/a>, 1978-1979 and 1981-1982, URA 751 Lille.<\/li>\n<li><a href=\"https:\/\/impa.br\" class=\"broken_link\">IMPA<\/a>\u00a0Rio de Janeiro, 1979-1981.<\/li>\n<li>Assistant Professor\u00a0<a href=\"https:\/\/www.gc.cuny.edu\/mathematics\" class=\"broken_link\">CUNY<\/a>, New York, 1982-1983.<\/li>\n<li>Charg\u00e9 de recherche\u00a0<a href=\"http:\/\/www.cnrs.fr\/\">CNRS<\/a>, 1983-1988, URA 751 Lille.<\/li>\n<li>Directeur de recherche\u00a0<a href=\"http:\/\/www.cnrs.fr\/\">CNRS<\/a>, since 1988, UMR 128 then UMR 5669, ENS Lyon.<\/li>\n<li>Directeur de recherche \u00e9m\u00e9rite <a href=\"http:\/\/www.cnrs.fr\/\">CNRS<\/a>, since 2022.<\/li>\n<\/ul>\n<h3>Administration<\/h3>\n<ul>\n<li>Former chairman of\u00a0<a href=\"http:\/\/www.umpa.ens-lyon.fr\/\" class=\"broken_link\">UMPA<\/a>\u00a0(UMR 5669) (from 1998 to 2002).<\/li>\n<li>Member of many hiring committees, scientific committees etc&#8230;<\/li>\n<li>Member \u00ab\u00a0panel dynamical systems\u00a0\u00bb ICM 2002 (Beijing), \u00ab\u00a0program committee\u00a0\u00bb ICM 2010 (Hyderabad), \u00ab\u00a0Fields committee\u00a0\u00bb ICM 2014 (Seoul).<\/li>\n<li>Member of\u00a0<a href=\"http:\/\/www.cnrs.fr\/comitenational\/\">Comit\u00e9 National de la Recherche Scientifique<\/a>\u00a0(from 2006 to 2008).<\/li>\n<li>Local head of ANR\u00a0Symplex\u00a0(2006-2009).<\/li>\n<li>Chair of the\u00a0<a href=\"http:\/\/www.academie-sciences.fr\/fr\/Listes-par-section-scientifique\/section-mathematique.html\">section de math\u00e9matiques<\/a>\u00a0de l&rsquo;Ac\u00e9d\u00e9mie des Sciences (2008-2010).<\/li>\n<li>Member of the \u00ab\u00a0comit\u00e9 restreint de l&rsquo;Acad\u00e9mie des Sciences\u00a0\u00bb (2008-2012).<\/li>\n<li>Member of the<a href=\"http:\/\/www.balzan.org\/en\/about-us\" class=\"broken_link\">\u00a0Balzan<\/a>\u00a0prize committee (since 2007).<\/li>\n<li>Pr\u00e9sident of the \u00ab\u00a0commission pour l&rsquo;enseignement des sciences de l&rsquo;Acad\u00e9mie\u00a0\u00bb (2013-2017).<\/li>\n<li>Member of the\u00a0<a href=\"http:\/\/www.cnrs.fr\/comitenational\/contact\/annuaire.php?inst=128\">scientific committee of INSMI\u00a0<\/a>(since 2015).<\/li>\n<li>Membre du <a href=\"https:\/\/fr.wikipedia.org\/wiki\/Conseil_scientifique_de_l%27\u00c9ducation_nationale\" class=\"broken_link\">conseil scientifique du minist\u00e8re de l&rsquo;\u00e9ducation nationale<\/a>, (since 2018).<\/li>\n<li>Membre du conseil scientifique de <a href=\"https:\/\/www.fondation-lamap.org\" class=\"broken_link\">la Main \u00e0 la P\u00e2te<\/a> (2018-2019).<\/li>\n<li>Membre du conseil administration de <a href=\"https:\/\/www.fondation-lamap.org\" class=\"broken_link\">la Main \u00e0 la P\u00e2te<\/a> (2022&#8211;).<\/li>\n<\/ul>\n<p>(and more&#8230;)<\/p>\n<h3>Awards<\/h3>\n<ul>\n<li><a href=\"http:\/\/www.academie-sciences.fr\/archivage_site\/activite\/prix\/laureat_servant_phys.pdf\" class=\"broken_link\">Prix Servant<\/a>,\u00a0<a href=\"http:\/\/www.academie-sciences.fr\/\">Acad\u00e9mie des Sciences,<\/a>\u00a01990.<\/li>\n<li>Invited speaker International Congress of mathematicians, Kyoto, 1990.<\/li>\n<li>Silver medal\u00a0<a href=\"http:\/\/www.cnrs.fr\/\">CNRS<\/a>, 1991.<\/li>\n<li>Corresponding member\u00a0<a href=\"http:\/\/www.academie-sciences.fr\/\">Acad\u00e9mie des Sciences<\/a>, 1994.<\/li>\n<li>Corresponding member\u00a0<a href=\"https:\/\/amc.edu.mx\/amc\/\" class=\"broken_link\">Academia Mexicana de Ciencias<\/a>, 2002.<\/li>\n<li>Member\u00a0<a href=\"http:\/\/www.academie-sciences.fr\/\">Acad\u00e9mie des Sciences<\/a>, 2005.<\/li>\n<li>Plenary speaker\u00a0<a href=\"https:\/\/www.mathunion.org\/icm\/icm-videos\/icm-2006-videos-madrid-spain\/icm-madrid-videos-24082006\" class=\"broken_link\">International Congress of mathematicians, Madrid<\/a>, 2006.<\/li>\n<li>Docteur\u00a0honoris causa,\u00a0<a href=\"https:\/\/www.unige.ch\/math\/\" class=\"broken_link\">Geneva University<\/a>, 2008.<\/li>\n<li>Medal of the\u00a0<a href=\"http:\/\/www.tms.rnu.tn\" class=\"broken_link\">Soci\u00e9t\u00e9 math\u00e9matique tunisienne<\/a>, 2010.<\/li>\n<li><a href=\"https:\/\/smf.emath.fr\/la-smf\/prix-dalembert\" class=\"broken_link\">Prix d&rsquo;Alembert,<\/a>\u00a0SMF (with Alvarez and Leys), 2010.<\/li>\n<li>Audio book award 2011 \u00ab\u00a0<a href=\"http:\/\/www.liredanslenoir.com\/\" class=\"broken_link\">Lire dans le noir<\/a>\u00a0\u00bb for \u00ab\u00a0<a href=\"http:\/\/devivevoix.com\/sciences\/la-theorie-du-chaos-etienne-ghys\" class=\"broken_link\">la th\u00e9orie du chaos<\/a>\u00a0\u00bb.<\/li>\n<li>Chevalier de la l\u00e9gion d&rsquo;honneur, 2012.<\/li>\n<li>Plenary speaker\u00a0<a href=\"https:\/\/www.mathunion.org\/fileadmin\/ICMI\/Conferences\/ICME\/ICME12\/www.icme12.org\/sub\/sub01_01.html\" class=\"broken_link\">International Congress of mathematical education<\/a>, ICME 2012, S\u00e9oul.<\/li>\n<li>Member\u00a0<a href=\"https:\/\/academie-sbla-lyon.fr\" class=\"broken_link\">Acad\u00e9mie des Sciences, belles-lettres et arts de Lyon<\/a>, since 2012.<\/li>\n<li>Member l&rsquo;<a href=\"http:\/\/www.ae-info.org\" class=\"broken_link\">Academia Europaea<\/a>, since 2013.<\/li>\n<li>Member\u00a0<a href=\"http:\/\/www.cnfhpst.org\" class=\"broken_link\">Comit\u00e9 Fran\u00e7ais d&rsquo;Histoire et de Philosophie des Sciences<\/a>, since 2013.<\/li>\n<li>Invited speaker\u00a0<a href=\"http:\/\/www.icm2014.org\" class=\"broken_link\">International Congress of mathematicians<\/a>, ICM 2014.<\/li>\n<li>Corresponding Member\u00a0<a href=\"http:\/\/www.abc.org.br\/\" class=\"broken_link\">Academia Brasileira de Ciencias<\/a>, 2014.<\/li>\n<li>Honorary Member\u00a0<a href=\"http:\/\/www.sbm.org.br\/\" class=\"broken_link\">Sociedade Brasileira de Matem\u00e1tica<\/a>, 2015.<\/li>\n<li><a href=\"https:\/\/www.claymath.org\/dissemination-award\/#:~:text=It%20is%20to%20be%20awarded,to%20the%20public%20at%20large.\" class=\"broken_link\">Clay award for dissemination of mathematical knowledge<\/a>, 2015.<\/li>\n<li>Elected <a href=\"https:\/\/www.lms.ac.uk\/membership\/honorary-members\" class=\"broken_link\">Honorary Member, London Mathematical Society<\/a>, 2017.<\/li>\n<li>Docteur Honoris Causa, Neuch\u00e2tel University, 2018.<\/li>\n<li>Elected <a href=\"http:\/\/www.academie-sciences.fr\/fr\/Communiques-de-presse\/communique-de-presse-etienne-ghys-elu-secretaire-perpetuel-de-l-academie-des-sciences.html\">Secr\u00e9taire perp\u00e9tuel<\/a> (premi\u00e8re division) acad\u00e9mie des sciences, 2019.<\/li>\n<li>Prix <a href=\"https:\/\/www.enseignementsup-recherche.gouv.fr\/fr\/13e-edition-du-prix-le-gout-des-sciences-annonce-des-laureats-86035\">Le go\u00fbt des sciences<\/a>, Minist\u00e8re Recherche et Enseignement Sup\u00e9rieur, 2022.<\/li>\n<li><a href=\"https:\/\/www.insmi.cnrs.fr\/fr\/cnrsinfo\/etienne-ghys-medaille-de-la-mediation-scientifique-2022\">M\u00e9daille de la m\u00e9diation scientifique<\/a>, CNRS, 2022.<\/li>\n<li><a href=\"https:\/\/twitter.com\/Scube_CST\/status\/1665021896017018881\/photo\/1\" boundary=\"true\" class=\"broken_link\">Prix du livre scientifique,<\/a> 2013.<\/li>\n<li><a href=\"https:\/\/www.tropheestangente.com\/PTL2023.php\" boundary=\"true\" class=\"broken_link\">Prix Tangente des lyc\u00e9ens,<\/a> 2023.<\/li>\n<li><a href=\"https:\/\/www.legiondhonneur.fr\/sites\/default\/files\/2024-10\/onm-20231130.pdf\" class=\"broken_link\">Officier de l&rsquo;ordre du M\u00e9rite<\/a>, 2024<\/li>\n<li><a href=\"https:\/\/www.culture.gouv.fr\/nous-connaitre\/organisation-du-ministere\/Conseil-de-l-Ordre-des-Arts-et-des-Lettres\/Arretes-de-Nominations-dans-l-ordre-des-Arts-et-des-Lettres\/nomination-dans-l-ordre-des-arts-et-des-lettres-hiver-2024\" class=\"broken_link\">Commandeur des Arts et des Lettres<\/a>, 2024<\/li>\n<\/ul>\n","protected":false},"excerpt":{"rendered":"<p>born in Lille (France),\u00a0December 29th 1954. married, two (lovely) children and two cute grand-daughters. Education Classes pr\u00e9paratoire, lyc\u00e9e Faidherbe, Lille, 1972-1974. ENS St Cloud, 1974-1978. Licence Orsay, 1975. Ma\u00eetrise, Lille, 1976. Agr\u00e9gation, 1977. Th\u00e8se de troisi\u00e8me cycle, Lille, 1979. Habilitation \u00e0 diriger des recherches, Lille 1986. Positions Attach\u00e9 de recherche\u00a0CNRS, 1978-1979 and 1981-1982, URA 751 &hellip; <a href=\"https:\/\/perso.ens-lyon.fr\/ghys\/cv-2\/\" class=\"more-link\">Continuer la lecture de <span class=\"screen-reader-text\">CV<\/span> <span class=\"meta-nav\">&rarr;<\/span><\/a><\/p>\n","protected":false},"author":1,"featured_media":0,"parent":0,"menu_order":0,"comment_status":"closed","ping_status":"closed","template":"","meta":{"_uag_custom_page_level_css":"","ub_ctt_via":"","_exactmetrics_skip_tracking":false,"_exactmetrics_sitenote_active":false,"_exactmetrics_sitenote_note":"","_exactmetrics_sitenote_category":0,"episode_type":"","audio_file":"","cover_image":"","cover_image_id":"","duration":"","filesize":"","date_recorded":"","explicit":"","block":"","itunes_episode_number":"","itunes_title":"","itunes_season_number":"","itunes_episode_type":"","filesize_raw":"","footnotes":""},"class_list":["post-26","page","type-page","status-publish","hentry"],"featured_image_src":null,"yoast_head":"<!-- This site is optimized with the Yoast SEO plugin v25.4 - https:\/\/yoast.com\/wordpress\/plugins\/seo\/ -->\n<title>CV - \u00c9tienne Ghys<\/title>\n<meta name=\"robots\" content=\"index, follow, max-snippet:-1, max-image-preview:large, max-video-preview:-1\" \/>\n<link rel=\"canonical\" href=\"https:\/\/perso.ens-lyon.fr\/ghys\/cv-2\/\" \/>\n<meta property=\"og:locale\" content=\"fr_FR\" \/>\n<meta property=\"og:type\" content=\"article\" \/>\n<meta property=\"og:title\" content=\"CV - \u00c9tienne Ghys\" \/>\n<meta property=\"og:description\" content=\"born in Lille (France),\u00a0December 29th 1954. married, two (lovely) children and two cute grand-daughters. Education Classes pr\u00e9paratoire, lyc\u00e9e Faidherbe, Lille, 1972-1974. ENS St Cloud, 1974-1978. Licence Orsay, 1975. Ma\u00eetrise, Lille, 1976. Agr\u00e9gation, 1977. Th\u00e8se de troisi\u00e8me cycle, Lille, 1979. Habilitation \u00e0 diriger des recherches, Lille 1986. Positions Attach\u00e9 de recherche\u00a0CNRS, 1978-1979 and 1981-1982, URA 751 &hellip; Continuer la lecture de CV &rarr;\" \/>\n<meta property=\"og:url\" content=\"https:\/\/perso.ens-lyon.fr\/ghys\/cv-2\/\" \/>\n<meta property=\"og:site_name\" content=\"\u00c9tienne Ghys\" \/>\n<meta property=\"article:modified_time\" content=\"2025-01-24T21:02:11+00:00\" \/>\n<meta property=\"og:image\" content=\"http:\/\/perso.ens-lyon.fr\/ghys\/wp-content\/uploads\/2016\/01\/fourmi.gif\" \/>\n<meta name=\"twitter:card\" content=\"summary_large_image\" \/>\n<meta name=\"twitter:label1\" content=\"Dur\u00e9e de lecture estim\u00e9e\" \/>\n\t<meta name=\"twitter:data1\" content=\"3 minutes\" \/>\n<script type=\"application\/ld+json\" class=\"yoast-schema-graph\">{\"@context\":\"https:\/\/schema.org\",\"@graph\":[{\"@type\":\"WebPage\",\"@id\":\"https:\/\/perso.ens-lyon.fr\/ghys\/cv-2\/\",\"url\":\"https:\/\/perso.ens-lyon.fr\/ghys\/cv-2\/\",\"name\":\"CV - \u00c9tienne Ghys\",\"isPartOf\":{\"@id\":\"https:\/\/perso.ens-lyon.fr\/ghys\/#website\"},\"primaryImageOfPage\":{\"@id\":\"https:\/\/perso.ens-lyon.fr\/ghys\/cv-2\/#primaryimage\"},\"image\":{\"@id\":\"https:\/\/perso.ens-lyon.fr\/ghys\/cv-2\/#primaryimage\"},\"thumbnailUrl\":\"http:\/\/perso.ens-lyon.fr\/ghys\/wp-content\/uploads\/2016\/01\/fourmi.gif\",\"datePublished\":\"2016-01-17T17:33:17+00:00\",\"dateModified\":\"2025-01-24T21:02:11+00:00\",\"breadcrumb\":{\"@id\":\"https:\/\/perso.ens-lyon.fr\/ghys\/cv-2\/#breadcrumb\"},\"inLanguage\":\"fr-FR\",\"potentialAction\":[{\"@type\":\"ReadAction\",\"target\":[\"https:\/\/perso.ens-lyon.fr\/ghys\/cv-2\/\"]}]},{\"@type\":\"ImageObject\",\"inLanguage\":\"fr-FR\",\"@id\":\"https:\/\/perso.ens-lyon.fr\/ghys\/cv-2\/#primaryimage\",\"url\":\"http:\/\/perso.ens-lyon.fr\/ghys\/wp-content\/uploads\/2016\/01\/fourmi.gif\",\"contentUrl\":\"http:\/\/perso.ens-lyon.fr\/ghys\/wp-content\/uploads\/2016\/01\/fourmi.gif\"},{\"@type\":\"BreadcrumbList\",\"@id\":\"https:\/\/perso.ens-lyon.fr\/ghys\/cv-2\/#breadcrumb\",\"itemListElement\":[{\"@type\":\"ListItem\",\"position\":1,\"name\":\"Accueil\",\"item\":\"https:\/\/perso.ens-lyon.fr\/ghys\/accueil\/\"},{\"@type\":\"ListItem\",\"position\":2,\"name\":\"CV\"}]},{\"@type\":\"WebSite\",\"@id\":\"https:\/\/perso.ens-lyon.fr\/ghys\/#website\",\"url\":\"https:\/\/perso.ens-lyon.fr\/ghys\/\",\"name\":\"\u00c9tienne Ghys\",\"description\":\"\",\"potentialAction\":[{\"@type\":\"SearchAction\",\"target\":{\"@type\":\"EntryPoint\",\"urlTemplate\":\"https:\/\/perso.ens-lyon.fr\/ghys\/?s={search_term_string}\"},\"query-input\":{\"@type\":\"PropertyValueSpecification\",\"valueRequired\":true,\"valueName\":\"search_term_string\"}}],\"inLanguage\":\"fr-FR\"}]}<\/script>\n<!-- \/ Yoast SEO plugin. -->","yoast_head_json":{"title":"CV - \u00c9tienne Ghys","robots":{"index":"index","follow":"follow","max-snippet":"max-snippet:-1","max-image-preview":"max-image-preview:large","max-video-preview":"max-video-preview:-1"},"canonical":"https:\/\/perso.ens-lyon.fr\/ghys\/cv-2\/","og_locale":"fr_FR","og_type":"article","og_title":"CV - \u00c9tienne Ghys","og_description":"born in Lille (France),\u00a0December 29th 1954. married, two (lovely) children and two cute grand-daughters. Education Classes pr\u00e9paratoire, lyc\u00e9e Faidherbe, Lille, 1972-1974. ENS St Cloud, 1974-1978. Licence Orsay, 1975. Ma\u00eetrise, Lille, 1976. Agr\u00e9gation, 1977. Th\u00e8se de troisi\u00e8me cycle, Lille, 1979. Habilitation \u00e0 diriger des recherches, Lille 1986. Positions Attach\u00e9 de recherche\u00a0CNRS, 1978-1979 and 1981-1982, URA 751 &hellip; Continuer la lecture de CV &rarr;","og_url":"https:\/\/perso.ens-lyon.fr\/ghys\/cv-2\/","og_site_name":"\u00c9tienne Ghys","article_modified_time":"2025-01-24T21:02:11+00:00","og_image":[{"url":"http:\/\/perso.ens-lyon.fr\/ghys\/wp-content\/uploads\/2016\/01\/fourmi.gif","type":"","width":"","height":""}],"twitter_card":"summary_large_image","twitter_misc":{"Dur\u00e9e de lecture estim\u00e9e":"3 minutes"},"schema":{"@context":"https:\/\/schema.org","@graph":[{"@type":"WebPage","@id":"https:\/\/perso.ens-lyon.fr\/ghys\/cv-2\/","url":"https:\/\/perso.ens-lyon.fr\/ghys\/cv-2\/","name":"CV - \u00c9tienne Ghys","isPartOf":{"@id":"https:\/\/perso.ens-lyon.fr\/ghys\/#website"},"primaryImageOfPage":{"@id":"https:\/\/perso.ens-lyon.fr\/ghys\/cv-2\/#primaryimage"},"image":{"@id":"https:\/\/perso.ens-lyon.fr\/ghys\/cv-2\/#primaryimage"},"thumbnailUrl":"http:\/\/perso.ens-lyon.fr\/ghys\/wp-content\/uploads\/2016\/01\/fourmi.gif","datePublished":"2016-01-17T17:33:17+00:00","dateModified":"2025-01-24T21:02:11+00:00","breadcrumb":{"@id":"https:\/\/perso.ens-lyon.fr\/ghys\/cv-2\/#breadcrumb"},"inLanguage":"fr-FR","potentialAction":[{"@type":"ReadAction","target":["https:\/\/perso.ens-lyon.fr\/ghys\/cv-2\/"]}]},{"@type":"ImageObject","inLanguage":"fr-FR","@id":"https:\/\/perso.ens-lyon.fr\/ghys\/cv-2\/#primaryimage","url":"http:\/\/perso.ens-lyon.fr\/ghys\/wp-content\/uploads\/2016\/01\/fourmi.gif","contentUrl":"http:\/\/perso.ens-lyon.fr\/ghys\/wp-content\/uploads\/2016\/01\/fourmi.gif"},{"@type":"BreadcrumbList","@id":"https:\/\/perso.ens-lyon.fr\/ghys\/cv-2\/#breadcrumb","itemListElement":[{"@type":"ListItem","position":1,"name":"Accueil","item":"https:\/\/perso.ens-lyon.fr\/ghys\/accueil\/"},{"@type":"ListItem","position":2,"name":"CV"}]},{"@type":"WebSite","@id":"https:\/\/perso.ens-lyon.fr\/ghys\/#website","url":"https:\/\/perso.ens-lyon.fr\/ghys\/","name":"\u00c9tienne Ghys","description":"","potentialAction":[{"@type":"SearchAction","target":{"@type":"EntryPoint","urlTemplate":"https:\/\/perso.ens-lyon.fr\/ghys\/?s={search_term_string}"},"query-input":{"@type":"PropertyValueSpecification","valueRequired":true,"valueName":"search_term_string"}}],"inLanguage":"fr-FR"}]}},"uagb_featured_image_src":{"full":false,"thumbnail":false,"medium":false,"medium_large":false,"large":false,"1536x1536":false,"2048x2048":false,"post-thumbnail":false},"uagb_author_info":{"display_name":"ghys","author_link":"https:\/\/perso.ens-lyon.fr\/ghys\/author\/ghys\/"},"uagb_comment_info":0,"uagb_excerpt":"born in Lille (France),\u00a0December 29th 1954. married, two (lovely) children and two cute grand-daughters. Education Classes pr\u00e9paratoire, lyc\u00e9e Faidherbe, Lille, 1972-1974. ENS St Cloud, 1974-1978. Licence Orsay, 1975. Ma\u00eetrise, Lille, 1976. Agr\u00e9gation, 1977. Th\u00e8se de troisi\u00e8me cycle, Lille, 1979. Habilitation \u00e0 diriger des recherches, Lille 1986. Positions Attach\u00e9 de recherche\u00a0CNRS, 1978-1979 and 1981-1982, URA 751\u2026","_links":{"self":[{"href":"https:\/\/perso.ens-lyon.fr\/ghys\/wp-json\/wp\/v2\/pages\/26","targetHints":{"allow":["GET"]}}],"collection":[{"href":"https:\/\/perso.ens-lyon.fr\/ghys\/wp-json\/wp\/v2\/pages"}],"about":[{"href":"https:\/\/perso.ens-lyon.fr\/ghys\/wp-json\/wp\/v2\/types\/page"}],"author":[{"embeddable":true,"href":"https:\/\/perso.ens-lyon.fr\/ghys\/wp-json\/wp\/v2\/users\/1"}],"replies":[{"embeddable":true,"href":"https:\/\/perso.ens-lyon.fr\/ghys\/wp-json\/wp\/v2\/comments?post=26"}],"version-history":[{"count":41,"href":"https:\/\/perso.ens-lyon.fr\/ghys\/wp-json\/wp\/v2\/pages\/26\/revisions"}],"predecessor-version":[{"id":2663,"href":"https:\/\/perso.ens-lyon.fr\/ghys\/wp-json\/wp\/v2\/pages\/26\/revisions\/2663"}],"wp:attachment":[{"href":"https:\/\/perso.ens-lyon.fr\/ghys\/wp-json\/wp\/v2\/media?parent=26"}],"curies":[{"name":"wp","href":"https:\/\/api.w.org\/{rel}","templated":true}]}}