{"id":34,"date":"2016-01-17T18:36:07","date_gmt":"2016-01-17T17:36:07","guid":{"rendered":"http:\/\/perso.ens-lyon.fr\/ghys\/?page_id=34"},"modified":"2021-05-19T16:59:39","modified_gmt":"2021-05-19T15:59:39","slug":"edition-2","status":"publish","type":"page","link":"https:\/\/perso.ens-lyon.fr\/ghys\/edition-2\/","title":{"rendered":"Edition"},"content":{"rendered":"\n<h4 class=\"wp-block-heading\">Journals<\/h4>\n\n\n\n<ul class=\"wp-block-list\"><li>R\u00e9dacteur en chef des\u00a0<a href=\"https:\/\/comptes-rendus.academie-sciences.fr\/mathematique\">Comptes Rendus Math\u00e9matiques de l&rsquo;Acad\u00e9mie des Sciences<\/a>\u00a0(depuis 2019, membre depuis 1994).<\/li><li>Membre du comit\u00e9 de r\u00e9daction de\u00a0<a href=\"https:\/\/ensaios.sbm.org.br\" class=\"broken_link\">Ensaios Matem\u00e1ticos<\/a>\u00a0de la\u00a0<a href=\"http:\/\/www.sbm.org.br\/\" class=\"broken_link\">Sociedade Brasileira de Matem\u00e1tica<\/a>\u00a0(depuis 2003).<\/li><li>Membre du comit\u00e9 de r\u00e9daction de\u00a0<a href=\"https:\/\/smf.emath.fr\/publications\/documents-mathematiques\" class=\"broken_link\">Documents Math\u00e9matiques\u00a0<\/a>(depuis 2017).<\/li><\/ul>\n\n\n\n<h4 class=\"wp-block-heading\">Past participations<\/h4>\n\n\n\n<ul class=\"wp-block-list\"><li>Membre du comit\u00e9 de r\u00e9daction de&nbsp;<a href=\"http:\/\/www.ems-ph.org\/journals\/journal.php?jrn=cmh\" class=\"broken_link\">Commentarii Mathematici Helvetici&nbsp;<\/a>(1992-2002)<\/li><li>Membre du comit\u00e9 de r\u00e9daction de&nbsp;<a href=\"http:\/\/afst.cedram.org\/\" class=\"broken_link\">Annales de la Facult\u00e9 des Sciences de Toulouse<\/a>&nbsp;(1992-1998)<\/li><li>Membre du comit\u00e9 de r\u00e9daction de&nbsp;<a href=\"https:\/\/smf.emath.fr\/publications\/asterisque\" class=\"broken_link\">Ast\u00e9risque<\/a>&nbsp;(1992-1998)<\/li><li>Membre du comit\u00e9 de r\u00e9daction de&nbsp;<a href=\"http:\/\/journals.cambridge.org\/action\/displayJournal?jid=ETS\" class=\"broken_link\">Ergodic Theory and Dynamical Systems<\/a>&nbsp;(1998-2002)<\/li><li>R\u00e9dacteur en chef des&nbsp;<a href=\"http:\/\/www.ihes.fr\/jsp\/site\/Portal.jsp?page_id=29\" class=\"broken_link\">Publications Math\u00e9matiques de l&rsquo;IH\u00c9S<\/a>&nbsp;(1999-2009)<\/li><li>Editor de Research Notes in Mathematics, AK Peters (2005-2010).<\/li><li>Membre du comit\u00e9 de r\u00e9daction de&nbsp;<a href=\"http:\/\/www.math.tamu.edu\/journals\/ggd\/\" class=\"broken_link\">Groups, Geometry and Dynamics<\/a>, de l&rsquo;<a href=\"euromathsoc.org\" class=\"broken_link\">European Mathematical Society<\/a>&nbsp;(2006-2013).<\/li><li>Membre du comit\u00e9 de r\u00e9daction de la&nbsp;<a href=\"https:\/\/smf.emath.fr\/node\/28255\" class=\"broken_link\">Revue d&rsquo;histoire des math\u00e9matiques<\/a>, de la&nbsp;<a href=\"http:\/\/smf.emath.fr\/\" class=\"broken_link\">Soci\u00e9t\u00e9 Math\u00e9matique de France<\/a>&nbsp;(2002-2014).<\/li><li>Associate editor du&nbsp;<a href=\"http:\/\/projecteuclid.org\/Dienst\/UI\/1.0\/Journal?authority=euclid.nmj&amp;issue=1157490978\" class=\"broken_link\">Nagoya Journal of Mathematics<\/a>&nbsp;(2003-2014).<\/li><li>R\u00e9dacteur en chef de&nbsp;<a href=\"http:\/\/images.math.cnrs.fr\/\">Images des Math\u00e9matiques<\/a>&nbsp;(2009-2014).<\/li><li>Associate editor&nbsp;<a href=\"https:\/\/annals.math.princeton.edu\" class=\"broken_link\">Annals of Mathematics<\/a>&nbsp;(2013-2019).<\/li><li>Membre du comit\u00e9 de r\u00e9daction de&nbsp;<a href=\"http:\/\/www.worldscientific.com\/worldscinet\/cm\" class=\"broken_link\">Confluentes Mathematici<\/a>&nbsp;(2008-2019).<\/li><li>Associate editor de&nbsp;<a href=\"https:\/\/www.dukeupress.edu\/Duke-Mathematical-Journal\/\" class=\"broken_link\">Duke Mathematical Journal<\/a>&nbsp;(2010-2019).<\/li><li>Editorial board&nbsp;<a href=\"http:\/\/msp.org\/gt\/about\/journal\/about.html\" class=\"broken_link\">Geometry and Topology&nbsp;<\/a>(2017-2019).<\/li><\/ul>\n","protected":false},"excerpt":{"rendered":"<p>Journals R\u00e9dacteur en chef des\u00a0Comptes Rendus Math\u00e9matiques de l&rsquo;Acad\u00e9mie des Sciences\u00a0(depuis 2019, membre depuis 1994). Membre du comit\u00e9 de r\u00e9daction de\u00a0Ensaios Matem\u00e1ticos\u00a0de la\u00a0Sociedade Brasileira de Matem\u00e1tica\u00a0(depuis 2003). Membre du comit\u00e9 de r\u00e9daction de\u00a0Documents Math\u00e9matiques\u00a0(depuis 2017). Past participations Membre du comit\u00e9 de r\u00e9daction de&nbsp;Commentarii Mathematici Helvetici&nbsp;(1992-2002) Membre du comit\u00e9 de r\u00e9daction de&nbsp;Annales de la Facult\u00e9 des &hellip; <a href=\"https:\/\/perso.ens-lyon.fr\/ghys\/edition-2\/\" class=\"more-link\">Continuer la lecture de <span class=\"screen-reader-text\">Edition<\/span> <span class=\"meta-nav\">&rarr;<\/span><\/a><\/p>\n","protected":false},"author":1,"featured_media":0,"parent":0,"menu_order":0,"comment_status":"closed","ping_status":"closed","template":"","meta":{"_uag_custom_page_level_css":"","ub_ctt_via":"","_exactmetrics_skip_tracking":false,"_exactmetrics_sitenote_active":false,"_exactmetrics_sitenote_note":"","_exactmetrics_sitenote_category":0,"episode_type":"","audio_file":"","cover_image":"","cover_image_id":"","duration":"","filesize":"","date_recorded":"","explicit":"","block":"","itunes_episode_number":"","itunes_title":"","itunes_season_number":"","itunes_episode_type":"","filesize_raw":"","footnotes":""},"class_list":["post-34","page","type-page","status-publish","hentry"],"featured_image_src":null,"yoast_head":"<!-- This site is optimized with the Yoast SEO plugin v25.4 - https:\/\/yoast.com\/wordpress\/plugins\/seo\/ -->\n<title>Edition - \u00c9tienne Ghys<\/title>\n<meta name=\"robots\" content=\"index, follow, max-snippet:-1, max-image-preview:large, max-video-preview:-1\" \/>\n<link rel=\"canonical\" href=\"https:\/\/perso.ens-lyon.fr\/ghys\/edition-2\/\" \/>\n<meta property=\"og:locale\" content=\"fr_FR\" \/>\n<meta property=\"og:type\" content=\"article\" \/>\n<meta property=\"og:title\" content=\"Edition - \u00c9tienne Ghys\" \/>\n<meta property=\"og:description\" content=\"Journals R\u00e9dacteur en chef des\u00a0Comptes Rendus Math\u00e9matiques de l&rsquo;Acad\u00e9mie des Sciences\u00a0(depuis 2019, membre depuis 1994). Membre du comit\u00e9 de r\u00e9daction de\u00a0Ensaios Matem\u00e1ticos\u00a0de la\u00a0Sociedade Brasileira de Matem\u00e1tica\u00a0(depuis 2003). Membre du comit\u00e9 de r\u00e9daction de\u00a0Documents Math\u00e9matiques\u00a0(depuis 2017). Past participations Membre du comit\u00e9 de r\u00e9daction de&nbsp;Commentarii Mathematici Helvetici&nbsp;(1992-2002) Membre du comit\u00e9 de r\u00e9daction de&nbsp;Annales de la Facult\u00e9 des &hellip; Continuer la lecture de Edition &rarr;\" \/>\n<meta property=\"og:url\" content=\"https:\/\/perso.ens-lyon.fr\/ghys\/edition-2\/\" \/>\n<meta property=\"og:site_name\" content=\"\u00c9tienne Ghys\" \/>\n<meta property=\"article:modified_time\" content=\"2021-05-19T15:59:39+00:00\" \/>\n<meta name=\"twitter:card\" content=\"summary_large_image\" \/>\n<meta name=\"twitter:label1\" content=\"Dur\u00e9e de lecture estim\u00e9e\" \/>\n\t<meta name=\"twitter:data1\" content=\"1 minute\" \/>\n<script type=\"application\/ld+json\" class=\"yoast-schema-graph\">{\"@context\":\"https:\/\/schema.org\",\"@graph\":[{\"@type\":\"WebPage\",\"@id\":\"https:\/\/perso.ens-lyon.fr\/ghys\/edition-2\/\",\"url\":\"https:\/\/perso.ens-lyon.fr\/ghys\/edition-2\/\",\"name\":\"Edition - \u00c9tienne Ghys\",\"isPartOf\":{\"@id\":\"https:\/\/perso.ens-lyon.fr\/ghys\/#website\"},\"datePublished\":\"2016-01-17T17:36:07+00:00\",\"dateModified\":\"2021-05-19T15:59:39+00:00\",\"breadcrumb\":{\"@id\":\"https:\/\/perso.ens-lyon.fr\/ghys\/edition-2\/#breadcrumb\"},\"inLanguage\":\"fr-FR\",\"potentialAction\":[{\"@type\":\"ReadAction\",\"target\":[\"https:\/\/perso.ens-lyon.fr\/ghys\/edition-2\/\"]}]},{\"@type\":\"BreadcrumbList\",\"@id\":\"https:\/\/perso.ens-lyon.fr\/ghys\/edition-2\/#breadcrumb\",\"itemListElement\":[{\"@type\":\"ListItem\",\"position\":1,\"name\":\"Accueil\",\"item\":\"https:\/\/perso.ens-lyon.fr\/ghys\/accueil\/\"},{\"@type\":\"ListItem\",\"position\":2,\"name\":\"Edition\"}]},{\"@type\":\"WebSite\",\"@id\":\"https:\/\/perso.ens-lyon.fr\/ghys\/#website\",\"url\":\"https:\/\/perso.ens-lyon.fr\/ghys\/\",\"name\":\"\u00c9tienne Ghys\",\"description\":\"\",\"potentialAction\":[{\"@type\":\"SearchAction\",\"target\":{\"@type\":\"EntryPoint\",\"urlTemplate\":\"https:\/\/perso.ens-lyon.fr\/ghys\/?s={search_term_string}\"},\"query-input\":{\"@type\":\"PropertyValueSpecification\",\"valueRequired\":true,\"valueName\":\"search_term_string\"}}],\"inLanguage\":\"fr-FR\"}]}<\/script>\n<!-- \/ Yoast SEO plugin. -->","yoast_head_json":{"title":"Edition - \u00c9tienne Ghys","robots":{"index":"index","follow":"follow","max-snippet":"max-snippet:-1","max-image-preview":"max-image-preview:large","max-video-preview":"max-video-preview:-1"},"canonical":"https:\/\/perso.ens-lyon.fr\/ghys\/edition-2\/","og_locale":"fr_FR","og_type":"article","og_title":"Edition - \u00c9tienne Ghys","og_description":"Journals R\u00e9dacteur en chef des\u00a0Comptes Rendus Math\u00e9matiques de l&rsquo;Acad\u00e9mie des Sciences\u00a0(depuis 2019, membre depuis 1994). Membre du comit\u00e9 de r\u00e9daction de\u00a0Ensaios Matem\u00e1ticos\u00a0de la\u00a0Sociedade Brasileira de Matem\u00e1tica\u00a0(depuis 2003). Membre du comit\u00e9 de r\u00e9daction de\u00a0Documents Math\u00e9matiques\u00a0(depuis 2017). Past participations Membre du comit\u00e9 de r\u00e9daction de&nbsp;Commentarii Mathematici Helvetici&nbsp;(1992-2002) Membre du comit\u00e9 de r\u00e9daction de&nbsp;Annales de la Facult\u00e9 des &hellip; Continuer la lecture de Edition &rarr;","og_url":"https:\/\/perso.ens-lyon.fr\/ghys\/edition-2\/","og_site_name":"\u00c9tienne Ghys","article_modified_time":"2021-05-19T15:59:39+00:00","twitter_card":"summary_large_image","twitter_misc":{"Dur\u00e9e de lecture estim\u00e9e":"1 minute"},"schema":{"@context":"https:\/\/schema.org","@graph":[{"@type":"WebPage","@id":"https:\/\/perso.ens-lyon.fr\/ghys\/edition-2\/","url":"https:\/\/perso.ens-lyon.fr\/ghys\/edition-2\/","name":"Edition - \u00c9tienne Ghys","isPartOf":{"@id":"https:\/\/perso.ens-lyon.fr\/ghys\/#website"},"datePublished":"2016-01-17T17:36:07+00:00","dateModified":"2021-05-19T15:59:39+00:00","breadcrumb":{"@id":"https:\/\/perso.ens-lyon.fr\/ghys\/edition-2\/#breadcrumb"},"inLanguage":"fr-FR","potentialAction":[{"@type":"ReadAction","target":["https:\/\/perso.ens-lyon.fr\/ghys\/edition-2\/"]}]},{"@type":"BreadcrumbList","@id":"https:\/\/perso.ens-lyon.fr\/ghys\/edition-2\/#breadcrumb","itemListElement":[{"@type":"ListItem","position":1,"name":"Accueil","item":"https:\/\/perso.ens-lyon.fr\/ghys\/accueil\/"},{"@type":"ListItem","position":2,"name":"Edition"}]},{"@type":"WebSite","@id":"https:\/\/perso.ens-lyon.fr\/ghys\/#website","url":"https:\/\/perso.ens-lyon.fr\/ghys\/","name":"\u00c9tienne Ghys","description":"","potentialAction":[{"@type":"SearchAction","target":{"@type":"EntryPoint","urlTemplate":"https:\/\/perso.ens-lyon.fr\/ghys\/?s={search_term_string}"},"query-input":{"@type":"PropertyValueSpecification","valueRequired":true,"valueName":"search_term_string"}}],"inLanguage":"fr-FR"}]}},"uagb_featured_image_src":{"full":false,"thumbnail":false,"medium":false,"medium_large":false,"large":false,"1536x1536":false,"2048x2048":false,"post-thumbnail":false},"uagb_author_info":{"display_name":"ghys","author_link":"https:\/\/perso.ens-lyon.fr\/ghys\/author\/ghys\/"},"uagb_comment_info":0,"uagb_excerpt":"Journals R\u00e9dacteur en chef des\u00a0Comptes Rendus Math\u00e9matiques de l&rsquo;Acad\u00e9mie des Sciences\u00a0(depuis 2019, membre depuis 1994). Membre du comit\u00e9 de r\u00e9daction de\u00a0Ensaios Matem\u00e1ticos\u00a0de la\u00a0Sociedade Brasileira de Matem\u00e1tica\u00a0(depuis 2003). Membre du comit\u00e9 de r\u00e9daction de\u00a0Documents Math\u00e9matiques\u00a0(depuis 2017). Past participations Membre du comit\u00e9 de r\u00e9daction de&nbsp;Commentarii Mathematici Helvetici&nbsp;(1992-2002) Membre du comit\u00e9 de r\u00e9daction de&nbsp;Annales de la Facult\u00e9 des\u2026","_links":{"self":[{"href":"https:\/\/perso.ens-lyon.fr\/ghys\/wp-json\/wp\/v2\/pages\/34","targetHints":{"allow":["GET"]}}],"collection":[{"href":"https:\/\/perso.ens-lyon.fr\/ghys\/wp-json\/wp\/v2\/pages"}],"about":[{"href":"https:\/\/perso.ens-lyon.fr\/ghys\/wp-json\/wp\/v2\/types\/page"}],"author":[{"embeddable":true,"href":"https:\/\/perso.ens-lyon.fr\/ghys\/wp-json\/wp\/v2\/users\/1"}],"replies":[{"embeddable":true,"href":"https:\/\/perso.ens-lyon.fr\/ghys\/wp-json\/wp\/v2\/comments?post=34"}],"version-history":[{"count":14,"href":"https:\/\/perso.ens-lyon.fr\/ghys\/wp-json\/wp\/v2\/pages\/34\/revisions"}],"predecessor-version":[{"id":1989,"href":"https:\/\/perso.ens-lyon.fr\/ghys\/wp-json\/wp\/v2\/pages\/34\/revisions\/1989"}],"wp:attachment":[{"href":"https:\/\/perso.ens-lyon.fr\/ghys\/wp-json\/wp\/v2\/media?parent=34"}],"curies":[{"name":"wp","href":"https:\/\/api.w.org\/{rel}","templated":true}]}}