{"id":399,"date":"2016-01-21T15:45:50","date_gmt":"2016-01-21T14:45:50","guid":{"rendered":"http:\/\/perso.ens-lyon.fr\/ghys\/?page_id=399"},"modified":"2022-08-17T18:58:24","modified_gmt":"2022-08-17T17:58:24","slug":"collectifs","status":"publish","type":"page","link":"https:\/\/perso.ens-lyon.fr\/ghys\/collectifs\/","title":{"rendered":"Collectifs"},"content":{"rendered":"\n<p><a href=\"https:\/\/scholar.google.com\/citations?view_op=list_works&amp;hl=en&amp;user=3zEVRpYAAAAJ&amp;gmla=AJsN-F79r8hulM9Mhhsh4ep5lA1U2b3BF9JD5OeW51aA5hXPtmzcAj4JJMihsWXl1SCeu4DLb2NyPTNTbSyvNTYxG7axU1xDZvaZn9iShD2-jwTzdajSfyty0VpfSkouOUDQKWQbgY0l\" class=\"broken_link\">Google Scholar<\/a><\/p>\n\n\n\n<ul class=\"wp-block-list\"><li>Sur les groupes hyperboliques d&rsquo;apr\u00e8s Mikhael Gromov (Bern, 1988), avec P. de la Harpe, Progr. Math., 83, Birkh\u00e4user Boston, Boston, MA, 1990.<\/li><li>Giperbolicheskie gruppy po Mikhailu Gromovu. (en russe) traduction russe du pr\u00e9c\u00e9dent. \u201cMir\u201d, Moscow, 1992. 271 pp.&nbsp; (traduction russe du pr\u00e9c\u00e9dent) .<a href=\"https:\/\/perso.ens-lyon.fr\/ghys\/reviews\/groupeshyperboliques-rev.pdf\"><br>R\u00e9sum\u00e9 MR<\/a>&nbsp;&nbsp;&nbsp; &nbsp;&nbsp; &nbsp;&nbsp;<a href=\"https:\/\/perso.ens-lyon.fr\/ghys\/articles\/groupeshyperboliques.djvu\">Livre djvu<\/a>&nbsp; &nbsp;&nbsp;&nbsp;&nbsp; &nbsp;&nbsp;<a href=\"https:\/\/perso.ens-lyon.fr\/ghys\/articles\/groupeshyperboliques-english.pdf\">Partial English translation<\/a>&nbsp;&nbsp; &nbsp; &nbsp;&nbsp;<a href=\"https:\/\/perso.ens-lyon.fr\/ghys\/articles\/groupeshyperboliquesrusse.djvu\">traduction en russe (djvu)<\/a><\/li><li>Group theory from a geometrical viewpoint. Proceedings of the workshop held in Trieste, March 26\u2013April 6, 1990. Edited by E. Ghys, A. Haefliger and A. Verjovsky. World Scientific Publishing Co., Inc., River Edge, NJ, 1991. viii+733 pp.&nbsp;<a href=\"https:\/\/perso.ens-lyon.fr\/ghys\/reviews\/grouptheory-rev.pdf\"><br>R\u00e9sum\u00e9 MR<\/a>&nbsp;&nbsp;&nbsp; &nbsp;&nbsp;&nbsp; &nbsp;&nbsp; &nbsp;&nbsp; &nbsp;&nbsp;&nbsp;&nbsp;&nbsp;<a href=\"https:\/\/perso.ens-lyon.fr\/ghys\/articles\/grouptheory.djvu\">Livre djvu<\/a><\/li><li>Dynamique et g\u00e9om\u00e9trie complexes, avec D. Cerveau, N. Sibony et J.-C. Yoccoz, Papers from the Meeting \u00ab\u00a0State of the Art of the Research of the Soci\u00e9t\u00e9 Math\u00e9matique de France\u00a0\u00bb held at \u00c9cole Normale Sup\u00e9rieure de Lyon, Lyon, January 1997. Panoramas et Synth\u00e8ses [Panoramas and Syntheses], 8. Soci\u00e9t\u00e9 Math\u00e9matique de France, Paris; distributed by American Mathematical Society, Providence, RI, 1999. xii+222 pp. ISBN: 2-85629-078-7<\/li><li>Complex dynamics and geometry. With the collaboration of Marguerite Flexor. Papers from the Meeting \u00ab\u00a0State of the Art of the Research of the Soci\u00e9t\u00e9 Math\u00e9matique de France\u00a0\u00bb held at the \u00c9cole Normale Sup\u00e9rieure de Lyon, Lyon, January 1997. Translated from the French by Leslie Kay. SMF\/AMS Texts and Monographs, 10. American Mathematical Society, Providence, RI; Soci\u00e9t\u00e9 Math\u00e9matique de France, Paris, 2003. viii+197 pp. ISBN: 0-8218-3228-X (translation of the previous reference).<a href=\"https:\/\/perso.ens-lyon.fr\/ghys\/articles\/geometrydynamics.pdf\"><br>R\u00e9sum\u00e9 MR&nbsp;&nbsp;&nbsp; &nbsp;&nbsp;&nbsp; &nbsp;&nbsp; &nbsp;&nbsp; &nbsp;&nbsp;&nbsp;&nbsp; Article.pdf<\/a><\/li><li>Essays on geometry and related topics. Vol. 1, 2. M\u00e9moires d\u00e9di\u00e9s \u00e0 Andr\u00e9 Haefliger. [Papers dedicated to Andr\u00e9 Haefliger] Edited by \u00c9tienne Ghys, Pierre de la Harpe, Vaughan F. R. Jones, Vlad Sergiescu and Takashi Tsuboi. Monographies de L&rsquo;Enseignement Math\u00e9matique [Monographs of L&rsquo;Enseignement Math\u00e9matique], 38. L&rsquo;Enseignement Math\u00e9matique, Geneva, 2001. Vol. 1: 319 pp.; Vol. 2: pp. 321-610. ISBN: 2-940264-05-8.<\/li><li>Geometry and dynamics. Proceedings of the International Conference in honor of the 60th anniversary of Alberto Verjovsky held in Cuernavaca, January 6-11, 2003. Edited by James Eells, Etienne Ghys, Mikhail Lyubich, Jacob Palis and Jos\u00e9 Seade. Contemporary Mathematics, 389. Aportaciones Matem\u00e1ticas. [Mathematical Contributions] American Mathematical Society, Providence, RI; Sociedad Matem\u00e1tica Mexicana, M\u00e9xico, 2005. xiv+198 pp. ISBN: 0-8218-3851-2.<\/li><li><a href=\"http:\/\/images.math.cnrs.fr\/-Images-des-maths-2004-.html\" class=\"broken_link\">Images des Math\u00e9matiques 2004<\/a>, publi\u00e9 par le CNRS, ed. E. Ghys et J. Istas.<\/li><li><a href=\"http:\/\/images.math.cnrs.fr\/-Images-des-maths-2006-.html\" class=\"broken_link\">Images des Math\u00e9matiques 2006<\/a>, publi\u00e9 par le CNRS, ed. E. Ghys et J. Istas.<\/li><li><a href=\"https:\/\/www.belin-education.com\/lheritage-scientifique-de-poincare\" class=\"broken_link\">L&rsquo;h\u00e9ritage scientifique de Henri Poincar\u00e9,<\/a>&nbsp;ed. E. Charpentier, E. Ghys, A. Lesne, Belin,&nbsp; 2006. Traduction anglaise : The scientific legacy of Poincar\u00e9. Edited by \u00c9ric Charpentier, \u00c9tienne Ghys and Annick Lesne. Translated from the 2006 French original by Joshua Bowman. History of Mathematics, 36. American Mathematical Society, Providence, RI, 2010. xiv+392 pp. ISBN: 978-0-8218-4718-3.<a href=\"https:\/\/perso.ens-lyon.fr\/ghys\/reviews\/scientificlegacy.pdf\"><br>R\u00e9sum\u00e9 MR<\/a>&nbsp;&nbsp;&nbsp; &nbsp;&nbsp;&nbsp; &nbsp;&nbsp;&nbsp; &nbsp;&nbsp;&nbsp; &nbsp;&nbsp;&nbsp;&nbsp;<a href=\"https:\/\/perso.ens-lyon.fr\/ghys\/articles\/heritagepoincareintro.pdf\">Intro pdf<\/a><\/li><li><a href=\"http:\/\/www.lcdpu.fr\/livre\/?GCOI=27000100107890\" class=\"broken_link\">Uniformisation des surfaces de Riemann, retour sur un th\u00e9or\u00e8me centenaire<\/a>, par&nbsp;<a href=\"http:\/\/www-history.mcs.st-and.ac.uk\/Biographies\/Poincare.html\">Henri<\/a>&nbsp;<a href=\"http:\/\/www-history.mcs.st-and.ac.uk\/Biographies\/Koebe.html\">Paul<\/a>&nbsp;de&nbsp;<a href=\"http:\/\/www.allonsenvacances.com\/saint_gervais.html\" class=\"broken_link\">Saint-Gervais<\/a>, ENS Editions, 2011. Ouvrage collectif \u00e9crit par&nbsp; A. Alvarez, C. Bavard, N. Bergeron, F. B\u00e9guin, M. Bourrigan, B. Deroin, S. Dumitrescu, C. Frances, E. Ghys, A. Guilloux, F. Loray, P. Popescu-Pampu, P. Py, B. S\u00e9vennec et J.-C. Sikorav.&nbsp;<a href=\"https:\/\/perso.ens-lyon.fr\/ghys\/reviews\/uniformisationsurfaces-rev.pdf\"><br>R\u00e9sum\u00e9 MR<\/a>&nbsp;<a href=\"https:\/\/perso.ens-lyon.fr\/ghys\/articles\/Uniformisationsurfaces.pdf\">&nbsp;&nbsp;&nbsp; &nbsp;&nbsp;&nbsp; &nbsp;&nbsp;&nbsp; &nbsp;&nbsp;&nbsp; &nbsp;&nbsp;&nbsp; Fichier pdf<\/a><\/li><li><a href=\"https:\/\/www.ems-ph.org\/books\/book.php?proj_nr=198\" class=\"broken_link\">Uniformisation of Riemann surfaces, Revisiting a hundred-year-old theorem<\/a>, European Mathematical society, 2016, traduction anglaise. 78 \u20ac ! &nbsp;On peut t\u00e9l\u00e9charger la version pr\u00e9publication <a href=\"https:\/\/perso.ens-lyon.fr\/ghys\/articles\/Uniformization-proofs.pdf\">ici<\/a>.<\/li><li><a href=\"http:\/\/analysis-situs.math.cnrs.fr\" class=\"broken_link\">Analysis Situs<\/a>,&nbsp;par&nbsp;<a href=\"http:\/\/www-history.mcs.st-and.ac.uk\/Biographies\/Poincare.html\">Henri<\/a>&nbsp;<a href=\"http:\/\/www-history.mcs.st-and.ac.uk\/Biographies\/Koebe.html\">Paul<\/a>&nbsp;de&nbsp;<a href=\"http:\/\/www.allonsenvacances.com\/saint_gervais.html\" class=\"broken_link\">Saint-Gervais<\/a>.&nbsp;Il s&rsquo;agit d&rsquo;un cours de topologie alg\u00e9brique, contenant un grand nombre de types de medias.<\/li><\/ul>\n\n\n<div class=\"wp-block-image\">\n<figure class=\"aligncenter\"><img loading=\"lazy\" decoding=\"async\" width=\"300\" height=\"80\" src=\"https:\/\/perso.ens-lyon.fr\/ghys\/wp-content\/uploads\/2016\/01\/HenriPaul-300x80.jpg\" alt=\"HenriPaul\" class=\"wp-image-609\" srcset=\"https:\/\/perso.ens-lyon.fr\/ghys\/wp-content\/uploads\/2016\/01\/HenriPaul-300x80.jpg 300w, https:\/\/perso.ens-lyon.fr\/ghys\/wp-content\/uploads\/2016\/01\/HenriPaul-1024x275.jpg 1024w\" sizes=\"auto, (max-width: 300px) 100vw, 300px\" \/><\/figure><\/div>\n\n\n<p class=\"has-text-align-center\">Henri Paul de Saint Gervais<\/p>\n","protected":false},"excerpt":{"rendered":"<p>Google Scholar Sur les groupes hyperboliques d&rsquo;apr\u00e8s Mikhael Gromov (Bern, 1988), avec P. de la Harpe, Progr. Math., 83, Birkh\u00e4user Boston, Boston, MA, 1990. Giperbolicheskie gruppy po Mikhailu Gromovu. (en russe) traduction russe du pr\u00e9c\u00e9dent. \u201cMir\u201d, Moscow, 1992. 271 pp.&nbsp; (traduction russe du pr\u00e9c\u00e9dent) .R\u00e9sum\u00e9 MR&nbsp;&nbsp;&nbsp; &nbsp;&nbsp; &nbsp;&nbsp;Livre djvu&nbsp; &nbsp;&nbsp;&nbsp;&nbsp; &nbsp;&nbsp;Partial English translation&nbsp;&nbsp; &nbsp; &nbsp;&nbsp;traduction &hellip; <a href=\"https:\/\/perso.ens-lyon.fr\/ghys\/collectifs\/\" class=\"more-link\">Continuer la lecture de <span class=\"screen-reader-text\">Collectifs<\/span> <span class=\"meta-nav\">&rarr;<\/span><\/a><\/p>\n","protected":false},"author":1,"featured_media":0,"parent":0,"menu_order":0,"comment_status":"closed","ping_status":"closed","template":"","meta":{"_uag_custom_page_level_css":"","ub_ctt_via":"","_exactmetrics_skip_tracking":false,"_exactmetrics_sitenote_active":false,"_exactmetrics_sitenote_note":"","_exactmetrics_sitenote_category":0,"episode_type":"","audio_file":"","cover_image":"","cover_image_id":"","duration":"","filesize":"","date_recorded":"","explicit":"","block":"","itunes_episode_number":"","itunes_title":"","itunes_season_number":"","itunes_episode_type":"","filesize_raw":"","footnotes":""},"class_list":["post-399","page","type-page","status-publish","hentry"],"featured_image_src":null,"yoast_head":"<!-- This site is optimized with the Yoast SEO plugin v25.4 - https:\/\/yoast.com\/wordpress\/plugins\/seo\/ -->\n<title>Collectifs - \u00c9tienne Ghys<\/title>\n<meta name=\"robots\" content=\"index, follow, max-snippet:-1, max-image-preview:large, max-video-preview:-1\" \/>\n<link rel=\"canonical\" href=\"https:\/\/perso.ens-lyon.fr\/ghys\/collectifs\/\" \/>\n<meta property=\"og:locale\" content=\"fr_FR\" \/>\n<meta property=\"og:type\" content=\"article\" \/>\n<meta property=\"og:title\" content=\"Collectifs - \u00c9tienne Ghys\" \/>\n<meta property=\"og:description\" content=\"Google Scholar Sur les groupes hyperboliques d&rsquo;apr\u00e8s Mikhael Gromov (Bern, 1988), avec P. de la Harpe, Progr. Math., 83, Birkh\u00e4user Boston, Boston, MA, 1990. Giperbolicheskie gruppy po Mikhailu Gromovu. (en russe) traduction russe du pr\u00e9c\u00e9dent. \u201cMir\u201d, Moscow, 1992. 271 pp.&nbsp; (traduction russe du pr\u00e9c\u00e9dent) .R\u00e9sum\u00e9 MR&nbsp;&nbsp;&nbsp; &nbsp;&nbsp; &nbsp;&nbsp;Livre djvu&nbsp; &nbsp;&nbsp;&nbsp;&nbsp; &nbsp;&nbsp;Partial English translation&nbsp;&nbsp; &nbsp; &nbsp;&nbsp;traduction &hellip; Continuer la lecture de Collectifs &rarr;\" \/>\n<meta property=\"og:url\" content=\"https:\/\/perso.ens-lyon.fr\/ghys\/collectifs\/\" \/>\n<meta property=\"og:site_name\" content=\"\u00c9tienne Ghys\" \/>\n<meta property=\"article:modified_time\" content=\"2022-08-17T17:58:24+00:00\" \/>\n<meta property=\"og:image\" content=\"http:\/\/perso.ens-lyon.fr\/ghys\/wp-content\/uploads\/2016\/01\/HenriPaul-300x80.jpg\" \/>\n<meta name=\"twitter:card\" content=\"summary_large_image\" \/>\n<meta name=\"twitter:label1\" content=\"Dur\u00e9e de lecture estim\u00e9e\" \/>\n\t<meta name=\"twitter:data1\" content=\"4 minutes\" \/>\n<script type=\"application\/ld+json\" class=\"yoast-schema-graph\">{\"@context\":\"https:\/\/schema.org\",\"@graph\":[{\"@type\":\"WebPage\",\"@id\":\"https:\/\/perso.ens-lyon.fr\/ghys\/collectifs\/\",\"url\":\"https:\/\/perso.ens-lyon.fr\/ghys\/collectifs\/\",\"name\":\"Collectifs - \u00c9tienne Ghys\",\"isPartOf\":{\"@id\":\"https:\/\/perso.ens-lyon.fr\/ghys\/#website\"},\"primaryImageOfPage\":{\"@id\":\"https:\/\/perso.ens-lyon.fr\/ghys\/collectifs\/#primaryimage\"},\"image\":{\"@id\":\"https:\/\/perso.ens-lyon.fr\/ghys\/collectifs\/#primaryimage\"},\"thumbnailUrl\":\"http:\/\/perso.ens-lyon.fr\/ghys\/wp-content\/uploads\/2016\/01\/HenriPaul-300x80.jpg\",\"datePublished\":\"2016-01-21T14:45:50+00:00\",\"dateModified\":\"2022-08-17T17:58:24+00:00\",\"breadcrumb\":{\"@id\":\"https:\/\/perso.ens-lyon.fr\/ghys\/collectifs\/#breadcrumb\"},\"inLanguage\":\"fr-FR\",\"potentialAction\":[{\"@type\":\"ReadAction\",\"target\":[\"https:\/\/perso.ens-lyon.fr\/ghys\/collectifs\/\"]}]},{\"@type\":\"ImageObject\",\"inLanguage\":\"fr-FR\",\"@id\":\"https:\/\/perso.ens-lyon.fr\/ghys\/collectifs\/#primaryimage\",\"url\":\"http:\/\/perso.ens-lyon.fr\/ghys\/wp-content\/uploads\/2016\/01\/HenriPaul-300x80.jpg\",\"contentUrl\":\"http:\/\/perso.ens-lyon.fr\/ghys\/wp-content\/uploads\/2016\/01\/HenriPaul-300x80.jpg\"},{\"@type\":\"BreadcrumbList\",\"@id\":\"https:\/\/perso.ens-lyon.fr\/ghys\/collectifs\/#breadcrumb\",\"itemListElement\":[{\"@type\":\"ListItem\",\"position\":1,\"name\":\"Accueil\",\"item\":\"https:\/\/perso.ens-lyon.fr\/ghys\/accueil\/\"},{\"@type\":\"ListItem\",\"position\":2,\"name\":\"Collectifs\"}]},{\"@type\":\"WebSite\",\"@id\":\"https:\/\/perso.ens-lyon.fr\/ghys\/#website\",\"url\":\"https:\/\/perso.ens-lyon.fr\/ghys\/\",\"name\":\"\u00c9tienne Ghys\",\"description\":\"\",\"potentialAction\":[{\"@type\":\"SearchAction\",\"target\":{\"@type\":\"EntryPoint\",\"urlTemplate\":\"https:\/\/perso.ens-lyon.fr\/ghys\/?s={search_term_string}\"},\"query-input\":{\"@type\":\"PropertyValueSpecification\",\"valueRequired\":true,\"valueName\":\"search_term_string\"}}],\"inLanguage\":\"fr-FR\"}]}<\/script>\n<!-- \/ Yoast SEO plugin. -->","yoast_head_json":{"title":"Collectifs - \u00c9tienne Ghys","robots":{"index":"index","follow":"follow","max-snippet":"max-snippet:-1","max-image-preview":"max-image-preview:large","max-video-preview":"max-video-preview:-1"},"canonical":"https:\/\/perso.ens-lyon.fr\/ghys\/collectifs\/","og_locale":"fr_FR","og_type":"article","og_title":"Collectifs - \u00c9tienne Ghys","og_description":"Google Scholar Sur les groupes hyperboliques d&rsquo;apr\u00e8s Mikhael Gromov (Bern, 1988), avec P. de la Harpe, Progr. Math., 83, Birkh\u00e4user Boston, Boston, MA, 1990. Giperbolicheskie gruppy po Mikhailu Gromovu. (en russe) traduction russe du pr\u00e9c\u00e9dent. \u201cMir\u201d, Moscow, 1992. 271 pp.&nbsp; (traduction russe du pr\u00e9c\u00e9dent) .R\u00e9sum\u00e9 MR&nbsp;&nbsp;&nbsp; &nbsp;&nbsp; &nbsp;&nbsp;Livre djvu&nbsp; &nbsp;&nbsp;&nbsp;&nbsp; &nbsp;&nbsp;Partial English translation&nbsp;&nbsp; &nbsp; &nbsp;&nbsp;traduction &hellip; Continuer la lecture de Collectifs &rarr;","og_url":"https:\/\/perso.ens-lyon.fr\/ghys\/collectifs\/","og_site_name":"\u00c9tienne Ghys","article_modified_time":"2022-08-17T17:58:24+00:00","og_image":[{"url":"http:\/\/perso.ens-lyon.fr\/ghys\/wp-content\/uploads\/2016\/01\/HenriPaul-300x80.jpg","type":"","width":"","height":""}],"twitter_card":"summary_large_image","twitter_misc":{"Dur\u00e9e de lecture estim\u00e9e":"4 minutes"},"schema":{"@context":"https:\/\/schema.org","@graph":[{"@type":"WebPage","@id":"https:\/\/perso.ens-lyon.fr\/ghys\/collectifs\/","url":"https:\/\/perso.ens-lyon.fr\/ghys\/collectifs\/","name":"Collectifs - \u00c9tienne Ghys","isPartOf":{"@id":"https:\/\/perso.ens-lyon.fr\/ghys\/#website"},"primaryImageOfPage":{"@id":"https:\/\/perso.ens-lyon.fr\/ghys\/collectifs\/#primaryimage"},"image":{"@id":"https:\/\/perso.ens-lyon.fr\/ghys\/collectifs\/#primaryimage"},"thumbnailUrl":"http:\/\/perso.ens-lyon.fr\/ghys\/wp-content\/uploads\/2016\/01\/HenriPaul-300x80.jpg","datePublished":"2016-01-21T14:45:50+00:00","dateModified":"2022-08-17T17:58:24+00:00","breadcrumb":{"@id":"https:\/\/perso.ens-lyon.fr\/ghys\/collectifs\/#breadcrumb"},"inLanguage":"fr-FR","potentialAction":[{"@type":"ReadAction","target":["https:\/\/perso.ens-lyon.fr\/ghys\/collectifs\/"]}]},{"@type":"ImageObject","inLanguage":"fr-FR","@id":"https:\/\/perso.ens-lyon.fr\/ghys\/collectifs\/#primaryimage","url":"http:\/\/perso.ens-lyon.fr\/ghys\/wp-content\/uploads\/2016\/01\/HenriPaul-300x80.jpg","contentUrl":"http:\/\/perso.ens-lyon.fr\/ghys\/wp-content\/uploads\/2016\/01\/HenriPaul-300x80.jpg"},{"@type":"BreadcrumbList","@id":"https:\/\/perso.ens-lyon.fr\/ghys\/collectifs\/#breadcrumb","itemListElement":[{"@type":"ListItem","position":1,"name":"Accueil","item":"https:\/\/perso.ens-lyon.fr\/ghys\/accueil\/"},{"@type":"ListItem","position":2,"name":"Collectifs"}]},{"@type":"WebSite","@id":"https:\/\/perso.ens-lyon.fr\/ghys\/#website","url":"https:\/\/perso.ens-lyon.fr\/ghys\/","name":"\u00c9tienne Ghys","description":"","potentialAction":[{"@type":"SearchAction","target":{"@type":"EntryPoint","urlTemplate":"https:\/\/perso.ens-lyon.fr\/ghys\/?s={search_term_string}"},"query-input":{"@type":"PropertyValueSpecification","valueRequired":true,"valueName":"search_term_string"}}],"inLanguage":"fr-FR"}]}},"uagb_featured_image_src":{"full":false,"thumbnail":false,"medium":false,"medium_large":false,"large":false,"1536x1536":false,"2048x2048":false,"post-thumbnail":false},"uagb_author_info":{"display_name":"ghys","author_link":"https:\/\/perso.ens-lyon.fr\/ghys\/author\/ghys\/"},"uagb_comment_info":0,"uagb_excerpt":"Google Scholar Sur les groupes hyperboliques d&rsquo;apr\u00e8s Mikhael Gromov (Bern, 1988), avec P. de la Harpe, Progr. Math., 83, Birkh\u00e4user Boston, Boston, MA, 1990. Giperbolicheskie gruppy po Mikhailu Gromovu. (en russe) traduction russe du pr\u00e9c\u00e9dent. \u201cMir\u201d, Moscow, 1992. 271 pp.&nbsp; (traduction russe du pr\u00e9c\u00e9dent) .R\u00e9sum\u00e9 MR&nbsp;&nbsp;&nbsp; &nbsp;&nbsp; &nbsp;&nbsp;Livre djvu&nbsp; &nbsp;&nbsp;&nbsp;&nbsp; &nbsp;&nbsp;Partial English translation&nbsp;&nbsp; &nbsp; &nbsp;&nbsp;traduction\u2026","_links":{"self":[{"href":"https:\/\/perso.ens-lyon.fr\/ghys\/wp-json\/wp\/v2\/pages\/399","targetHints":{"allow":["GET"]}}],"collection":[{"href":"https:\/\/perso.ens-lyon.fr\/ghys\/wp-json\/wp\/v2\/pages"}],"about":[{"href":"https:\/\/perso.ens-lyon.fr\/ghys\/wp-json\/wp\/v2\/types\/page"}],"author":[{"embeddable":true,"href":"https:\/\/perso.ens-lyon.fr\/ghys\/wp-json\/wp\/v2\/users\/1"}],"replies":[{"embeddable":true,"href":"https:\/\/perso.ens-lyon.fr\/ghys\/wp-json\/wp\/v2\/comments?post=399"}],"version-history":[{"count":14,"href":"https:\/\/perso.ens-lyon.fr\/ghys\/wp-json\/wp\/v2\/pages\/399\/revisions"}],"predecessor-version":[{"id":2129,"href":"https:\/\/perso.ens-lyon.fr\/ghys\/wp-json\/wp\/v2\/pages\/399\/revisions\/2129"}],"wp:attachment":[{"href":"https:\/\/perso.ens-lyon.fr\/ghys\/wp-json\/wp\/v2\/media?parent=399"}],"curies":[{"name":"wp","href":"https:\/\/api.w.org\/{rel}","templated":true}]}}