{"id":452,"date":"2016-01-21T16:30:26","date_gmt":"2016-01-21T15:30:26","guid":{"rendered":"http:\/\/perso.ens-lyon.fr\/ghys\/?page_id=452"},"modified":"2021-05-19T07:53:08","modified_gmt":"2021-05-19T06:53:08","slug":"medias-2","status":"publish","type":"page","link":"https:\/\/perso.ens-lyon.fr\/ghys\/medias-2\/","title":{"rendered":"Medias"},"content":{"rendered":"<h4>Films<\/h4>\n<ul>\n<li><a href=\"http:\/\/www.dimensions-math.org\/Dim_fr.htm\" class=\"broken_link\">Dimensions, une promenade math\u00e9matique<\/a>, 2008, avec A. Alvarez et J. Leys (prix d&rsquo;Alembert 2010).<\/li>\n<li><a href=\"http:\/\/www.chaos-math.org\/fr\">Chaos, une aventure math\u00e9matique<\/a>, 2013, avec A. Alvarez et J. Leys.<\/li>\n<li><a href=\"https:\/\/perso.ens-lyon.fr\/ghys\/audio.html\" target=\"wclose\" rel=\"noopener noreferrer\">Le chaos<\/a>, de Vive Voix, 2011, prix du livre audio lire dans le noir.<\/li>\n<li><a href=\"https:\/\/www.youtube.com\/watch?v=R5zaQSqlcKAR5zaQSqlcKAHd\" class=\"broken_link\">Poincar\u00e9 et l&rsquo;harmonie et le chaos<\/a>, participation au film de Philippe Worms.<\/li>\n<\/ul>\n<h4>Podcasts\u00a0:\u00a0(les quatre livres philosophiques de Poincar\u00e9).<\/h4>\n<ul>\n<li><a href=\"http:\/\/images.math.cnrs.fr\/La-Science-et-l-hypothese.html\" class=\"broken_link\">La science et l&rsquo;hypoth\u00e8se<\/a>.<\/li>\n<li><a href=\"http:\/\/images.math.cnrs.fr\/Science-et-Methode.html\" class=\"broken_link\">Science et M\u00e9thode<\/a>.<\/li>\n<li><a href=\"http:\/\/images.math.cnrs.fr\/La-valeur-de-la-science.html\" class=\"broken_link\">La valeur de la Science<\/a>.<\/li>\n<li>Derni\u00e8res pens\u00e9es.<\/li>\n<\/ul>\n<h4>Radio :<\/h4>\n<ul>\n<li><a href=\"https:\/\/perso.ens-lyon.fr\/ghys\/audio\/EtienneGhysmathematicienetFrancoisSauvageotprofesseurdemathematiques.mp3\">Continent Science, France Culture<\/a>, 2 juin 2014.<\/li>\n<li><a href=\"https:\/\/perso.ens-lyon.fr\/ghys\/audio\/Lessystemesdynamiques.mp3\">La T\u00eate au carr\u00e9, France Inter, 9 octobre 2014<\/a>. Chaos et Syst\u00e8mes dynamiques.<\/li>\n<li><a href=\"https:\/\/perso.ens-lyon.fr\/ghys\/audio\/PrepabacLesMathematiques.mp3\">Continent Science, France Culture<\/a>, 25 mai 2015.<\/li>\n<li><a href=\"https:\/\/www.franceinter.fr\/emissions\/la-tete-au-carre\/la-tete-au-carre-07-janvier-2019\" class=\"broken_link\">La t\u00eate au carr\u00e9, France Inter<\/a>, janvier 2019.<\/li>\n<li><a href=\"https:\/\/www.franceinter.fr\/emissions\/la-terre-au-carre\/la-terre-au-carre-17-fevrier-2021\" class=\"broken_link\">La t\u00eate au carr\u00e9, France Inter<\/a>, f\u00e9vrier 2021.<\/li>\n<li><a href=\"https:\/\/www.franceculture.fr\/emissions\/la-question-du-jour\/que-peuvent-nous-apprendre-les-flocons-de-neige-sur-les-mathematiques\" class=\"broken_link\">La matinale de France Culture<\/a>, f\u00e9vrier 2021.<\/li>\n<li><a href=\"https:\/\/www.tf1.fr\/tmc\/quotidien-avec-yann-barthes\/videos\/invite-etienne-ghys-perce-les-mysteres-de-la-neige-44031830.html\" class=\"broken_link\">Quotidien, TMC<\/a>, f\u00e9vrier 2021.<\/li>\n<li><a href=\"https:\/\/www.youtube.com\/watch?v=b7NtxHNVBDk\" class=\"broken_link\">Arte, 28 minutes<\/a>, f\u00e9vrier 2021.<\/li>\n<li><a href=\"https:\/\/www.franceculture.fr\/emissions\/la-methode-scientifique\/la-methode-scientifique-emission-du-jeudi-18-mars-2021\" class=\"broken_link\">La m\u00e9thode scientifique<\/a>, France Culture, mars 2021<\/li>\n<\/ul>\n","protected":false},"excerpt":{"rendered":"<p>Films Dimensions, une promenade math\u00e9matique, 2008, avec A. Alvarez et J. Leys (prix d&rsquo;Alembert 2010). Chaos, une aventure math\u00e9matique, 2013, avec A. Alvarez et J. Leys. Le chaos, de Vive Voix, 2011, prix du livre audio lire dans le noir. Poincar\u00e9 et l&rsquo;harmonie et le chaos, participation au film de Philippe Worms. Podcasts\u00a0:\u00a0(les quatre livres &hellip; <a href=\"https:\/\/perso.ens-lyon.fr\/ghys\/medias-2\/\" class=\"more-link\">Continuer la lecture de <span class=\"screen-reader-text\">Medias<\/span> <span class=\"meta-nav\">&rarr;<\/span><\/a><\/p>\n","protected":false},"author":1,"featured_media":0,"parent":0,"menu_order":0,"comment_status":"closed","ping_status":"closed","template":"","meta":{"_uag_custom_page_level_css":"","ub_ctt_via":"","_exactmetrics_skip_tracking":false,"_exactmetrics_sitenote_active":false,"_exactmetrics_sitenote_note":"","_exactmetrics_sitenote_category":0,"episode_type":"","audio_file":"","cover_image":"","cover_image_id":"","duration":"","filesize":"","date_recorded":"","explicit":"","block":"","itunes_episode_number":"","itunes_title":"","itunes_season_number":"","itunes_episode_type":"","filesize_raw":"","footnotes":""},"class_list":["post-452","page","type-page","status-publish","hentry"],"featured_image_src":null,"yoast_head":"<!-- This site is optimized with the Yoast SEO plugin v25.4 - https:\/\/yoast.com\/wordpress\/plugins\/seo\/ -->\n<title>Medias - \u00c9tienne Ghys<\/title>\n<meta name=\"robots\" content=\"index, follow, max-snippet:-1, max-image-preview:large, max-video-preview:-1\" \/>\n<link rel=\"canonical\" href=\"https:\/\/perso.ens-lyon.fr\/ghys\/medias-2\/\" \/>\n<meta property=\"og:locale\" content=\"fr_FR\" \/>\n<meta property=\"og:type\" content=\"article\" \/>\n<meta property=\"og:title\" content=\"Medias - \u00c9tienne Ghys\" \/>\n<meta property=\"og:description\" content=\"Films Dimensions, une promenade math\u00e9matique, 2008, avec A. Alvarez et J. Leys (prix d&rsquo;Alembert 2010). Chaos, une aventure math\u00e9matique, 2013, avec A. Alvarez et J. Leys. Le chaos, de Vive Voix, 2011, prix du livre audio lire dans le noir. Poincar\u00e9 et l&rsquo;harmonie et le chaos, participation au film de Philippe Worms. Podcasts\u00a0:\u00a0(les quatre livres &hellip; Continuer la lecture de Medias &rarr;\" \/>\n<meta property=\"og:url\" content=\"https:\/\/perso.ens-lyon.fr\/ghys\/medias-2\/\" \/>\n<meta property=\"og:site_name\" content=\"\u00c9tienne Ghys\" \/>\n<meta property=\"article:modified_time\" content=\"2021-05-19T06:53:08+00:00\" \/>\n<meta name=\"twitter:card\" content=\"summary_large_image\" \/>\n<meta name=\"twitter:label1\" content=\"Dur\u00e9e de lecture estim\u00e9e\" \/>\n\t<meta name=\"twitter:data1\" content=\"1 minute\" \/>\n<script type=\"application\/ld+json\" class=\"yoast-schema-graph\">{\"@context\":\"https:\/\/schema.org\",\"@graph\":[{\"@type\":\"WebPage\",\"@id\":\"https:\/\/perso.ens-lyon.fr\/ghys\/medias-2\/\",\"url\":\"https:\/\/perso.ens-lyon.fr\/ghys\/medias-2\/\",\"name\":\"Medias - \u00c9tienne Ghys\",\"isPartOf\":{\"@id\":\"https:\/\/perso.ens-lyon.fr\/ghys\/#website\"},\"datePublished\":\"2016-01-21T15:30:26+00:00\",\"dateModified\":\"2021-05-19T06:53:08+00:00\",\"breadcrumb\":{\"@id\":\"https:\/\/perso.ens-lyon.fr\/ghys\/medias-2\/#breadcrumb\"},\"inLanguage\":\"fr-FR\",\"potentialAction\":[{\"@type\":\"ReadAction\",\"target\":[\"https:\/\/perso.ens-lyon.fr\/ghys\/medias-2\/\"]}]},{\"@type\":\"BreadcrumbList\",\"@id\":\"https:\/\/perso.ens-lyon.fr\/ghys\/medias-2\/#breadcrumb\",\"itemListElement\":[{\"@type\":\"ListItem\",\"position\":1,\"name\":\"Accueil\",\"item\":\"https:\/\/perso.ens-lyon.fr\/ghys\/accueil\/\"},{\"@type\":\"ListItem\",\"position\":2,\"name\":\"Medias\"}]},{\"@type\":\"WebSite\",\"@id\":\"https:\/\/perso.ens-lyon.fr\/ghys\/#website\",\"url\":\"https:\/\/perso.ens-lyon.fr\/ghys\/\",\"name\":\"\u00c9tienne Ghys\",\"description\":\"\",\"potentialAction\":[{\"@type\":\"SearchAction\",\"target\":{\"@type\":\"EntryPoint\",\"urlTemplate\":\"https:\/\/perso.ens-lyon.fr\/ghys\/?s={search_term_string}\"},\"query-input\":{\"@type\":\"PropertyValueSpecification\",\"valueRequired\":true,\"valueName\":\"search_term_string\"}}],\"inLanguage\":\"fr-FR\"}]}<\/script>\n<!-- \/ Yoast SEO plugin. -->","yoast_head_json":{"title":"Medias - \u00c9tienne Ghys","robots":{"index":"index","follow":"follow","max-snippet":"max-snippet:-1","max-image-preview":"max-image-preview:large","max-video-preview":"max-video-preview:-1"},"canonical":"https:\/\/perso.ens-lyon.fr\/ghys\/medias-2\/","og_locale":"fr_FR","og_type":"article","og_title":"Medias - \u00c9tienne Ghys","og_description":"Films Dimensions, une promenade math\u00e9matique, 2008, avec A. Alvarez et J. Leys (prix d&rsquo;Alembert 2010). Chaos, une aventure math\u00e9matique, 2013, avec A. Alvarez et J. Leys. Le chaos, de Vive Voix, 2011, prix du livre audio lire dans le noir. Poincar\u00e9 et l&rsquo;harmonie et le chaos, participation au film de Philippe Worms. Podcasts\u00a0:\u00a0(les quatre livres &hellip; Continuer la lecture de Medias &rarr;","og_url":"https:\/\/perso.ens-lyon.fr\/ghys\/medias-2\/","og_site_name":"\u00c9tienne Ghys","article_modified_time":"2021-05-19T06:53:08+00:00","twitter_card":"summary_large_image","twitter_misc":{"Dur\u00e9e de lecture estim\u00e9e":"1 minute"},"schema":{"@context":"https:\/\/schema.org","@graph":[{"@type":"WebPage","@id":"https:\/\/perso.ens-lyon.fr\/ghys\/medias-2\/","url":"https:\/\/perso.ens-lyon.fr\/ghys\/medias-2\/","name":"Medias - \u00c9tienne Ghys","isPartOf":{"@id":"https:\/\/perso.ens-lyon.fr\/ghys\/#website"},"datePublished":"2016-01-21T15:30:26+00:00","dateModified":"2021-05-19T06:53:08+00:00","breadcrumb":{"@id":"https:\/\/perso.ens-lyon.fr\/ghys\/medias-2\/#breadcrumb"},"inLanguage":"fr-FR","potentialAction":[{"@type":"ReadAction","target":["https:\/\/perso.ens-lyon.fr\/ghys\/medias-2\/"]}]},{"@type":"BreadcrumbList","@id":"https:\/\/perso.ens-lyon.fr\/ghys\/medias-2\/#breadcrumb","itemListElement":[{"@type":"ListItem","position":1,"name":"Accueil","item":"https:\/\/perso.ens-lyon.fr\/ghys\/accueil\/"},{"@type":"ListItem","position":2,"name":"Medias"}]},{"@type":"WebSite","@id":"https:\/\/perso.ens-lyon.fr\/ghys\/#website","url":"https:\/\/perso.ens-lyon.fr\/ghys\/","name":"\u00c9tienne Ghys","description":"","potentialAction":[{"@type":"SearchAction","target":{"@type":"EntryPoint","urlTemplate":"https:\/\/perso.ens-lyon.fr\/ghys\/?s={search_term_string}"},"query-input":{"@type":"PropertyValueSpecification","valueRequired":true,"valueName":"search_term_string"}}],"inLanguage":"fr-FR"}]}},"uagb_featured_image_src":{"full":false,"thumbnail":false,"medium":false,"medium_large":false,"large":false,"1536x1536":false,"2048x2048":false,"post-thumbnail":false},"uagb_author_info":{"display_name":"ghys","author_link":"https:\/\/perso.ens-lyon.fr\/ghys\/author\/ghys\/"},"uagb_comment_info":0,"uagb_excerpt":"Films Dimensions, une promenade math\u00e9matique, 2008, avec A. Alvarez et J. Leys (prix d&rsquo;Alembert 2010). Chaos, une aventure math\u00e9matique, 2013, avec A. Alvarez et J. Leys. Le chaos, de Vive Voix, 2011, prix du livre audio lire dans le noir. Poincar\u00e9 et l&rsquo;harmonie et le chaos, participation au film de Philippe Worms. Podcasts\u00a0:\u00a0(les quatre livres\u2026","_links":{"self":[{"href":"https:\/\/perso.ens-lyon.fr\/ghys\/wp-json\/wp\/v2\/pages\/452","targetHints":{"allow":["GET"]}}],"collection":[{"href":"https:\/\/perso.ens-lyon.fr\/ghys\/wp-json\/wp\/v2\/pages"}],"about":[{"href":"https:\/\/perso.ens-lyon.fr\/ghys\/wp-json\/wp\/v2\/types\/page"}],"author":[{"embeddable":true,"href":"https:\/\/perso.ens-lyon.fr\/ghys\/wp-json\/wp\/v2\/users\/1"}],"replies":[{"embeddable":true,"href":"https:\/\/perso.ens-lyon.fr\/ghys\/wp-json\/wp\/v2\/comments?post=452"}],"version-history":[{"count":6,"href":"https:\/\/perso.ens-lyon.fr\/ghys\/wp-json\/wp\/v2\/pages\/452\/revisions"}],"predecessor-version":[{"id":1985,"href":"https:\/\/perso.ens-lyon.fr\/ghys\/wp-json\/wp\/v2\/pages\/452\/revisions\/1985"}],"wp:attachment":[{"href":"https:\/\/perso.ens-lyon.fr\/ghys\/wp-json\/wp\/v2\/media?parent=452"}],"curies":[{"name":"wp","href":"https:\/\/api.w.org\/{rel}","templated":true}]}}