{"id":467,"date":"2016-01-21T18:49:18","date_gmt":"2016-01-21T17:49:18","guid":{"rendered":"http:\/\/perso.ens-lyon.fr\/ghys\/?page_id=467"},"modified":"2023-09-24T20:33:01","modified_gmt":"2023-09-24T19:33:01","slug":"collaborators","status":"publish","type":"page","link":"https:\/\/perso.ens-lyon.fr\/ghys\/collaborators\/","title":{"rendered":"Collaborators"},"content":{"rendered":"<p>Chronological order&#8230;<\/p>\n<ul>\n<li>Vlad Sergiescu&nbsp;: Institut Fourier, Grenoble, France.<\/li>\n<li><a href=\"https:\/\/yvescarriere-mathgre.pagesperso-orange.fr\" class=\"broken_link\">Yves Carri\u00e8re<\/a>&nbsp;:&nbsp; Institut Fourier, Grenoble, France.<\/li>\n<li><a href=\"http:\/\/statistics.berkeley.edu\/people\/lisa-goldberg\" class=\"broken_link\">Lisa Goldberg<\/a>&nbsp;:&nbsp;MSCI Barra&nbsp;Berkeley, USA.<\/li>\n<li><a href=\"http:\/\/www.math.stonybrook.edu\/~dennis\/\" class=\"broken_link\">Dennis Sullivan<\/a>&nbsp;: Department of Mathematics SUNY, Stony Brook, New York , USA.<\/li>\n<li><a href=\"https:\/\/scholars.latrobe.edu.au\/gcairns\" class=\"broken_link\">Grant Cairns<\/a>&nbsp;: La Trobe University, Australia.<\/li>\n<li><a href=\"http:\/\/langevin.perso.math.cnrs.fr\" class=\"broken_link\">R\u00e9mi Langevin<\/a>&nbsp;: Laboratoire de Topologie, Dijon, France.<\/li>\n<li><a href=\"http:\/\/math.uni.lodz.pl\/%7Epawelwal\/\" class=\"broken_link\">Pawe\u0142 Walczak<\/a>&nbsp;: University of \u0141\u00f3d\u017a, Poland.<\/li>\n<li>Jean Barge : \u00c9cole Polytechnique, Palaiseau, France.<\/li>\n<li>Takashi Tsuboi&nbsp;: University of Tokyo, Japan.<\/li>\n<li><a href=\"http:\/\/math.univ-lyon1.fr\/homes-www\/hector\/\" class=\"broken_link\">Gilbert Hector<\/a>&nbsp;: Universit\u00e9 de Lyon, France.<\/li>\n<li>Yoichi Moriyama : Hokkaido University, Japan.<\/li>\n<li><a href=\"https:\/\/www.unige.ch\/math\/folks\/delaharpe\/\" class=\"broken_link\">Pierre de la Harpe<\/a>&nbsp;: Universit\u00e9 de Gen\u00e8ve.<\/li>\n<li><a href=\"http:\/\/www.unige.ch\/math\/folks\/haefliger\/\" class=\"broken_link\">Andr\u00e9 Haefliger&nbsp;<\/a>: Universit\u00e9 de Gen\u00e8ve.<\/li>\n<li><a href=\"https:\/\/www.math.u-bordeaux1.fr\/imb\/fiche-personnelle?uid=cbavard\" class=\"broken_link\">Christophe Bavard<\/a>&nbsp;: Universit\u00e9 de Bordeaux, France.<\/li>\n<li><a href=\"http:\/\/www.matem.unam.mx\/fsd\/alberto\" class=\"broken_link\">Alberto Verjovsky&nbsp;<\/a>: UNAM Cuernavaca, Mexico.<\/li>\n<li>Marco Brunella.<\/li>\n<li><a href=\"http:\/\/inphyni.cnrs.fr\/fr\/recherche\/ondes-et-physique-quantique\/physique-theorique\/membres-de-lequipe\/gambaudo-jean-marc\" class=\"broken_link\">Jean-Marc Gambaudo<\/a>&nbsp;: Universit\u00e9 de Nice, France.<\/li>\n<li>Julio Rebelo&nbsp;: Universit\u00e9 de Toulouse, France.<\/li>\n<li>Xavier Gomez-Mont : CIMAT Guanajuato, Mexico.<\/li>\n<li>Jordi Saludes : Universitat Polit\u00e8cnica de Catalunya, Espagne.<\/li>\n<li><a href=\"http:\/\/www.josleys.com\/\" class=\"broken_link\">Jos Leys :<\/a>&nbsp;Anvers, Belgique.<\/li>\n<li>Djamel Smai, Universit\u00e9 d&rsquo;Alger, Alg\u00e9rie.<\/li>\n<li><a href=\"http:\/\/www.aurelienalvarez.org\" class=\"broken_link\">Aur\u00e9lien Alvarez<\/a>&nbsp;: Universit\u00e9 d&rsquo;Orl\u00e9ans, France.<\/li>\n<li>Nicolas Bergeron&nbsp;: Universit\u00e9 Paris 6, France.<\/li>\n<li><a href=\"https:\/\/www.math.univ-paris13.fr\/~beguin\/Accueil.html\" class=\"broken_link\">Fran\u00e7ois B\u00e9guin<\/a>&nbsp;: Universit\u00e9 de Paris 13, France.<\/li>\n<li><a href=\"http:\/\/www.bourrigan.fr\" class=\"broken_link\">Maxime Bourrigan<\/a>&nbsp;: \u00c9cole Normale Sup\u00e9rieure, Paris, France.<\/li>\n<li><a href=\"https:\/\/cyagm.cyu.fr\/membres-1\" class=\"broken_link\">Bertrand Deroin<\/a>&nbsp;: \u00c9cole Normale Sup\u00e9rieure, Paris, France.<\/li>\n<li><a href=\"http:\/\/math.unice.fr\/%7Edumitres\/\" class=\"broken_link\">Sorin Dumitrescu<\/a>&nbsp;: Universit\u00e9 de Nice.<\/li>\n<li><a href=\"http:\/\/irma.math.unistra.fr\/~frances\/\" class=\"broken_link\">Charles Frances<\/a>&nbsp;: Universit\u00e9 de Paris 11, France.<\/li>\n<li><a href=\"https:\/\/perso.imj-prg.fr\/antonin-guilloux\/\" class=\"broken_link\">Antonin Guilloux<\/a>&nbsp;: Universit\u00e9 de Paris 6, France.<\/li>\n<li><a href=\"http:\/\/perso.univ-rennes1.fr\/frank.loray\/\" class=\"broken_link\">Frank Loray<\/a>&nbsp;: Universit\u00e9 de Rennes, France.<\/li>\n<li><a href=\"http:\/\/math.univ-lille1.fr\/%7Epopescu\/\" class=\"broken_link\">Patrick Popescu-Pampu<\/a>&nbsp;: Universit\u00e9 de Lille, France.<\/li>\n<li><a href=\"https:\/\/www-fourier.ujf-grenoble.fr\/~py\/\" class=\"broken_link\">Pierre Py<\/a>&nbsp;: Universit\u00e9 de Strasbourg, France.<\/li>\n<li><a href=\"http:\/\/www.umpa.ens-lyon.fr\/%7Esevennec\/\" class=\"broken_link\">Bruno S\u00e9vennec<\/a>&nbsp;: \u00c9cole Normale Sup\u00e9rieure de Lyon, France.<\/li>\n<li>Jean-Claude Sikorav&nbsp;: \u00c9cole Normale Sup\u00e9rieure de Lyon, France.<\/li>\n<li><a href=\"http:\/\/www-fourier.ujf-grenoble.fr\/%7Ecatriona\/\" class=\"broken_link\">Catriona Maclean<\/a>&nbsp;: Universit\u00e9 de Grenoble, France.<\/li>\n<li><a href=\"http:\/\/www.personal.psu.edu\/sot2\/\" class=\"broken_link\">Serguei Tabachnikov<\/a>&nbsp;: Penn State University, USA.<\/li>\n<li><a href=\"http:\/\/www.hse.ru\/en\/org\/persons\/10023259\" class=\"broken_link\">Vladlen Timorin<\/a>&nbsp;: National Research University Higher School of Economics, Russie.<\/li>\n<li><a href=\"http:\/\/frederic.chambat.free.fr\" class=\"broken_link\">Fr\u00e9d\u00e9ric Chambat<\/a>&nbsp;: ENS Lyon, France.<\/li>\n<li><a href=\"http:\/\/www.maths.ed.ac.uk\/~aar\/\" class=\"broken_link\">Andrew Ranicki<\/a>&nbsp;: University of Edinburgh, Scotland.<\/li>\n<\/ul>\n<ul>\n<li>My&nbsp;Erd\u00f6s number is&nbsp;4.<\/li>\n<\/ul>\n<p><span style=\"color: #000000; font-family: 'Lucida Grande', Verdana, Geneva, Arial, Helvetica, sans-serif; font-size: 13px; text-align: justify; background-color: #f9fcff;\">&nbsp;<\/span><\/p>\n","protected":false},"excerpt":{"rendered":"<p>Chronological order&#8230; Vlad Sergiescu&nbsp;: Institut Fourier, Grenoble, France. Yves Carri\u00e8re&nbsp;:&nbsp; Institut Fourier, Grenoble, France. Lisa Goldberg&nbsp;:&nbsp;MSCI Barra&nbsp;Berkeley, USA. Dennis Sullivan&nbsp;: Department of Mathematics SUNY, Stony Brook, New York , USA. Grant Cairns&nbsp;: La Trobe University, Australia. R\u00e9mi Langevin&nbsp;: Laboratoire de Topologie, Dijon, France. Pawe\u0142 Walczak&nbsp;: University of \u0141\u00f3d\u017a, Poland. Jean Barge : \u00c9cole Polytechnique, Palaiseau, &hellip; <a href=\"https:\/\/perso.ens-lyon.fr\/ghys\/collaborators\/\" class=\"more-link\">Continuer la lecture de <span class=\"screen-reader-text\">Collaborators<\/span> <span class=\"meta-nav\">&rarr;<\/span><\/a><\/p>\n","protected":false},"author":1,"featured_media":0,"parent":0,"menu_order":0,"comment_status":"closed","ping_status":"closed","template":"","meta":{"_uag_custom_page_level_css":"","ub_ctt_via":"","_exactmetrics_skip_tracking":false,"_exactmetrics_sitenote_active":false,"_exactmetrics_sitenote_note":"","_exactmetrics_sitenote_category":0,"episode_type":"","audio_file":"","cover_image":"","cover_image_id":"","duration":"","filesize":"","date_recorded":"","explicit":"","block":"","itunes_episode_number":"","itunes_title":"","itunes_season_number":"","itunes_episode_type":"","filesize_raw":"","footnotes":""},"class_list":["post-467","page","type-page","status-publish","hentry"],"featured_image_src":null,"yoast_head":"<!-- This site is optimized with the Yoast SEO plugin v25.4 - https:\/\/yoast.com\/wordpress\/plugins\/seo\/ -->\n<title>Collaborators - \u00c9tienne Ghys<\/title>\n<meta name=\"robots\" content=\"index, follow, max-snippet:-1, max-image-preview:large, max-video-preview:-1\" \/>\n<link rel=\"canonical\" href=\"https:\/\/perso.ens-lyon.fr\/ghys\/collaborators\/\" \/>\n<meta property=\"og:locale\" content=\"fr_FR\" \/>\n<meta property=\"og:type\" content=\"article\" \/>\n<meta property=\"og:title\" content=\"Collaborators - \u00c9tienne Ghys\" \/>\n<meta property=\"og:description\" content=\"Chronological order&#8230; Vlad Sergiescu&nbsp;: Institut Fourier, Grenoble, France. Yves Carri\u00e8re&nbsp;:&nbsp; Institut Fourier, Grenoble, France. Lisa Goldberg&nbsp;:&nbsp;MSCI Barra&nbsp;Berkeley, USA. Dennis Sullivan&nbsp;: Department of Mathematics SUNY, Stony Brook, New York , USA. Grant Cairns&nbsp;: La Trobe University, Australia. R\u00e9mi Langevin&nbsp;: Laboratoire de Topologie, Dijon, France. Pawe\u0142 Walczak&nbsp;: University of \u0141\u00f3d\u017a, Poland. Jean Barge : \u00c9cole Polytechnique, Palaiseau, &hellip; Continuer la lecture de Collaborators &rarr;\" \/>\n<meta property=\"og:url\" content=\"https:\/\/perso.ens-lyon.fr\/ghys\/collaborators\/\" \/>\n<meta property=\"og:site_name\" content=\"\u00c9tienne Ghys\" \/>\n<meta property=\"article:modified_time\" content=\"2023-09-24T19:33:01+00:00\" \/>\n<meta name=\"twitter:card\" content=\"summary_large_image\" \/>\n<meta name=\"twitter:label1\" content=\"Dur\u00e9e de lecture estim\u00e9e\" \/>\n\t<meta name=\"twitter:data1\" content=\"2 minutes\" \/>\n<script type=\"application\/ld+json\" class=\"yoast-schema-graph\">{\"@context\":\"https:\/\/schema.org\",\"@graph\":[{\"@type\":\"WebPage\",\"@id\":\"https:\/\/perso.ens-lyon.fr\/ghys\/collaborators\/\",\"url\":\"https:\/\/perso.ens-lyon.fr\/ghys\/collaborators\/\",\"name\":\"Collaborators - \u00c9tienne Ghys\",\"isPartOf\":{\"@id\":\"https:\/\/perso.ens-lyon.fr\/ghys\/#website\"},\"datePublished\":\"2016-01-21T17:49:18+00:00\",\"dateModified\":\"2023-09-24T19:33:01+00:00\",\"breadcrumb\":{\"@id\":\"https:\/\/perso.ens-lyon.fr\/ghys\/collaborators\/#breadcrumb\"},\"inLanguage\":\"fr-FR\",\"potentialAction\":[{\"@type\":\"ReadAction\",\"target\":[\"https:\/\/perso.ens-lyon.fr\/ghys\/collaborators\/\"]}]},{\"@type\":\"BreadcrumbList\",\"@id\":\"https:\/\/perso.ens-lyon.fr\/ghys\/collaborators\/#breadcrumb\",\"itemListElement\":[{\"@type\":\"ListItem\",\"position\":1,\"name\":\"Accueil\",\"item\":\"https:\/\/perso.ens-lyon.fr\/ghys\/accueil\/\"},{\"@type\":\"ListItem\",\"position\":2,\"name\":\"Collaborators\"}]},{\"@type\":\"WebSite\",\"@id\":\"https:\/\/perso.ens-lyon.fr\/ghys\/#website\",\"url\":\"https:\/\/perso.ens-lyon.fr\/ghys\/\",\"name\":\"\u00c9tienne Ghys\",\"description\":\"\",\"potentialAction\":[{\"@type\":\"SearchAction\",\"target\":{\"@type\":\"EntryPoint\",\"urlTemplate\":\"https:\/\/perso.ens-lyon.fr\/ghys\/?s={search_term_string}\"},\"query-input\":{\"@type\":\"PropertyValueSpecification\",\"valueRequired\":true,\"valueName\":\"search_term_string\"}}],\"inLanguage\":\"fr-FR\"}]}<\/script>\n<!-- \/ Yoast SEO plugin. -->","yoast_head_json":{"title":"Collaborators - \u00c9tienne Ghys","robots":{"index":"index","follow":"follow","max-snippet":"max-snippet:-1","max-image-preview":"max-image-preview:large","max-video-preview":"max-video-preview:-1"},"canonical":"https:\/\/perso.ens-lyon.fr\/ghys\/collaborators\/","og_locale":"fr_FR","og_type":"article","og_title":"Collaborators - \u00c9tienne Ghys","og_description":"Chronological order&#8230; Vlad Sergiescu&nbsp;: Institut Fourier, Grenoble, France. Yves Carri\u00e8re&nbsp;:&nbsp; Institut Fourier, Grenoble, France. Lisa Goldberg&nbsp;:&nbsp;MSCI Barra&nbsp;Berkeley, USA. Dennis Sullivan&nbsp;: Department of Mathematics SUNY, Stony Brook, New York , USA. Grant Cairns&nbsp;: La Trobe University, Australia. R\u00e9mi Langevin&nbsp;: Laboratoire de Topologie, Dijon, France. Pawe\u0142 Walczak&nbsp;: University of \u0141\u00f3d\u017a, Poland. Jean Barge : \u00c9cole Polytechnique, Palaiseau, &hellip; Continuer la lecture de Collaborators &rarr;","og_url":"https:\/\/perso.ens-lyon.fr\/ghys\/collaborators\/","og_site_name":"\u00c9tienne Ghys","article_modified_time":"2023-09-24T19:33:01+00:00","twitter_card":"summary_large_image","twitter_misc":{"Dur\u00e9e de lecture estim\u00e9e":"2 minutes"},"schema":{"@context":"https:\/\/schema.org","@graph":[{"@type":"WebPage","@id":"https:\/\/perso.ens-lyon.fr\/ghys\/collaborators\/","url":"https:\/\/perso.ens-lyon.fr\/ghys\/collaborators\/","name":"Collaborators - \u00c9tienne Ghys","isPartOf":{"@id":"https:\/\/perso.ens-lyon.fr\/ghys\/#website"},"datePublished":"2016-01-21T17:49:18+00:00","dateModified":"2023-09-24T19:33:01+00:00","breadcrumb":{"@id":"https:\/\/perso.ens-lyon.fr\/ghys\/collaborators\/#breadcrumb"},"inLanguage":"fr-FR","potentialAction":[{"@type":"ReadAction","target":["https:\/\/perso.ens-lyon.fr\/ghys\/collaborators\/"]}]},{"@type":"BreadcrumbList","@id":"https:\/\/perso.ens-lyon.fr\/ghys\/collaborators\/#breadcrumb","itemListElement":[{"@type":"ListItem","position":1,"name":"Accueil","item":"https:\/\/perso.ens-lyon.fr\/ghys\/accueil\/"},{"@type":"ListItem","position":2,"name":"Collaborators"}]},{"@type":"WebSite","@id":"https:\/\/perso.ens-lyon.fr\/ghys\/#website","url":"https:\/\/perso.ens-lyon.fr\/ghys\/","name":"\u00c9tienne Ghys","description":"","potentialAction":[{"@type":"SearchAction","target":{"@type":"EntryPoint","urlTemplate":"https:\/\/perso.ens-lyon.fr\/ghys\/?s={search_term_string}"},"query-input":{"@type":"PropertyValueSpecification","valueRequired":true,"valueName":"search_term_string"}}],"inLanguage":"fr-FR"}]}},"uagb_featured_image_src":{"full":false,"thumbnail":false,"medium":false,"medium_large":false,"large":false,"1536x1536":false,"2048x2048":false,"post-thumbnail":false},"uagb_author_info":{"display_name":"ghys","author_link":"https:\/\/perso.ens-lyon.fr\/ghys\/author\/ghys\/"},"uagb_comment_info":0,"uagb_excerpt":"Chronological order&#8230; Vlad Sergiescu&nbsp;: Institut Fourier, Grenoble, France. Yves Carri\u00e8re&nbsp;:&nbsp; Institut Fourier, Grenoble, France. Lisa Goldberg&nbsp;:&nbsp;MSCI Barra&nbsp;Berkeley, USA. Dennis Sullivan&nbsp;: Department of Mathematics SUNY, Stony Brook, New York , USA. Grant Cairns&nbsp;: La Trobe University, Australia. R\u00e9mi Langevin&nbsp;: Laboratoire de Topologie, Dijon, France. Pawe\u0142 Walczak&nbsp;: University of \u0141\u00f3d\u017a, Poland. Jean Barge : \u00c9cole Polytechnique, Palaiseau,\u2026","_links":{"self":[{"href":"https:\/\/perso.ens-lyon.fr\/ghys\/wp-json\/wp\/v2\/pages\/467","targetHints":{"allow":["GET"]}}],"collection":[{"href":"https:\/\/perso.ens-lyon.fr\/ghys\/wp-json\/wp\/v2\/pages"}],"about":[{"href":"https:\/\/perso.ens-lyon.fr\/ghys\/wp-json\/wp\/v2\/types\/page"}],"author":[{"embeddable":true,"href":"https:\/\/perso.ens-lyon.fr\/ghys\/wp-json\/wp\/v2\/users\/1"}],"replies":[{"embeddable":true,"href":"https:\/\/perso.ens-lyon.fr\/ghys\/wp-json\/wp\/v2\/comments?post=467"}],"version-history":[{"count":21,"href":"https:\/\/perso.ens-lyon.fr\/ghys\/wp-json\/wp\/v2\/pages\/467\/revisions"}],"predecessor-version":[{"id":2599,"href":"https:\/\/perso.ens-lyon.fr\/ghys\/wp-json\/wp\/v2\/pages\/467\/revisions\/2599"}],"wp:attachment":[{"href":"https:\/\/perso.ens-lyon.fr\/ghys\/wp-json\/wp\/v2\/media?parent=467"}],"curies":[{"name":"wp","href":"https:\/\/api.w.org\/{rel}","templated":true}]}}