{"id":72,"date":"2016-01-17T20:58:48","date_gmt":"2016-01-17T19:58:48","guid":{"rendered":"http:\/\/perso.ens-lyon.fr\/ghys\/?page_id=72"},"modified":"2023-10-03T20:50:19","modified_gmt":"2023-10-03T19:50:19","slug":"home","status":"publish","type":"page","link":"https:\/\/perso.ens-lyon.fr\/ghys\/home\/","title":{"rendered":"Home"},"content":{"rendered":"<div class=\"csRow\">\n<div class=\"csColumnGap\" style=\"margin: 0px; padding: 0px; float: left; width: 1.56%;\"><img decoding=\"async\" style=\"border: none;\" src=\"https:\/\/perso.ens-lyon.fr\/ghys\/wp-content\/plugins\/advanced-wp-columns\/assets\/js\/plugins\/views\/img\/1x1-pixel.png\" alt=\"\"><\/div>\n<div class=\"csColumn\" style=\"margin: 0px; padding: 0px; float: left; width: 43.6%;\" data-csstartpoint=\"15\" data-csendpoint=\"434\" data-cswidth=\"43.6%\" data-csid=\"cb338f05-cfe9-9bae-906c-cde5bffe5aed\">\n<p style=\"text-align: center;\"><div id=\"metaslider-id-1876\" style=\"width: 100%;\" class=\"ml-slider-3-99-0 metaslider metaslider-flex metaslider-1876 ml-slider ms-theme-default\" role=\"region\" aria-label=\"test\" data-width=\"700\">\n    <div id=\"metaslider_container_1876\">\n        <div id=\"metaslider_1876\" class=\"flexslider\">\n            <ul class='slides'>\n                <li style=\"display: block; width: 100%;\" class=\"slide-1879 ms-image \" aria-roledescription=\"slide\" data-date=\"2021-05-15 08:51:09\"><a href=\"http:\/\/perso.ens-lyon.fr\/ghys\/promenade#Turkish\" target=\"_self\" aria-label=\"View Slide Details\" class=\"metaslider_image_link\"><img loading=\"lazy\" decoding=\"async\" src=\"https:\/\/perso.ens-lyon.fr\/ghys\/wp-content\/uploads\/2018\/04\/Gezinti-e1523614434408-444x635.jpg\" height=\"1000\" width=\"700\" alt=\"\" class=\"slider-1876 slide-1879 msDefaultImage\" title=\"Gezinti\" \/><\/a><\/li>\n                <li style=\"display: none; width: 100%;\" class=\"slide-1887 ms-image \" aria-roledescription=\"slide\" data-date=\"2021-05-15 09:26:27\"><a href=\"http:\/\/perso.ens-lyon.fr\/ghys\/promenade#Russian\" target=\"_self\" aria-label=\"View Slide Details\" class=\"metaslider_image_link\"><img loading=\"lazy\" decoding=\"async\" src=\"https:\/\/perso.ens-lyon.fr\/ghys\/wp-content\/uploads\/2021\/05\/PromenadeRusse-700x1000.jpg\" height=\"1000\" width=\"700\" alt=\"\" class=\"slider-1876 slide-1887 msDefaultImage\" title=\"PromenadeRusse\" \/><\/a><\/li>\n                <li style=\"display: none; width: 100%;\" class=\"slide-2046 ms-image \" aria-roledescription=\"slide\" data-date=\"2021-12-29 11:35:40\"><a href=\"http:\/\/perso.ens-lyon.fr\/ghys\/promenade#Arabic\" target=\"_self\" aria-label=\"View Slide Details\" class=\"metaslider_image_link\"><img loading=\"lazy\" decoding=\"async\" src=\"https:\/\/perso.ens-lyon.fr\/ghys\/wp-content\/uploads\/2021\/12\/PromenadeArabic-1-700x1000.jpg\" height=\"1000\" width=\"700\" alt=\"\" class=\"slider-1876 slide-2046 msDefaultImage\" title=\"PromenadeArabic\" \/><\/a><\/li>\n                <li style=\"display: none; width: 100%;\" class=\"slide-2491 ms-image \" aria-roledescription=\"slide\" data-date=\"2023-01-27 22:18:04\"><a href=\"https:\/\/www.odilejacob.fr\/catalogue\/sciences\/mathematiques\/petite-histoire-du-ballon-de-foot_9782415005443.php\" target=\"_self\" aria-label=\"View Slide Details\" class=\"metaslider_image_link\"><img loading=\"lazy\" decoding=\"async\" src=\"https:\/\/perso.ens-lyon.fr\/ghys\/wp-content\/uploads\/2023\/01\/foot-350x500.jpg\" height=\"1000\" width=\"700\" alt=\"\" class=\"slider-1876 slide-2491 msDefaultImage\" title=\"foot\" \/><\/a><\/li>\n                <li style=\"display: none; width: 100%;\" class=\"slide-2613 ms-image \" aria-roledescription=\"slide\" data-date=\"2023-10-03 20:33:18\"><a href=\"https:\/\/store.cassini.fr\/fr\/documents-essais-culture-scientifique\/148-une-singuliere-promenade-mathematique.html?search_query=ghys&amp;results=1\" target=\"_self\" aria-label=\"View Slide Details\" class=\"metaslider_image_link\"><img loading=\"lazy\" decoding=\"async\" src=\"https:\/\/perso.ens-lyon.fr\/ghys\/wp-content\/uploads\/2023\/10\/Sing-scaled-700x1000.jpg\" height=\"1000\" width=\"700\" alt=\"\" class=\"slider-1876 slide-2613 msDefaultImage\" title=\"Sing\" \/><\/a><\/li>\n                <li style=\"display: none; width: 100%;\" class=\"slide-1878 ms-image \" aria-roledescription=\"slide\" data-date=\"2021-05-15 08:51:09\"><a href=\"https:\/\/www.odilejacob.fr\/catalogue\/sciences\/physique-chimie\/petite-histoire-des-flocons-de-neige_9782738154415.php\" target=\"_self\" aria-label=\"View Slide Details\" class=\"metaslider_image_link\"><img loading=\"lazy\" decoding=\"async\" src=\"https:\/\/perso.ens-lyon.fr\/ghys\/wp-content\/uploads\/2021\/02\/neige-350x500.jpg\" height=\"1000\" width=\"700\" alt=\"\" class=\"slider-1876 slide-1878 msDefaultImage\" title=\"neige\" \/><\/a><\/li>\n                <li style=\"display: none; width: 100%;\" class=\"slide-1880 ms-image \" aria-roledescription=\"slide\" data-date=\"2021-05-15 08:51:09\"><a href=\"http:\/\/perso.ens-lyon.fr\/ghys\/promenade#English\" target=\"_self\" aria-label=\"View Slide Details\" class=\"metaslider_image_link\"><img loading=\"lazy\" decoding=\"async\" src=\"https:\/\/perso.ens-lyon.fr\/ghys\/wp-content\/uploads\/2017\/08\/couv-397x568.jpg\" height=\"1000\" width=\"700\" alt=\"\" class=\"slider-1876 slide-1880 msDefaultImage\" title=\"couv\" \/><\/a><\/li>\n                <li style=\"display: none; width: 100%;\" class=\"slide-2588 ms-image \" aria-roledescription=\"slide\" data-date=\"2023-09-24 17:46:04\"><a href=\"https:\/\/www.cnrseditions.fr\/catalogue\/mathematiques\/la-theorie-du-chaos\/#:~:text=Il%20est%20inhabituel%20qu%27une,provoquer%20une%20tornade%20au%20Texas.\" target=\"_self\" aria-label=\"View Slide Details\" class=\"metaslider_image_link\"><img loading=\"lazy\" decoding=\"async\" src=\"https:\/\/perso.ens-lyon.fr\/ghys\/wp-content\/uploads\/2023\/09\/chaos-600x857.jpg\" height=\"1000\" width=\"700\" alt=\"\" class=\"slider-1876 slide-2588 msDefaultImage\" title=\"chaos\" \/><\/a><\/li>\n                <li style=\"display: none; width: 100%;\" class=\"slide-1997 ms-image \" aria-roledescription=\"slide\" data-date=\"2021-05-25 13:56:14\"><a href=\"http:\/\/perso.ens-lyon.fr\/ghys\/promenade#Portuguese\" target=\"_self\" aria-label=\"View Slide Details\" class=\"metaslider_image_link\"><img loading=\"lazy\" decoding=\"async\" src=\"https:\/\/perso.ens-lyon.fr\/ghys\/wp-content\/uploads\/2021\/05\/orestatijuca-1-700x1000.jpg\" height=\"1000\" width=\"700\" alt=\"\" class=\"slider-1876 slide-1997 msDefaultImage\" title=\"orestatijuca\" \/><\/a><\/li>\n            <\/ul>\n        <\/div>\n        \n    <\/div>\n<\/div><\/p>\n<\/div>\n<div class=\"csColumnGap\" style=\"margin: 0px; padding: 0px; float: left; width: 5.1%;\"><img decoding=\"async\" style=\"border: none;\" src=\"https:\/\/perso.ens-lyon.fr\/ghys\/wp-content\/plugins\/advanced-wp-columns\/assets\/js\/plugins\/views\/img\/1x1-pixel.png\" alt=\"\"><\/div>\n<div class=\"csColumn\" style=\"margin: 0px; padding: 0px; float: left; width: 49.7%;\" data-csstartpoint=\"483\" data-csendpoint=\"960\" data-cswidth=\"49.7%\" data-csid=\"af0a6761-aef0-d5d8-95bc-1be137f3296b\">\n<div style=\"margin-bottom: 1em;\"><span style=\"display: none;\">.<\/span><\/div>\n<p>Mathematician,<\/p>\n<p style=\"text-align: left;\">Directeur de recherche \u00e9m\u00e9rite <a href=\"http:\/\/www.cnrs.fr\/\">CNRS<\/a>,<\/p>\n<p><a href=\"http:\/\/www.umpa.ens-lyon.fr\/\" class=\"broken_link\">Unit\u00e9 de Math\u00e9matiques Pures et Appliqu\u00e9es<\/a><\/p>\n<p><a href=\"http:\/\/www.ens-lyon.fr\">\u00c9cole Normale Sup\u00e9rieure de Lyon<\/a>.<\/p>\n<p>Secr\u00e9taire perp\u00e9tuel <a href=\"http:\/\/www.academie-sciences.fr\/en\/\">Acad\u00e9mie des sciences<\/a>.<\/p>\n<p>Geometry, Topology,<\/p>\n<p>Dynamical systems,&nbsp;mathematics in&nbsp;general.<\/p>\n<p><a href=\"mailto:etienne.ghys@ens-lyon.fr\">etienne.ghys@ens-lyon.fr<\/a><\/p>\n<p><a href=\"mailto:etienne.ghys@academie-sciences.fr\">etienne.ghys@academie-sciences.fr<\/a><\/p>\n<\/div>\n<\/div>\n\n\n<p>A singular mathematical promenade, <a href=\"https:\/\/perso.ens-lyon.fr\/ghys\/promenade#English\">English<\/a>, <a href=\"https:\/\/perso.ens-lyon.fr\/ghys\/promenade#Turkish\">Turkish<\/a>, <a href=\"https:\/\/perso.ens-lyon.fr\/ghys\/promenade#Russian\">Russian<\/a>, <a href=\"https:\/\/perso.ens-lyon.fr\/ghys\/promenade#Portuguese\">Portuguese<\/a>, <a href=\"https:\/\/perso.ens-lyon.fr\/ghys\/promenade#Arabic\">Arabic<\/a>, <a href=\"https:\/\/perso.ens-lyon.fr\/ghys\/promenade#Fran\u00e7ais\">French<\/a><\/p>\n\n\n\n<p><a href=\"https:\/\/www.odilejacob.fr\/catalogue\/sciences\/physique-chimie\/petite-histoire-des-flocons-de-neige_9782738154415.php\">La petite histoire des flocons de neige<\/a><\/p>\n\n\n\n<p><a href=\"https:\/\/www.odilejacob.fr\/catalogue\/sciences\/mathematiques\/petite-histoire-du-ballon-de-foot_9782415005443.php\">La petite histoire du ballon de foot<\/a><\/p>\n","protected":false},"excerpt":{"rendered":"<p>. Mathematician, Directeur de recherche \u00e9m\u00e9rite CNRS, Unit\u00e9 de Math\u00e9matiques Pures et Appliqu\u00e9es \u00c9cole Normale Sup\u00e9rieure de Lyon. Secr\u00e9taire perp\u00e9tuel Acad\u00e9mie des sciences. Geometry, Topology, Dynamical systems,&nbsp;mathematics in&nbsp;general. etienne.ghys@ens-lyon.fr etienne.ghys@academie-sciences.fr A singular mathematical promenade, English, Turkish, Russian, Portuguese, Arabic, French La petite histoire des flocons de neige La petite histoire du ballon de foot<\/p>\n","protected":false},"author":1,"featured_media":0,"parent":0,"menu_order":0,"comment_status":"closed","ping_status":"closed","template":"","meta":{"_uag_custom_page_level_css":"","ub_ctt_via":"","_exactmetrics_skip_tracking":false,"_exactmetrics_sitenote_active":false,"_exactmetrics_sitenote_note":"","_exactmetrics_sitenote_category":0,"episode_type":"","audio_file":"","cover_image":"","cover_image_id":"","duration":"","filesize":"","date_recorded":"","explicit":"","block":"","itunes_episode_number":"","itunes_title":"","itunes_season_number":"","itunes_episode_type":"","filesize_raw":"","footnotes":""},"class_list":["post-72","page","type-page","status-publish","hentry"],"featured_image_src":null,"yoast_head":"<!-- This site is optimized with the Yoast SEO plugin v25.4 - https:\/\/yoast.com\/wordpress\/plugins\/seo\/ -->\n<title>Home - \u00c9tienne Ghys<\/title>\n<meta name=\"robots\" content=\"index, follow, max-snippet:-1, max-image-preview:large, max-video-preview:-1\" \/>\n<link rel=\"canonical\" href=\"https:\/\/perso.ens-lyon.fr\/ghys\/home\/\" \/>\n<meta property=\"og:locale\" content=\"fr_FR\" \/>\n<meta property=\"og:type\" content=\"article\" \/>\n<meta property=\"og:title\" content=\"Home - \u00c9tienne Ghys\" \/>\n<meta property=\"og:description\" content=\". Mathematician, Directeur de recherche \u00e9m\u00e9rite CNRS, Unit\u00e9 de Math\u00e9matiques Pures et Appliqu\u00e9es \u00c9cole Normale Sup\u00e9rieure de Lyon. Secr\u00e9taire perp\u00e9tuel Acad\u00e9mie des sciences. Geometry, Topology, Dynamical systems,&nbsp;mathematics in&nbsp;general. etienne.ghys@ens-lyon.fr etienne.ghys@academie-sciences.fr A singular mathematical promenade, English, Turkish, Russian, Portuguese, Arabic, French La petite histoire des flocons de neige La petite histoire du ballon de foot\" \/>\n<meta property=\"og:url\" content=\"https:\/\/perso.ens-lyon.fr\/ghys\/home\/\" \/>\n<meta property=\"og:site_name\" content=\"\u00c9tienne Ghys\" \/>\n<meta property=\"article:modified_time\" content=\"2023-10-03T19:50:19+00:00\" \/>\n<meta property=\"og:image\" content=\"http:\/\/perso.ens-lyon.fr\/ghys\/wp-content\/plugins\/advanced-wp-columns\/assets\/js\/plugins\/views\/img\/1x1-pixel.png\" \/>\n<meta name=\"twitter:card\" content=\"summary_large_image\" \/>\n<meta name=\"twitter:label1\" content=\"Dur\u00e9e de lecture estim\u00e9e\" \/>\n\t<meta name=\"twitter:data1\" content=\"1 minute\" \/>\n<script type=\"application\/ld+json\" class=\"yoast-schema-graph\">{\"@context\":\"https:\/\/schema.org\",\"@graph\":[{\"@type\":\"WebPage\",\"@id\":\"https:\/\/perso.ens-lyon.fr\/ghys\/home\/\",\"url\":\"https:\/\/perso.ens-lyon.fr\/ghys\/home\/\",\"name\":\"Home - \u00c9tienne Ghys\",\"isPartOf\":{\"@id\":\"https:\/\/perso.ens-lyon.fr\/ghys\/#website\"},\"primaryImageOfPage\":{\"@id\":\"https:\/\/perso.ens-lyon.fr\/ghys\/home\/#primaryimage\"},\"image\":{\"@id\":\"https:\/\/perso.ens-lyon.fr\/ghys\/home\/#primaryimage\"},\"thumbnailUrl\":\"http:\/\/perso.ens-lyon.fr\/ghys\/wp-content\/plugins\/advanced-wp-columns\/assets\/js\/plugins\/views\/img\/1x1-pixel.png\",\"datePublished\":\"2016-01-17T19:58:48+00:00\",\"dateModified\":\"2023-10-03T19:50:19+00:00\",\"breadcrumb\":{\"@id\":\"https:\/\/perso.ens-lyon.fr\/ghys\/home\/#breadcrumb\"},\"inLanguage\":\"fr-FR\",\"potentialAction\":[{\"@type\":\"ReadAction\",\"target\":[\"https:\/\/perso.ens-lyon.fr\/ghys\/home\/\"]}]},{\"@type\":\"ImageObject\",\"inLanguage\":\"fr-FR\",\"@id\":\"https:\/\/perso.ens-lyon.fr\/ghys\/home\/#primaryimage\",\"url\":\"http:\/\/perso.ens-lyon.fr\/ghys\/wp-content\/plugins\/advanced-wp-columns\/assets\/js\/plugins\/views\/img\/1x1-pixel.png\",\"contentUrl\":\"http:\/\/perso.ens-lyon.fr\/ghys\/wp-content\/plugins\/advanced-wp-columns\/assets\/js\/plugins\/views\/img\/1x1-pixel.png\"},{\"@type\":\"BreadcrumbList\",\"@id\":\"https:\/\/perso.ens-lyon.fr\/ghys\/home\/#breadcrumb\",\"itemListElement\":[{\"@type\":\"ListItem\",\"position\":1,\"name\":\"Accueil\",\"item\":\"https:\/\/perso.ens-lyon.fr\/ghys\/accueil\/\"},{\"@type\":\"ListItem\",\"position\":2,\"name\":\"Home\"}]},{\"@type\":\"WebSite\",\"@id\":\"https:\/\/perso.ens-lyon.fr\/ghys\/#website\",\"url\":\"https:\/\/perso.ens-lyon.fr\/ghys\/\",\"name\":\"\u00c9tienne Ghys\",\"description\":\"\",\"potentialAction\":[{\"@type\":\"SearchAction\",\"target\":{\"@type\":\"EntryPoint\",\"urlTemplate\":\"https:\/\/perso.ens-lyon.fr\/ghys\/?s={search_term_string}\"},\"query-input\":{\"@type\":\"PropertyValueSpecification\",\"valueRequired\":true,\"valueName\":\"search_term_string\"}}],\"inLanguage\":\"fr-FR\"}]}<\/script>\n<!-- \/ Yoast SEO plugin. -->","yoast_head_json":{"title":"Home - \u00c9tienne Ghys","robots":{"index":"index","follow":"follow","max-snippet":"max-snippet:-1","max-image-preview":"max-image-preview:large","max-video-preview":"max-video-preview:-1"},"canonical":"https:\/\/perso.ens-lyon.fr\/ghys\/home\/","og_locale":"fr_FR","og_type":"article","og_title":"Home - \u00c9tienne Ghys","og_description":". Mathematician, Directeur de recherche \u00e9m\u00e9rite CNRS, Unit\u00e9 de Math\u00e9matiques Pures et Appliqu\u00e9es \u00c9cole Normale Sup\u00e9rieure de Lyon. Secr\u00e9taire perp\u00e9tuel Acad\u00e9mie des sciences. Geometry, Topology, Dynamical systems,&nbsp;mathematics in&nbsp;general. etienne.ghys@ens-lyon.fr etienne.ghys@academie-sciences.fr A singular mathematical promenade, English, Turkish, Russian, Portuguese, Arabic, French La petite histoire des flocons de neige La petite histoire du ballon de foot","og_url":"https:\/\/perso.ens-lyon.fr\/ghys\/home\/","og_site_name":"\u00c9tienne Ghys","article_modified_time":"2023-10-03T19:50:19+00:00","og_image":[{"url":"http:\/\/perso.ens-lyon.fr\/ghys\/wp-content\/plugins\/advanced-wp-columns\/assets\/js\/plugins\/views\/img\/1x1-pixel.png","type":"","width":"","height":""}],"twitter_card":"summary_large_image","twitter_misc":{"Dur\u00e9e de lecture estim\u00e9e":"1 minute"},"schema":{"@context":"https:\/\/schema.org","@graph":[{"@type":"WebPage","@id":"https:\/\/perso.ens-lyon.fr\/ghys\/home\/","url":"https:\/\/perso.ens-lyon.fr\/ghys\/home\/","name":"Home - \u00c9tienne Ghys","isPartOf":{"@id":"https:\/\/perso.ens-lyon.fr\/ghys\/#website"},"primaryImageOfPage":{"@id":"https:\/\/perso.ens-lyon.fr\/ghys\/home\/#primaryimage"},"image":{"@id":"https:\/\/perso.ens-lyon.fr\/ghys\/home\/#primaryimage"},"thumbnailUrl":"http:\/\/perso.ens-lyon.fr\/ghys\/wp-content\/plugins\/advanced-wp-columns\/assets\/js\/plugins\/views\/img\/1x1-pixel.png","datePublished":"2016-01-17T19:58:48+00:00","dateModified":"2023-10-03T19:50:19+00:00","breadcrumb":{"@id":"https:\/\/perso.ens-lyon.fr\/ghys\/home\/#breadcrumb"},"inLanguage":"fr-FR","potentialAction":[{"@type":"ReadAction","target":["https:\/\/perso.ens-lyon.fr\/ghys\/home\/"]}]},{"@type":"ImageObject","inLanguage":"fr-FR","@id":"https:\/\/perso.ens-lyon.fr\/ghys\/home\/#primaryimage","url":"http:\/\/perso.ens-lyon.fr\/ghys\/wp-content\/plugins\/advanced-wp-columns\/assets\/js\/plugins\/views\/img\/1x1-pixel.png","contentUrl":"http:\/\/perso.ens-lyon.fr\/ghys\/wp-content\/plugins\/advanced-wp-columns\/assets\/js\/plugins\/views\/img\/1x1-pixel.png"},{"@type":"BreadcrumbList","@id":"https:\/\/perso.ens-lyon.fr\/ghys\/home\/#breadcrumb","itemListElement":[{"@type":"ListItem","position":1,"name":"Accueil","item":"https:\/\/perso.ens-lyon.fr\/ghys\/accueil\/"},{"@type":"ListItem","position":2,"name":"Home"}]},{"@type":"WebSite","@id":"https:\/\/perso.ens-lyon.fr\/ghys\/#website","url":"https:\/\/perso.ens-lyon.fr\/ghys\/","name":"\u00c9tienne Ghys","description":"","potentialAction":[{"@type":"SearchAction","target":{"@type":"EntryPoint","urlTemplate":"https:\/\/perso.ens-lyon.fr\/ghys\/?s={search_term_string}"},"query-input":{"@type":"PropertyValueSpecification","valueRequired":true,"valueName":"search_term_string"}}],"inLanguage":"fr-FR"}]}},"uagb_featured_image_src":{"full":false,"thumbnail":false,"medium":false,"medium_large":false,"large":false,"1536x1536":false,"2048x2048":false,"post-thumbnail":false},"uagb_author_info":{"display_name":"ghys","author_link":"https:\/\/perso.ens-lyon.fr\/ghys\/author\/ghys\/"},"uagb_comment_info":0,"uagb_excerpt":". Mathematician, Directeur de recherche \u00e9m\u00e9rite CNRS, Unit\u00e9 de Math\u00e9matiques Pures et Appliqu\u00e9es \u00c9cole Normale Sup\u00e9rieure de Lyon. Secr\u00e9taire perp\u00e9tuel Acad\u00e9mie des sciences. Geometry, Topology, Dynamical systems,&nbsp;mathematics in&nbsp;general. etienne.ghys@ens-lyon.fr etienne.ghys@academie-sciences.fr A singular mathematical promenade, English, Turkish, Russian, Portuguese, Arabic, French La petite histoire des flocons de neige La petite histoire du ballon de foot","_links":{"self":[{"href":"https:\/\/perso.ens-lyon.fr\/ghys\/wp-json\/wp\/v2\/pages\/72","targetHints":{"allow":["GET"]}}],"collection":[{"href":"https:\/\/perso.ens-lyon.fr\/ghys\/wp-json\/wp\/v2\/pages"}],"about":[{"href":"https:\/\/perso.ens-lyon.fr\/ghys\/wp-json\/wp\/v2\/types\/page"}],"author":[{"embeddable":true,"href":"https:\/\/perso.ens-lyon.fr\/ghys\/wp-json\/wp\/v2\/users\/1"}],"replies":[{"embeddable":true,"href":"https:\/\/perso.ens-lyon.fr\/ghys\/wp-json\/wp\/v2\/comments?post=72"}],"version-history":[{"count":100,"href":"https:\/\/perso.ens-lyon.fr\/ghys\/wp-json\/wp\/v2\/pages\/72\/revisions"}],"predecessor-version":[{"id":2617,"href":"https:\/\/perso.ens-lyon.fr\/ghys\/wp-json\/wp\/v2\/pages\/72\/revisions\/2617"}],"wp:attachment":[{"href":"https:\/\/perso.ens-lyon.fr\/ghys\/wp-json\/wp\/v2\/media?parent=72"}],"curies":[{"name":"wp","href":"https:\/\/api.w.org\/{rel}","templated":true}]}}