{"id":94,"date":"2016-01-17T22:16:30","date_gmt":"2016-01-17T21:16:30","guid":{"rendered":"http:\/\/perso.ens-lyon.fr\/ghys\/?page_id=94"},"modified":"2025-05-29T15:02:26","modified_gmt":"2025-05-29T14:02:26","slug":"action","status":"publish","type":"page","link":"https:\/\/perso.ens-lyon.fr\/ghys\/action\/","title":{"rendered":"Action"},"content":{"rendered":"<p>Une bien jolie\u00a0f\u00eate math\u00e9matique\u00a0a eu lieu \u00e0 Lyon du 27 juin au 3 juillet 2015.<\/p>\n<h2 style=\"text-align: center;\"><strong><span style=\"color: #339966;\"><a href=\"http:\/\/geometrie.math.cnrs.fr\/\" class=\"broken_link\">G\u00e9om\u00e9tries en\u00a0action.<\/a><\/span><\/strong><\/h2>\n<p><a href=\"https:\/\/perso.ens-lyon.fr\/ghys\/wp-content\/uploads\/2016\/01\/Gateau.jpg\"><img loading=\"lazy\" decoding=\"async\" class=\"size-medium wp-image-110 aligncenter\" src=\"https:\/\/perso.ens-lyon.fr\/ghys\/wp-content\/uploads\/2016\/01\/Gateau-300x225.jpg\" alt=\"\" width=\"300\" height=\"225\" srcset=\"https:\/\/perso.ens-lyon.fr\/ghys\/wp-content\/uploads\/2016\/01\/Gateau-300x225.jpg 300w, https:\/\/perso.ens-lyon.fr\/ghys\/wp-content\/uploads\/2016\/01\/Gateau-768x576.jpg 768w, https:\/\/perso.ens-lyon.fr\/ghys\/wp-content\/uploads\/2016\/01\/Gateau.jpg 1024w\" sizes=\"auto, (max-width: 300px) 100vw, 300px\" \/><\/a><\/p>\n<p>Merci \u00e0 tous les organisateurs et organisatrices, et \u00e0 toutes celles et ceux qui ont contribu\u00e9 \u00e0 ce grand moment de bonheur, pas uniquement math\u00e9matique. Merci \u00e0 tous les conf\u00e9renciers qui m&rsquo;ont fait cet honneur.<\/p>\n<p>Le pluriel dans \u00ab\u00a0g\u00e9om\u00e9tries\u00a0\u00bb me pla\u00eet beaucoup. Avec le suffixe \u00ab\u00a0en action\u00a0\u00bb, c&rsquo;est encore mieux. Le colloque fut un grand succ\u00e8s : sans aucun doute celui que j&rsquo;ai pr\u00e9f\u00e9r\u00e9 parmi tous ceux auxquels j&rsquo;ai assist\u00e9 \ud83d\ude42<\/p>\n<p>Le weekend qui pr\u00e9c\u00e9dait le colloque, une r\u00e9union plus \u00ab\u00a0priv\u00e9e\u00a0\u00bb au\u00a0<a href=\"http:\/\/www.chateaudegoutelas.fr\/\" class=\"broken_link\">ch\u00e2teau de Goutelas<\/a>\u00a0r\u00e9unissait tous mes anciens \u00e9l\u00e8ves, quelques-uns de leurs \u00e9l\u00e8ves et quelques-uns de mes amis math\u00e9maticiens les plus proches. Je connais ce lieu magique\u00a0<a href=\"http:\/\/perso.ens-lyon.fr\/gaboriau\/Goutelas\/Goutelas.html\">depuis longtemps<\/a>. Le temps \u00e9tait radieux, les expos\u00e9s excellents, et l&rsquo;ambiance inoubliable.<\/p>\n<ul>\n<li>Le\u00a0<a href=\"http:\/\/geometrie.math.cnrs.fr\/\" class=\"broken_link\">site du colloque<\/a>.<\/li>\n<\/ul>\n<ul>\n<li>Quelques photos de la\u00a0<a href=\"https:\/\/perso.ens-lyon.fr\/ghys\/Goutelas\/index.html\">r\u00e9union de Goutelas.<\/a><\/li>\n<\/ul>\n<ul>\n<li>Quelques photos du\u00a0<a href=\"https:\/\/perso.ens-lyon.fr\/ghys\/Colloque\/index.html\" target=\"_blank\" rel=\"noopener noreferrer\">colloque<\/a>.<\/li>\n<\/ul>\n<p><img loading=\"lazy\" decoding=\"async\" class=\"wp-image-603 aligncenter\" src=\"https:\/\/perso.ens-lyon.fr\/ghys\/wp-content\/uploads\/2016\/01\/amphi-300x225.jpg\" alt=\"amphi\" width=\"533\" height=\"400\" srcset=\"https:\/\/perso.ens-lyon.fr\/ghys\/wp-content\/uploads\/2016\/01\/amphi-300x225.jpg 300w, https:\/\/perso.ens-lyon.fr\/ghys\/wp-content\/uploads\/2016\/01\/amphi-1024x768.jpg 1024w, https:\/\/perso.ens-lyon.fr\/ghys\/wp-content\/uploads\/2016\/01\/amphi.jpg 1600w\" sizes=\"auto, (max-width: 533px) 100vw, 533px\" \/><\/p>\n\n\n<h2 class=\"wp-block-heading\">Rebelote, \u00e0 Villers le lac, dans le Jura, du 23 au 26 mai 2025, dix ans plus tard !<\/h2>\n\n\n\n<p>Encore des moments chaleureux, \u00ab\u00a0en famille\u00a0\u00bb. Merci !<\/p>\n\n\n\n<figure class=\"wp-block-image size-large\"><img loading=\"lazy\" decoding=\"async\" width=\"1024\" height=\"683\" src=\"https:\/\/perso.ens-lyon.fr\/ghys\/wp-content\/uploads\/2025\/05\/202505_Anniv-Etienne-Ghys_P1224789_HD-1024x683.jpg\" alt=\"\" class=\"wp-image-2754\" srcset=\"https:\/\/perso.ens-lyon.fr\/ghys\/wp-content\/uploads\/2025\/05\/202505_Anniv-Etienne-Ghys_P1224789_HD-1024x683.jpg 1024w, https:\/\/perso.ens-lyon.fr\/ghys\/wp-content\/uploads\/2025\/05\/202505_Anniv-Etienne-Ghys_P1224789_HD-300x200.jpg 300w, https:\/\/perso.ens-lyon.fr\/ghys\/wp-content\/uploads\/2025\/05\/202505_Anniv-Etienne-Ghys_P1224789_HD-150x100.jpg 150w, https:\/\/perso.ens-lyon.fr\/ghys\/wp-content\/uploads\/2025\/05\/202505_Anniv-Etienne-Ghys_P1224789_HD-1536x1024.jpg 1536w, https:\/\/perso.ens-lyon.fr\/ghys\/wp-content\/uploads\/2025\/05\/202505_Anniv-Etienne-Ghys_P1224789_HD-2048x1365.jpg 2048w\" sizes=\"auto, (max-width: 1024px) 100vw, 1024px\" \/><\/figure>\n\n\n\n<figure class=\"wp-block-image size-large\"><img loading=\"lazy\" decoding=\"async\" width=\"1024\" height=\"768\" src=\"https:\/\/perso.ens-lyon.fr\/ghys\/wp-content\/uploads\/2025\/05\/IMG_8293-1024x768.jpeg\" alt=\"\" class=\"wp-image-2756\" srcset=\"https:\/\/perso.ens-lyon.fr\/ghys\/wp-content\/uploads\/2025\/05\/IMG_8293-1024x768.jpeg 1024w, https:\/\/perso.ens-lyon.fr\/ghys\/wp-content\/uploads\/2025\/05\/IMG_8293-300x225.jpeg 300w, https:\/\/perso.ens-lyon.fr\/ghys\/wp-content\/uploads\/2025\/05\/IMG_8293-150x113.jpeg 150w, https:\/\/perso.ens-lyon.fr\/ghys\/wp-content\/uploads\/2025\/05\/IMG_8293-1536x1152.jpeg 1536w, https:\/\/perso.ens-lyon.fr\/ghys\/wp-content\/uploads\/2025\/05\/IMG_8293-2048x1536.jpeg 2048w\" sizes=\"auto, (max-width: 1024px) 100vw, 1024px\" \/><\/figure>\n\n\n\n<figure class=\"wp-block-image size-large\"><img loading=\"lazy\" decoding=\"async\" width=\"1024\" height=\"661\" src=\"https:\/\/perso.ens-lyon.fr\/ghys\/wp-content\/uploads\/2025\/05\/IMG_8291-1024x661.jpeg\" alt=\"\" class=\"wp-image-2755\" srcset=\"https:\/\/perso.ens-lyon.fr\/ghys\/wp-content\/uploads\/2025\/05\/IMG_8291-1024x661.jpeg 1024w, https:\/\/perso.ens-lyon.fr\/ghys\/wp-content\/uploads\/2025\/05\/IMG_8291-300x194.jpeg 300w, https:\/\/perso.ens-lyon.fr\/ghys\/wp-content\/uploads\/2025\/05\/IMG_8291-150x97.jpeg 150w, https:\/\/perso.ens-lyon.fr\/ghys\/wp-content\/uploads\/2025\/05\/IMG_8291-1536x992.jpeg 1536w, https:\/\/perso.ens-lyon.fr\/ghys\/wp-content\/uploads\/2025\/05\/IMG_8291-2048x1323.jpeg 2048w\" sizes=\"auto, (max-width: 1024px) 100vw, 1024px\" \/><\/figure>\n","protected":false},"excerpt":{"rendered":"<p>Une bien jolie\u00a0f\u00eate math\u00e9matique\u00a0a eu lieu \u00e0 Lyon du 27 juin au 3 juillet 2015. G\u00e9om\u00e9tries en\u00a0action. Merci \u00e0 tous les organisateurs et organisatrices, et \u00e0 toutes celles et ceux qui ont contribu\u00e9 \u00e0 ce grand moment de bonheur, pas uniquement math\u00e9matique. Merci \u00e0 tous les conf\u00e9renciers qui m&rsquo;ont fait cet honneur. Le pluriel dans &hellip; <a href=\"https:\/\/perso.ens-lyon.fr\/ghys\/action\/\" class=\"more-link\">Continuer la lecture de <span class=\"screen-reader-text\">Action<\/span> <span class=\"meta-nav\">&rarr;<\/span><\/a><\/p>\n","protected":false},"author":1,"featured_media":0,"parent":0,"menu_order":0,"comment_status":"closed","ping_status":"closed","template":"","meta":{"_uag_custom_page_level_css":"","ub_ctt_via":"","_exactmetrics_skip_tracking":false,"_exactmetrics_sitenote_active":false,"_exactmetrics_sitenote_note":"","_exactmetrics_sitenote_category":0,"episode_type":"","audio_file":"","cover_image":"","cover_image_id":"","duration":"","filesize":"","date_recorded":"","explicit":"","block":"","itunes_episode_number":"","itunes_title":"","itunes_season_number":"","itunes_episode_type":"","filesize_raw":"","footnotes":""},"class_list":["post-94","page","type-page","status-publish","hentry"],"featured_image_src":null,"yoast_head":"<!-- This site is optimized with the Yoast SEO plugin v25.4 - https:\/\/yoast.com\/wordpress\/plugins\/seo\/ -->\n<title>Action - \u00c9tienne Ghys<\/title>\n<meta name=\"robots\" content=\"index, follow, max-snippet:-1, max-image-preview:large, max-video-preview:-1\" \/>\n<link rel=\"canonical\" href=\"https:\/\/perso.ens-lyon.fr\/ghys\/action\/\" \/>\n<meta property=\"og:locale\" content=\"fr_FR\" \/>\n<meta property=\"og:type\" content=\"article\" \/>\n<meta property=\"og:title\" content=\"Action - \u00c9tienne Ghys\" \/>\n<meta property=\"og:description\" content=\"Une bien jolie\u00a0f\u00eate math\u00e9matique\u00a0a eu lieu \u00e0 Lyon du 27 juin au 3 juillet 2015. G\u00e9om\u00e9tries en\u00a0action. Merci \u00e0 tous les organisateurs et organisatrices, et \u00e0 toutes celles et ceux qui ont contribu\u00e9 \u00e0 ce grand moment de bonheur, pas uniquement math\u00e9matique. Merci \u00e0 tous les conf\u00e9renciers qui m&rsquo;ont fait cet honneur. Le pluriel dans &hellip; Continuer la lecture de Action &rarr;\" \/>\n<meta property=\"og:url\" content=\"https:\/\/perso.ens-lyon.fr\/ghys\/action\/\" \/>\n<meta property=\"og:site_name\" content=\"\u00c9tienne Ghys\" \/>\n<meta property=\"article:modified_time\" content=\"2025-05-29T14:02:26+00:00\" \/>\n<meta property=\"og:image\" content=\"http:\/\/perso.ens-lyon.fr\/ghys\/wp-content\/uploads\/2016\/01\/Gateau-300x225.jpg\" \/>\n<meta name=\"twitter:card\" content=\"summary_large_image\" \/>\n<meta name=\"twitter:label1\" content=\"Dur\u00e9e de lecture estim\u00e9e\" \/>\n\t<meta name=\"twitter:data1\" content=\"2 minutes\" \/>\n<script type=\"application\/ld+json\" class=\"yoast-schema-graph\">{\"@context\":\"https:\/\/schema.org\",\"@graph\":[{\"@type\":\"WebPage\",\"@id\":\"https:\/\/perso.ens-lyon.fr\/ghys\/action\/\",\"url\":\"https:\/\/perso.ens-lyon.fr\/ghys\/action\/\",\"name\":\"Action - \u00c9tienne Ghys\",\"isPartOf\":{\"@id\":\"https:\/\/perso.ens-lyon.fr\/ghys\/#website\"},\"primaryImageOfPage\":{\"@id\":\"https:\/\/perso.ens-lyon.fr\/ghys\/action\/#primaryimage\"},\"image\":{\"@id\":\"https:\/\/perso.ens-lyon.fr\/ghys\/action\/#primaryimage\"},\"thumbnailUrl\":\"http:\/\/perso.ens-lyon.fr\/ghys\/wp-content\/uploads\/2016\/01\/Gateau-300x225.jpg\",\"datePublished\":\"2016-01-17T21:16:30+00:00\",\"dateModified\":\"2025-05-29T14:02:26+00:00\",\"breadcrumb\":{\"@id\":\"https:\/\/perso.ens-lyon.fr\/ghys\/action\/#breadcrumb\"},\"inLanguage\":\"fr-FR\",\"potentialAction\":[{\"@type\":\"ReadAction\",\"target\":[\"https:\/\/perso.ens-lyon.fr\/ghys\/action\/\"]}]},{\"@type\":\"ImageObject\",\"inLanguage\":\"fr-FR\",\"@id\":\"https:\/\/perso.ens-lyon.fr\/ghys\/action\/#primaryimage\",\"url\":\"http:\/\/perso.ens-lyon.fr\/ghys\/wp-content\/uploads\/2016\/01\/Gateau-300x225.jpg\",\"contentUrl\":\"http:\/\/perso.ens-lyon.fr\/ghys\/wp-content\/uploads\/2016\/01\/Gateau-300x225.jpg\"},{\"@type\":\"BreadcrumbList\",\"@id\":\"https:\/\/perso.ens-lyon.fr\/ghys\/action\/#breadcrumb\",\"itemListElement\":[{\"@type\":\"ListItem\",\"position\":1,\"name\":\"Accueil\",\"item\":\"https:\/\/perso.ens-lyon.fr\/ghys\/accueil\/\"},{\"@type\":\"ListItem\",\"position\":2,\"name\":\"Action\"}]},{\"@type\":\"WebSite\",\"@id\":\"https:\/\/perso.ens-lyon.fr\/ghys\/#website\",\"url\":\"https:\/\/perso.ens-lyon.fr\/ghys\/\",\"name\":\"\u00c9tienne Ghys\",\"description\":\"\",\"potentialAction\":[{\"@type\":\"SearchAction\",\"target\":{\"@type\":\"EntryPoint\",\"urlTemplate\":\"https:\/\/perso.ens-lyon.fr\/ghys\/?s={search_term_string}\"},\"query-input\":{\"@type\":\"PropertyValueSpecification\",\"valueRequired\":true,\"valueName\":\"search_term_string\"}}],\"inLanguage\":\"fr-FR\"}]}<\/script>\n<!-- \/ Yoast SEO plugin. -->","yoast_head_json":{"title":"Action - \u00c9tienne Ghys","robots":{"index":"index","follow":"follow","max-snippet":"max-snippet:-1","max-image-preview":"max-image-preview:large","max-video-preview":"max-video-preview:-1"},"canonical":"https:\/\/perso.ens-lyon.fr\/ghys\/action\/","og_locale":"fr_FR","og_type":"article","og_title":"Action - \u00c9tienne Ghys","og_description":"Une bien jolie\u00a0f\u00eate math\u00e9matique\u00a0a eu lieu \u00e0 Lyon du 27 juin au 3 juillet 2015. G\u00e9om\u00e9tries en\u00a0action. Merci \u00e0 tous les organisateurs et organisatrices, et \u00e0 toutes celles et ceux qui ont contribu\u00e9 \u00e0 ce grand moment de bonheur, pas uniquement math\u00e9matique. Merci \u00e0 tous les conf\u00e9renciers qui m&rsquo;ont fait cet honneur. Le pluriel dans &hellip; Continuer la lecture de Action &rarr;","og_url":"https:\/\/perso.ens-lyon.fr\/ghys\/action\/","og_site_name":"\u00c9tienne Ghys","article_modified_time":"2025-05-29T14:02:26+00:00","og_image":[{"url":"http:\/\/perso.ens-lyon.fr\/ghys\/wp-content\/uploads\/2016\/01\/Gateau-300x225.jpg","type":"","width":"","height":""}],"twitter_card":"summary_large_image","twitter_misc":{"Dur\u00e9e de lecture estim\u00e9e":"2 minutes"},"schema":{"@context":"https:\/\/schema.org","@graph":[{"@type":"WebPage","@id":"https:\/\/perso.ens-lyon.fr\/ghys\/action\/","url":"https:\/\/perso.ens-lyon.fr\/ghys\/action\/","name":"Action - \u00c9tienne Ghys","isPartOf":{"@id":"https:\/\/perso.ens-lyon.fr\/ghys\/#website"},"primaryImageOfPage":{"@id":"https:\/\/perso.ens-lyon.fr\/ghys\/action\/#primaryimage"},"image":{"@id":"https:\/\/perso.ens-lyon.fr\/ghys\/action\/#primaryimage"},"thumbnailUrl":"http:\/\/perso.ens-lyon.fr\/ghys\/wp-content\/uploads\/2016\/01\/Gateau-300x225.jpg","datePublished":"2016-01-17T21:16:30+00:00","dateModified":"2025-05-29T14:02:26+00:00","breadcrumb":{"@id":"https:\/\/perso.ens-lyon.fr\/ghys\/action\/#breadcrumb"},"inLanguage":"fr-FR","potentialAction":[{"@type":"ReadAction","target":["https:\/\/perso.ens-lyon.fr\/ghys\/action\/"]}]},{"@type":"ImageObject","inLanguage":"fr-FR","@id":"https:\/\/perso.ens-lyon.fr\/ghys\/action\/#primaryimage","url":"http:\/\/perso.ens-lyon.fr\/ghys\/wp-content\/uploads\/2016\/01\/Gateau-300x225.jpg","contentUrl":"http:\/\/perso.ens-lyon.fr\/ghys\/wp-content\/uploads\/2016\/01\/Gateau-300x225.jpg"},{"@type":"BreadcrumbList","@id":"https:\/\/perso.ens-lyon.fr\/ghys\/action\/#breadcrumb","itemListElement":[{"@type":"ListItem","position":1,"name":"Accueil","item":"https:\/\/perso.ens-lyon.fr\/ghys\/accueil\/"},{"@type":"ListItem","position":2,"name":"Action"}]},{"@type":"WebSite","@id":"https:\/\/perso.ens-lyon.fr\/ghys\/#website","url":"https:\/\/perso.ens-lyon.fr\/ghys\/","name":"\u00c9tienne Ghys","description":"","potentialAction":[{"@type":"SearchAction","target":{"@type":"EntryPoint","urlTemplate":"https:\/\/perso.ens-lyon.fr\/ghys\/?s={search_term_string}"},"query-input":{"@type":"PropertyValueSpecification","valueRequired":true,"valueName":"search_term_string"}}],"inLanguage":"fr-FR"}]}},"uagb_featured_image_src":{"full":false,"thumbnail":false,"medium":false,"medium_large":false,"large":false,"1536x1536":false,"2048x2048":false,"post-thumbnail":false},"uagb_author_info":{"display_name":"ghys","author_link":"https:\/\/perso.ens-lyon.fr\/ghys\/author\/ghys\/"},"uagb_comment_info":0,"uagb_excerpt":"Une bien jolie\u00a0f\u00eate math\u00e9matique\u00a0a eu lieu \u00e0 Lyon du 27 juin au 3 juillet 2015. G\u00e9om\u00e9tries en\u00a0action. Merci \u00e0 tous les organisateurs et organisatrices, et \u00e0 toutes celles et ceux qui ont contribu\u00e9 \u00e0 ce grand moment de bonheur, pas uniquement math\u00e9matique. Merci \u00e0 tous les conf\u00e9renciers qui m&rsquo;ont fait cet honneur. Le pluriel dans\u2026","_links":{"self":[{"href":"https:\/\/perso.ens-lyon.fr\/ghys\/wp-json\/wp\/v2\/pages\/94","targetHints":{"allow":["GET"]}}],"collection":[{"href":"https:\/\/perso.ens-lyon.fr\/ghys\/wp-json\/wp\/v2\/pages"}],"about":[{"href":"https:\/\/perso.ens-lyon.fr\/ghys\/wp-json\/wp\/v2\/types\/page"}],"author":[{"embeddable":true,"href":"https:\/\/perso.ens-lyon.fr\/ghys\/wp-json\/wp\/v2\/users\/1"}],"replies":[{"embeddable":true,"href":"https:\/\/perso.ens-lyon.fr\/ghys\/wp-json\/wp\/v2\/comments?post=94"}],"version-history":[{"count":27,"href":"https:\/\/perso.ens-lyon.fr\/ghys\/wp-json\/wp\/v2\/pages\/94\/revisions"}],"predecessor-version":[{"id":2782,"href":"https:\/\/perso.ens-lyon.fr\/ghys\/wp-json\/wp\/v2\/pages\/94\/revisions\/2782"}],"wp:attachment":[{"href":"https:\/\/perso.ens-lyon.fr\/ghys\/wp-json\/wp\/v2\/media?parent=94"}],"curies":[{"name":"wp","href":"https:\/\/api.w.org\/{rel}","templated":true}]}}