{"id":121,"date":"2015-03-31T20:30:27","date_gmt":"2015-03-31T20:30:27","guid":{"rendered":"http:\/\/perso.ens-lyon.fr\/isabelle.colondecarvajal\/pro\/?page_id=121"},"modified":"2015-09-25T14:40:19","modified_gmt":"2015-09-25T14:40:19","slug":"donnees-terrains","status":"publish","type":"page","link":"https:\/\/perso.ens-lyon.fr\/isabelle.colondecarvajal\/pro\/?page_id=121","title":{"rendered":"Donn\u00e9es &#038; terrains"},"content":{"rendered":"<p><strong>2015<\/strong> Repas aphasique\/fille, 2 participants. Lyon. 1 vue, 20 min<br \/>\n<strong>2015<\/strong> S\u00e9ance d&rsquo;orthophonie, 2 participants. Lyon. 1 vue, 1h<\/p>\n<p><strong>2013<\/strong> Repas aphasique\/conjointe\/fils, 3 participants. Rh\u00f4ne. 1 vue, 1h30<br \/>\n<strong>2013<\/strong> S\u00e9ance d&rsquo;orthophonie, 2 participants. Rh\u00f4ne. 1 vue, 1h<\/p>\n<p><strong>2012<\/strong> S\u00e9ance d&rsquo;orthophonie, 2 participants. Rh\u00f4ne. 1 vue, 1h<br \/>\n<strong>2012<\/strong> Repas aphasique\/conjointe, 2 participants. Rh\u00f4ne. 1 vue, 40min<br \/>\n<strong>2012<\/strong> Session de jeux vid\u00e9o, 1 joueur. Lyon. 2 vues (\u00e9cran Ipad + joueur)<br \/>\n<strong>2012<\/strong> Session de jeux vid\u00e9o, 1 joueur \/ 1 spectateur. Lyon. 3 vues (\u00e9cran TV + joueur + manette), 2h<br \/>\n<strong>2012<\/strong> Session de jeux vid\u00e9o, 1 joueur. Lyon. 2 vues (\u00e9cran PC + joueur),<br \/>\n<strong>2012<\/strong> Session de jeux vid\u00e9o, 8 joueurs. Lyon. 6 vues (\u00e9crans PC + joueurs solos + groupes), 5h<\/p>\n<p><strong>2011<\/strong> Session de jeux vid\u00e9o, 4 joueurs. Lyon. 2 vues (\u00e9cran TV + joueurs), 2h20<br \/>\n<strong>2011<\/strong> Visite guid\u00e9e dans un mus\u00e9e des tissus. Lyon. 2 vues (guide + groupe), 3 x 1h<br \/>\n<strong>2011<\/strong> Visite guid\u00e9e dans une \u00e9cole. Lyon. 3 vues (guide + groupe + cameraman), 3h<br \/>\n<strong>2011<\/strong> Visite guid\u00e9e dans un jardin. Lyon. 3 vues (guide + groupe + cameraman), 3h<br \/>\n<strong>2011<\/strong> Visite guid\u00e9e dans un manoir. Bretagne. 2 vues (guide + groupe), 6 x 1h<\/p>\n<p><strong>2008<\/strong> R\u00e9unions des Jeunes Europ\u00e9ens. Lyon. multi vues (multi site), 14h<br \/>\n<strong>2008<\/strong> R\u00e9union de conscrits. Villefranche. 2 vues, 1h30<br \/>\n<strong>2008<\/strong> R\u00e9unions de conscrits. Frontenas. 3 vues, 3h<br \/>\n<strong>2008<\/strong> Repas de famille. 8 personnes. Lyon. 2 vues, 2h<\/p>\n<p><strong>2007<\/strong> Session de jeux vid\u00e9o,4 joueurs. R\u00e9gion lyonnaise. 2 vues (\u00e9cran TV + joueurs), 1h25<br \/>\n<strong>2007<\/strong> Session de jeux vid\u00e9o, 2 joueurs. Aix en Provence. 2 vues (\u00e9cran TV + joueurs), 1h30<br \/>\n<strong>2007<\/strong> Session de jeux vid\u00e9o, 2 joueurs. Lyon. 2 vues (\u00e9cran TV + joueurs), 1h30<\/p>\n<p><strong>2005-2007<\/strong> Interactions professionnelles en centre d&rsquo;appels. Lyon, 2 vues (\u00e9cran + op\u00e9rateur), 14h<\/p>\n","protected":false},"excerpt":{"rendered":"<p>2015 Repas aphasique\/fille, 2 participants. Lyon. 1 vue, 20 min 2015 S\u00e9ance d&rsquo;orthophonie, 2 participants. Lyon. 1 vue, 1h 2013 Repas aphasique\/conjointe\/fils, 3 participants. Rh\u00f4ne. 1 vue, 1h30 2013 S\u00e9ance d&rsquo;orthophonie, 2 participants. Rh\u00f4ne. 1 vue, 1h 2012 S\u00e9ance d&rsquo;orthophonie, 2 participants. Rh\u00f4ne. 1 vue, 1h 2012 Repas aphasique\/conjointe, 2 participants. Rh\u00f4ne. 1 vue, 40min [&hellip;]<\/p>\n","protected":false},"author":1,"featured_media":0,"parent":11,"menu_order":1,"comment_status":"closed","ping_status":"closed","template":"","meta":{"footnotes":""},"class_list":["post-121","page","type-page","status-publish","hentry"],"_links":{"self":[{"href":"https:\/\/perso.ens-lyon.fr\/isabelle.colondecarvajal\/pro\/index.php?rest_route=\/wp\/v2\/pages\/121","targetHints":{"allow":["GET"]}}],"collection":[{"href":"https:\/\/perso.ens-lyon.fr\/isabelle.colondecarvajal\/pro\/index.php?rest_route=\/wp\/v2\/pages"}],"about":[{"href":"https:\/\/perso.ens-lyon.fr\/isabelle.colondecarvajal\/pro\/index.php?rest_route=\/wp\/v2\/types\/page"}],"author":[{"embeddable":true,"href":"https:\/\/perso.ens-lyon.fr\/isabelle.colondecarvajal\/pro\/index.php?rest_route=\/wp\/v2\/users\/1"}],"replies":[{"embeddable":true,"href":"https:\/\/perso.ens-lyon.fr\/isabelle.colondecarvajal\/pro\/index.php?rest_route=%2Fwp%2Fv2%2Fcomments&post=121"}],"version-history":[{"count":3,"href":"https:\/\/perso.ens-lyon.fr\/isabelle.colondecarvajal\/pro\/index.php?rest_route=\/wp\/v2\/pages\/121\/revisions"}],"predecessor-version":[{"id":124,"href":"https:\/\/perso.ens-lyon.fr\/isabelle.colondecarvajal\/pro\/index.php?rest_route=\/wp\/v2\/pages\/121\/revisions\/124"}],"up":[{"embeddable":true,"href":"https:\/\/perso.ens-lyon.fr\/isabelle.colondecarvajal\/pro\/index.php?rest_route=\/wp\/v2\/pages\/11"}],"wp:attachment":[{"href":"https:\/\/perso.ens-lyon.fr\/isabelle.colondecarvajal\/pro\/index.php?rest_route=%2Fwp%2Fv2%2Fmedia&parent=121"}],"curies":[{"name":"wp","href":"https:\/\/api.w.org\/{rel}","templated":true}]}}