{"id":1404,"date":"2024-12-16T10:57:44","date_gmt":"2024-12-16T09:57:44","guid":{"rendered":"http:\/\/perso.ens-lyon.fr\/lise.vaudor\/?page_id=1404"},"modified":"2025-04-17T13:00:39","modified_gmt":"2025-04-17T11:00:39","slug":"formations-stats","status":"publish","type":"page","link":"https:\/\/perso.ens-lyon.fr\/lise.vaudor\/formations-stats\/","title":{"rendered":"Formations Stats"},"content":{"rendered":"<h1>Tests statistiques<\/h1>\n<p>Cet support est con\u00e7u pour un tutoriel de 2h environ. Il est d\u00e9di\u00e9 \u00e0 la r\u00e9alisation de <strong>tests statistiques avec le logiciel R<\/strong>, et s&rsquo;adresse \u00e0 toute personne souhaitant approfondir ses connaissances en statistique appliqu\u00e9e.<\/p>\n<p>\ud83d\udc69\u200d\ud83c\udfeb La session d\u00e9bute par une pr\u00e9sentation <strong>th\u00e9orique<\/strong> des <strong>tests d&rsquo;hypoth\u00e8se<\/strong> \u00e0 travers l&rsquo;exemple du <strong>test de Student<\/strong> appliqu\u00e9 au jeu de donn\u00e9es Broc\u00e9liande. Un temps est consacr\u00e9 \u00e0 l&rsquo;assimilation des notions et \u00e0 la <strong>pratique<\/strong> avec R. On revient ensuite sur les <strong>conditions d&rsquo;applicabilit\u00e9<\/strong> du test de Student, que l&rsquo;on explique et discute. Dans le cas o\u00f9 le test n&rsquo;est pas applicable (dans sa version param\u00e9trique), on apprend \u00e0 appliquer sa version <strong>non-param\u00e9trique (par permutations) \u00e0 l&rsquo;aide du package infer<\/strong>.<\/p>\n<p>\ud83d\udc69\u200d\ud83c\udfeb On pr\u00e9sente ensuite le <strong>test du Chi-2<\/strong> (appliqu\u00e9 au jeu de donn\u00e9es chateauxEtBoulots) en montrant quels sont les <strong>principes th\u00e9oriques<\/strong> (g\u00e9n\u00e9ralisables \u00e0 l&rsquo;ensemble des tests d&rsquo;hypoth\u00e8se) qui ont d\u00e9j\u00e0 \u00e9t\u00e9 abord\u00e9s pour le t-test, on aborde la question de l&rsquo;<strong>applicabilit\u00e9<\/strong> du test et l&rsquo;on met en <strong>pratique<\/strong> le test sous R \u00e0 la fois dans sa version <strong>param\u00e9trique<\/strong> et <strong>non-param\u00e9trique<\/strong>.<\/p>\n<p>\ud83e\uddd1\u200d\ud83c\udf93  Les supports et exercices sont disponibles <a href=\"https:\/\/isig-apps.ens-lyon.fr\/apps\/lvaudor\/Tests_stats_exo\/#section-test-du-chi-2-avec-infer\">ici<\/a><\/p>\n","protected":false},"excerpt":{"rendered":"<p>Tests statistiques Cet support est con\u00e7u pour un tutoriel de 2h environ. Il est d\u00e9di\u00e9 \u00e0 la r\u00e9alisation de tests statistiques avec le logiciel R, et s&rsquo;adresse \u00e0 toute personne souhaitant approfondir ses connaissances en statistique appliqu\u00e9e. \ud83d\udc69\u200d\ud83c\udfeb La session d\u00e9bute par une pr\u00e9sentation th\u00e9orique des tests d&rsquo;hypoth\u00e8se \u00e0 travers l&rsquo;exemple du test de Student appliqu\u00e9 au jeu de donn\u00e9es Broc\u00e9liande. Un temps est consacr\u00e9 \u00e0 l&rsquo;assimilation des notions et.. <a href=\"https:\/\/perso.ens-lyon.fr\/lise.vaudor\/formations-stats\/\">Read More<\/a><\/p>\n","protected":false},"author":1,"featured_media":0,"parent":0,"menu_order":0,"comment_status":"closed","ping_status":"closed","template":"","meta":{"footnotes":""},"class_list":["post-1404","page","type-page","status-publish","hentry"],"_links":{"self":[{"href":"https:\/\/perso.ens-lyon.fr\/lise.vaudor\/wp-json\/wp\/v2\/pages\/1404","targetHints":{"allow":["GET"]}}],"collection":[{"href":"https:\/\/perso.ens-lyon.fr\/lise.vaudor\/wp-json\/wp\/v2\/pages"}],"about":[{"href":"https:\/\/perso.ens-lyon.fr\/lise.vaudor\/wp-json\/wp\/v2\/types\/page"}],"author":[{"embeddable":true,"href":"https:\/\/perso.ens-lyon.fr\/lise.vaudor\/wp-json\/wp\/v2\/users\/1"}],"replies":[{"embeddable":true,"href":"https:\/\/perso.ens-lyon.fr\/lise.vaudor\/wp-json\/wp\/v2\/comments?post=1404"}],"version-history":[{"count":2,"href":"https:\/\/perso.ens-lyon.fr\/lise.vaudor\/wp-json\/wp\/v2\/pages\/1404\/revisions"}],"predecessor-version":[{"id":1417,"href":"https:\/\/perso.ens-lyon.fr\/lise.vaudor\/wp-json\/wp\/v2\/pages\/1404\/revisions\/1417"}],"wp:attachment":[{"href":"https:\/\/perso.ens-lyon.fr\/lise.vaudor\/wp-json\/wp\/v2\/media?parent=1404"}],"curies":[{"name":"wp","href":"https:\/\/api.w.org\/{rel}","templated":true}]}}