{"id":2,"date":"2014-09-19T15:25:22","date_gmt":"2014-09-19T15:25:22","guid":{"rendered":"http:\/\/perso.ens-lyon.fr\/lise.vaudor\/?page_id=2"},"modified":"2019-10-14T14:04:19","modified_gmt":"2019-10-14T12:04:19","slug":"page-d-exemple","status":"publish","type":"page","link":"https:\/\/perso.ens-lyon.fr\/lise.vaudor\/page-d-exemple\/","title":{"rendered":"Qui suis-je"},"content":{"rendered":"<p>Bonjour!<\/p>\n<p>Je suis Lise Vaudor, <strong>ing\u00e9nieur de recherche CNRS<\/strong>, sp\u00e9cialis\u00e9e en analyses statistiques (que je r\u00e9alise principalement, si ce n&rsquo;est exclusivement, \u00e0 l&rsquo;aide du <strong>logiciel R<\/strong>). Je suis h\u00e9berg\u00e9e \u00e0 l&rsquo;<strong>ENS de Lyon<\/strong>, au sein d&rsquo;une UMR de g\u00e9ographie, l&rsquo;<a href=\"http:\/\/umr5600.ish-lyon.cnrs.fr\/\">UMR 5600 Environnement Ville Soci\u00e9t\u00e9<\/a>. Je fais partie d&rsquo;<a href=\"http:\/\/umrevs-isig.fr\/\">ISIG<\/a>, une plateforme m\u00e9thodologique et technique qui assiste les chercheurs et \u00e9tudiants de l&rsquo;unit\u00e9 dans leurs d\u00e9veloppements SIG, leurs rendus cartographiques, leurs analyses de t\u00e9l\u00e9d\u00e9tection, leurs analyses statistiques, etc. Cette assistance peut consister en du conseil, du d\u00e9veloppement, mais aussi en une offre de <strong>formation continue<\/strong>. J&rsquo;assure ainsi r\u00e9guli\u00e8rement des formations au logiciel R dont vous pourrez trouver les supports <a href=\"http:\/\/perso.ens-lyon.fr\/lise.vaudor\/formations\/\">ici.<\/a><\/p>\n<p>C&rsquo;est dans le but d&rsquo;offrir un certain nombre de <strong>ressources, d&rsquo;astuces et de conseils<\/strong> \u00e0 ceux souhaitant utiliser R dans leurs travaux de recherche que j&rsquo;ai cr\u00e9\u00e9 ce blog. J&rsquo;esp\u00e8re parvenir \u00e0 le rendre aussi convivial que possible, et j&rsquo;esp\u00e8re que vous y trouverez des informations qui vous faciliteront vos t\u00e2ches d&rsquo;analyse de donn\u00e9es&#8230;<\/p>\n<p>Vous trouverez <strong>la liste de mes publis<\/strong> <a href=\"http:\/\/perso.ens-lyon.fr\/lise.vaudor\/partage\/bib.html\">\u00e0 cette adresse<\/a>.<\/p>\n<p>Si vous d\u00e9sirez me contacter directement, vous pouvez le faire sur l&rsquo;adresse prenom.nom@ens-lyon.fr (remplacez par mon pr\u00e9nom et mon nom bien s\u00fbr :-p &#8230;).<\/p>\n","protected":false},"excerpt":{"rendered":"<p>Bonjour! Je suis Lise Vaudor, ing\u00e9nieur de recherche CNRS, sp\u00e9cialis\u00e9e en analyses statistiques (que je r\u00e9alise principalement, si ce n&rsquo;est exclusivement, \u00e0 l&rsquo;aide du logiciel R). Je suis h\u00e9berg\u00e9e \u00e0 l&rsquo;ENS de Lyon, au sein d&rsquo;une UMR de g\u00e9ographie, l&rsquo;UMR 5600 Environnement Ville Soci\u00e9t\u00e9. Je fais partie d&rsquo;ISIG, une plateforme m\u00e9thodologique et technique qui assiste les chercheurs et \u00e9tudiants de l&rsquo;unit\u00e9 dans leurs d\u00e9veloppements SIG, leurs rendus cartographiques, leurs analyses.. <a href=\"https:\/\/perso.ens-lyon.fr\/lise.vaudor\/page-d-exemple\/\">Read More<\/a><\/p>\n","protected":false},"author":1,"featured_media":1133,"parent":0,"menu_order":0,"comment_status":"open","ping_status":"open","template":"","meta":{"footnotes":""},"class_list":["post-2","page","type-page","status-publish","has-post-thumbnail","hentry"],"_links":{"self":[{"href":"https:\/\/perso.ens-lyon.fr\/lise.vaudor\/wp-json\/wp\/v2\/pages\/2","targetHints":{"allow":["GET"]}}],"collection":[{"href":"https:\/\/perso.ens-lyon.fr\/lise.vaudor\/wp-json\/wp\/v2\/pages"}],"about":[{"href":"https:\/\/perso.ens-lyon.fr\/lise.vaudor\/wp-json\/wp\/v2\/types\/page"}],"author":[{"embeddable":true,"href":"https:\/\/perso.ens-lyon.fr\/lise.vaudor\/wp-json\/wp\/v2\/users\/1"}],"replies":[{"embeddable":true,"href":"https:\/\/perso.ens-lyon.fr\/lise.vaudor\/wp-json\/wp\/v2\/comments?post=2"}],"version-history":[{"count":15,"href":"https:\/\/perso.ens-lyon.fr\/lise.vaudor\/wp-json\/wp\/v2\/pages\/2\/revisions"}],"predecessor-version":[{"id":73,"href":"https:\/\/perso.ens-lyon.fr\/lise.vaudor\/wp-json\/wp\/v2\/pages\/2\/revisions\/73"}],"wp:featuredmedia":[{"embeddable":true,"href":"https:\/\/perso.ens-lyon.fr\/lise.vaudor\/wp-json\/wp\/v2\/media\/1133"}],"wp:attachment":[{"href":"https:\/\/perso.ens-lyon.fr\/lise.vaudor\/wp-json\/wp\/v2\/media?parent=2"}],"curies":[{"name":"wp","href":"https:\/\/api.w.org\/{rel}","templated":true}]}}