{"id":482,"date":"2015-10-19T09:41:47","date_gmt":"2015-10-19T07:41:47","guid":{"rendered":"http:\/\/perso.ens-lyon.fr\/lise.vaudor\/?page_id=482"},"modified":"2024-12-16T14:47:20","modified_gmt":"2024-12-16T13:47:20","slug":"the-wavelet-toolkat","status":"publish","type":"page","link":"https:\/\/perso.ens-lyon.fr\/lise.vaudor\/the-wavelet-toolkat\/","title":{"rendered":"The Wavelet ToolKat"},"content":{"rendered":"<p><center><br \/>\n  <img decoding=\"async\" src=\"..\/..\/lise.vaudor\/images\/logo_toolkat_small.png\" alt=\"\" \/><br \/>\n<\/center><\/p>\n<h1>Qu&rsquo;est-ce que c&rsquo;est ?<\/h1>\n<p>The Wavelet ToolKat est une application qui permet d&rsquo;analyser des s\u00e9ries temporelles ou spatiales gr\u00e2ce \u00e0 des transform\u00e9es d&rsquo;ondelettes. L&rsquo;objectif est de <strong>d\u00e9crire<\/strong> et <strong>localiser<\/strong> les variations des s\u00e9ries <strong>\u00e0 diverses \u00e9chelles<\/strong>.<\/p>\n<p>The Wavelet ToolKat est une <strong>appli shiny<\/strong> (c&rsquo;est-\u00e0-dire bas\u00e9e sur le langage R, mais enti\u00e8rement \u00ab\u00a0clique-boutons\u00a0\u00bb donc utilisable m\u00eame par ceux qui ne seraient pas familiers de R).<\/p>\n<p>Elle est aussi \u00e0 destination d&rsquo;un <strong>public peu familier des math\u00e9matiques<\/strong>, en ce sens qu&rsquo;elle donne \u00e0 voir <em>empiriquement<\/em> plus que <em>math\u00e9matiquement<\/em> \u00e0 quoi correspondent ces transform\u00e9es d&rsquo;ondelettes. En effet, l&rsquo;application permet \u00e0 l&rsquo;utilisateur de <strong>g\u00e9n\u00e9rer ses propres s\u00e9ries<\/strong> (selon, donc, des caract\u00e9ristiques connues) afin d&rsquo;y confronter les r\u00e9sultats des transform\u00e9es d&rsquo;ondelettes.<\/p>\n<h1>O\u00f9 la tester ?<\/h1>\n<p>L&rsquo;appli peut \u00eatre test\u00e9e en ligne, ici: <a href=\"https:\/\/isig-apps.ens-lyon.fr\/apps\/lvaudor\/waveleT\/\">https:\/\/isig-apps.ens-lyon.fr\/apps\/lvaudor\/waveleT\/<\/a><\/p>\n<h1>Comment l&rsquo;installer ?<\/h1>\n<p>L&rsquo;appli peut \u00eatre lanc\u00e9e depuis R apr\u00e8s installation du package waveleT (disponible en ligne en version \u00ab\u00a0dev\u00a0\u00bb). Les fichiers n\u00e9cessaires ainsi que les instructions d&rsquo;installation se trouvent ici: <a href=\"https:\/\/github.com\/lvaudor\/waveleT\">github\/lvaudor\/waveleT<\/a><\/p>\n","protected":false},"excerpt":{"rendered":"<p>Qu&rsquo;est-ce que c&rsquo;est ? The Wavelet ToolKat est une application qui permet d&rsquo;analyser des s\u00e9ries temporelles ou spatiales gr\u00e2ce \u00e0 des transform\u00e9es d&rsquo;ondelettes. L&rsquo;objectif est de d\u00e9crire et localiser les variations des s\u00e9ries \u00e0 diverses \u00e9chelles. The Wavelet ToolKat est une appli shiny (c&rsquo;est-\u00e0-dire bas\u00e9e sur le langage R, mais enti\u00e8rement \u00ab\u00a0clique-boutons\u00a0\u00bb donc utilisable m\u00eame par ceux qui ne seraient pas familiers de R). Elle est aussi \u00e0 destination d&rsquo;un.. <a href=\"https:\/\/perso.ens-lyon.fr\/lise.vaudor\/the-wavelet-toolkat\/\">Read More<\/a><\/p>\n","protected":false},"author":1,"featured_media":0,"parent":0,"menu_order":0,"comment_status":"open","ping_status":"open","template":"","meta":{"footnotes":""},"class_list":["post-482","page","type-page","status-publish","hentry"],"_links":{"self":[{"href":"https:\/\/perso.ens-lyon.fr\/lise.vaudor\/wp-json\/wp\/v2\/pages\/482","targetHints":{"allow":["GET"]}}],"collection":[{"href":"https:\/\/perso.ens-lyon.fr\/lise.vaudor\/wp-json\/wp\/v2\/pages"}],"about":[{"href":"https:\/\/perso.ens-lyon.fr\/lise.vaudor\/wp-json\/wp\/v2\/types\/page"}],"author":[{"embeddable":true,"href":"https:\/\/perso.ens-lyon.fr\/lise.vaudor\/wp-json\/wp\/v2\/users\/1"}],"replies":[{"embeddable":true,"href":"https:\/\/perso.ens-lyon.fr\/lise.vaudor\/wp-json\/wp\/v2\/comments?post=482"}],"version-history":[{"count":16,"href":"https:\/\/perso.ens-lyon.fr\/lise.vaudor\/wp-json\/wp\/v2\/pages\/482\/revisions"}],"predecessor-version":[{"id":1408,"href":"https:\/\/perso.ens-lyon.fr\/lise.vaudor\/wp-json\/wp\/v2\/pages\/482\/revisions\/1408"}],"wp:attachment":[{"href":"https:\/\/perso.ens-lyon.fr\/lise.vaudor\/wp-json\/wp\/v2\/media?parent=482"}],"curies":[{"name":"wp","href":"https:\/\/api.w.org\/{rel}","templated":true}]}}