{"id":525,"date":"2016-05-25T18:14:04","date_gmt":"2016-05-25T16:14:04","guid":{"rendered":"http:\/\/perso.ens-lyon.fr\/lise.vaudor\/?page_id=525"},"modified":"2017-10-13T15:40:57","modified_gmt":"2017-10-13T13:40:57","slug":"graphit","status":"publish","type":"page","link":"https:\/\/perso.ens-lyon.fr\/lise.vaudor\/graphit\/","title":{"rendered":"GraphiT"},"content":{"rendered":"<p><center><br \/>\n  <img decoding=\"async\" src=\"..\/..\/lise.vaudor\/images\/graphics_toolkat_smalllogo.png\" alt=\"\" \/><br \/>\n<\/center><\/p>\n<h1>Qu&rsquo;est-ce que c&rsquo;est ?<\/h1>\n<p>GraphiT(pour \u00ab\u00a0Graphics ToolKat\u00a0\u00bb) est une application qui permet de r\u00e9aliser des graphiques univari\u00e9s ou bivari\u00e9s (nuages de points, bo\u00eetes \u00e0 moustaches, histogrammes, etc.) de mani\u00e8re simple.<\/p>\n<p>GraphiT est une <strong>appli shiny<\/strong> (c&rsquo;est-\u00e0-dire bas\u00e9e sur le langage R, mais enti\u00e8rement \u00ab\u00a0clique-boutons\u00a0\u00bb donc utilisable m\u00eame par ceux qui ne seraient pas familiers de R). Elle repose sur les principes de construction de graphiques du package ggplot2 et sa \u00ab\u00a0grammaire des graphiques\u00a0\u00bb.<\/p>\n<h1>Comment y acc\u00e9der?<\/h1>\n<p>Vous pouvez tester l&rsquo;appli en ligne, ici : <a href=\"https:\/\/analytics.huma-num.fr\/Lise.Vaudor\/graphiT\">https:\/\/analytics.huma-num.fr\/Lise.Vaudor\/graphiT<\/a>.<\/p>\n<h1>Comment l&rsquo;installer sur sa machine?<\/h1>\n<p>Pour une utilisation en local (et donc hors connexion), l&rsquo;appli peut \u00eatre lanc\u00e9e depuis R apr\u00e8s installation du package graphiT (disponible en ligne en version \u00ab\u00a0dev\u00a0\u00bb). Les fichiers n\u00e9cessaires ainsi que les instructions d&rsquo;installation se trouvent ici: <a href=\"https:\/\/github.com\/lvaudor\/graphiT\">github\/lvaudor\/graphiT<\/a><\/p>\n","protected":false},"excerpt":{"rendered":"<p>Qu&rsquo;est-ce que c&rsquo;est ? GraphiT(pour \u00ab\u00a0Graphics ToolKat\u00a0\u00bb) est une application qui permet de r\u00e9aliser des graphiques univari\u00e9s ou bivari\u00e9s (nuages de points, bo\u00eetes \u00e0 moustaches, histogrammes, etc.) de mani\u00e8re simple. GraphiT est une appli shiny (c&rsquo;est-\u00e0-dire bas\u00e9e sur le langage R, mais enti\u00e8rement \u00ab\u00a0clique-boutons\u00a0\u00bb donc utilisable m\u00eame par ceux qui ne seraient pas familiers de R). Elle repose sur les principes de construction de graphiques du package ggplot2 et sa.. <a href=\"https:\/\/perso.ens-lyon.fr\/lise.vaudor\/graphit\/\">Read More<\/a><\/p>\n","protected":false},"author":1,"featured_media":0,"parent":0,"menu_order":0,"comment_status":"closed","ping_status":"closed","template":"","meta":{"footnotes":""},"class_list":["post-525","page","type-page","status-publish","hentry"],"_links":{"self":[{"href":"https:\/\/perso.ens-lyon.fr\/lise.vaudor\/wp-json\/wp\/v2\/pages\/525","targetHints":{"allow":["GET"]}}],"collection":[{"href":"https:\/\/perso.ens-lyon.fr\/lise.vaudor\/wp-json\/wp\/v2\/pages"}],"about":[{"href":"https:\/\/perso.ens-lyon.fr\/lise.vaudor\/wp-json\/wp\/v2\/types\/page"}],"author":[{"embeddable":true,"href":"https:\/\/perso.ens-lyon.fr\/lise.vaudor\/wp-json\/wp\/v2\/users\/1"}],"replies":[{"embeddable":true,"href":"https:\/\/perso.ens-lyon.fr\/lise.vaudor\/wp-json\/wp\/v2\/comments?post=525"}],"version-history":[{"count":14,"href":"https:\/\/perso.ens-lyon.fr\/lise.vaudor\/wp-json\/wp\/v2\/pages\/525\/revisions"}],"predecessor-version":[{"id":847,"href":"https:\/\/perso.ens-lyon.fr\/lise.vaudor\/wp-json\/wp\/v2\/pages\/525\/revisions\/847"}],"wp:attachment":[{"href":"https:\/\/perso.ens-lyon.fr\/lise.vaudor\/wp-json\/wp\/v2\/media?parent=525"}],"curies":[{"name":"wp","href":"https:\/\/api.w.org\/{rel}","templated":true}]}}