{"id":556,"date":"2016-08-22T17:35:41","date_gmt":"2016-08-22T15:35:41","guid":{"rendered":"http:\/\/perso.ens-lyon.fr\/lise.vaudor\/?page_id=556"},"modified":"2026-04-20T13:56:54","modified_gmt":"2026-04-20T11:56:54","slug":"formations","status":"publish","type":"page","link":"https:\/\/perso.ens-lyon.fr\/lise.vaudor\/formations\/","title":{"rendered":"Formations R"},"content":{"rendered":"<h1>Vid\u00e9os Youtube:<\/h1>\n<p><a href=\"https:\/\/www.youtube.com\/channel\/UC9QOCBVGHp4gnmcmkG1VbGg\" target=\"_blank\" rel=\"noopener\"> Cette cha\u00eene<\/a> comprend 3 vid\u00e9os qui correspondent grosso modo aux trois premiers supports de cours list\u00e9s ci-dessous.<\/p>\n<h1>Formation<\/h1>\n<p><b>BASE<\/b><br \/>\n\ud83d\udc69\u200d\ud83c\udfeb Cours: <a href=\"http:\/\/perso.ens-lyon.fr\/lise.vaudor\/Supports_formation\/Restart_0_introduction.html\" target=\"_blank\" rel=\"noopener\">Intro<\/a>\/<a href=\"http:\/\/perso.ens-lyon.fr\/lise.vaudor\/Supports_formation\/Restart_1_objets_de_base.html\" target=\"_blank\" rel=\"noopener\">Objets<\/a>\/<a href=\"http:\/\/perso.ens-lyon.fr\/lise.vaudor\/Supports_formation\/Restart_2_operateurs_fonctions_packages.html\" target=\"_blank\" rel=\"noopener\">Fonctions<\/a><br \/>\n\ud83e\uddd1\u200d\ud83c\udf93 <a href=\"https:\/\/isig-apps.ens-lyon.fr\/app\/learnr-base\" target=\"_blank\" rel=\"noopener\">Exercices<\/a><\/p>\n<hr \/>\n<p><b>TABLEAUX<\/b><br \/>\n\ud83d\udc69\u200d\ud83c\udfeb <a href=\"http:\/\/perso.ens-lyon.fr\/lise.vaudor\/Supports_formation\/Restart_4_tableaux_de_donnees.html\" target=\"_blank\" rel=\"noopener\">Cours<\/a><br \/>\n\ud83e\uddd1\u200d\ud83c\udf93 <a href=\"https:\/\/isig-apps.ens-lyon.fr\/apps\/lvaudor\/Restart_exos_tableaux\/\" target=\"_blank\" rel=\"noopener\">Exercices<\/a><\/p>\n<p>A ce stade, je vous encourage vivement \u00e0 travailler sur <strong>votre machine<\/strong> et <strong>vos donn\u00e9es<\/strong>&#8230; V\u00e9rifiez que vous savez 1) installer les logiciels R, RStudio 2) installer\/charger le package dplyr, 3)comment fonctionne un \u00ab\u00a0vrai\u00a0\u00bb script, 4) lire votre\/vos tableau(x) de donn\u00e9es, 5) manipuler un peu votre\/vos tableau(x). =&gt; c&rsquo;est l&rsquo;occasion de me poser des questions en cas de blocage \ud83d\ude09<\/p>\n<hr \/>\n<p><b>GRAPHIQUES<\/b><br \/>\n\ud83d\udc69\u200d\ud83c\udfeb <a href=\"http:\/\/perso.ens-lyon.fr\/lise.vaudor\/Supports_formation\/Restart_5_graphiques.html\" target=\"_blank\" rel=\"noopener\">Cours<\/a><br \/>\n\ud83e\uddd1\u200d\ud83c\udf93 <a href=\"https:\/\/isig-apps.ens-lyon.fr\/apps\/lvaudor\/Restart_exos_graphiques\" target=\"_blank\" rel=\"noopener\">Exercices<\/a><\/p>\n<hr \/>\n<p><b>PROJETS<\/b><br \/>\n\ud83d\udc69\u200d\ud83c\udfeb <a href=\"http:\/\/perso.ens-lyon.fr\/lise.vaudor\/Supports_formation\/Restart_3_workflow_projets_rapports.html\" target=\"_blank\" rel=\"noopener\"> Cours<\/a><\/p>\n<hr \/>\n<p><b>PROGRAMMATION<\/b><br \/>\n\ud83d\udc69\u200d\ud83c\udfeb  <a href=\"http:\/\/perso.ens-lyon.fr\/lise.vaudor\/Supports_formation\/Restart_6_programmation.html\" target=\"_blank\" rel=\"noopener\">Cours<\/a><br \/>\n\ud83e\uddd1\u200d\ud83c\udf93  <a href=\"https:\/\/isig-apps.ens-lyon.fr\/apps\/lvaudor\/Programmation_fonctionnelle\/\" target=\"_blank\" rel=\"noopener\">Exercices<\/a><\/p>\n","protected":false},"excerpt":{"rendered":"<p>Vid\u00e9os Youtube: Cette cha\u00eene comprend 3 vid\u00e9os qui correspondent grosso modo aux trois premiers supports de cours list\u00e9s ci-dessous. Formation BASE \ud83d\udc69\u200d\ud83c\udfeb Cours: Intro\/Objets\/Fonctions \ud83e\uddd1\u200d\ud83c\udf93 Exercices TABLEAUX \ud83d\udc69\u200d\ud83c\udfeb Cours \ud83e\uddd1\u200d\ud83c\udf93 Exercices A ce stade, je vous encourage vivement \u00e0 travailler sur votre machine et vos donn\u00e9es&#8230; V\u00e9rifiez que vous savez 1) installer les logiciels R, RStudio 2) installer\/charger le package dplyr, 3)comment fonctionne un \u00ab\u00a0vrai\u00a0\u00bb script, 4) lire votre\/vos tableau(x).. <a href=\"https:\/\/perso.ens-lyon.fr\/lise.vaudor\/formations\/\">Read More<\/a><\/p>\n","protected":false},"author":1,"featured_media":0,"parent":0,"menu_order":0,"comment_status":"closed","ping_status":"closed","template":"","meta":{"footnotes":""},"class_list":["post-556","page","type-page","status-publish","hentry"],"_links":{"self":[{"href":"https:\/\/perso.ens-lyon.fr\/lise.vaudor\/wp-json\/wp\/v2\/pages\/556","targetHints":{"allow":["GET"]}}],"collection":[{"href":"https:\/\/perso.ens-lyon.fr\/lise.vaudor\/wp-json\/wp\/v2\/pages"}],"about":[{"href":"https:\/\/perso.ens-lyon.fr\/lise.vaudor\/wp-json\/wp\/v2\/types\/page"}],"author":[{"embeddable":true,"href":"https:\/\/perso.ens-lyon.fr\/lise.vaudor\/wp-json\/wp\/v2\/users\/1"}],"replies":[{"embeddable":true,"href":"https:\/\/perso.ens-lyon.fr\/lise.vaudor\/wp-json\/wp\/v2\/comments?post=556"}],"version-history":[{"count":76,"href":"https:\/\/perso.ens-lyon.fr\/lise.vaudor\/wp-json\/wp\/v2\/pages\/556\/revisions"}],"predecessor-version":[{"id":1571,"href":"https:\/\/perso.ens-lyon.fr\/lise.vaudor\/wp-json\/wp\/v2\/pages\/556\/revisions\/1571"}],"wp:attachment":[{"href":"https:\/\/perso.ens-lyon.fr\/lise.vaudor\/wp-json\/wp\/v2\/media?parent=556"}],"curies":[{"name":"wp","href":"https:\/\/api.w.org\/{rel}","templated":true}]}}