{"id":934,"date":"2018-07-03T09:05:13","date_gmt":"2018-07-03T07:05:13","guid":{"rendered":"http:\/\/perso.ens-lyon.fr\/lise.vaudor\/?page_id=934"},"modified":"2024-01-24T15:53:55","modified_gmt":"2024-01-24T14:53:55","slug":"tuto-texte","status":"publish","type":"page","link":"https:\/\/perso.ens-lyon.fr\/lise.vaudor\/tuto-texte\/","title":{"rendered":"Formation Textometrie"},"content":{"rendered":"<p>COURS<\/p>\n<p><a href=\"http:\/\/perso.ens-lyon.fr\/lise.vaudor\/partage\/Textometrie_1.html\" target=\"_blank\"> 1) Intro<\/a><\/p>\n<p><a href=\"http:\/\/perso.ens-lyon.fr\/lise.vaudor\/partage\/Textometrie_2.html\" target=\"_blank\"> 2) Objets<\/a><\/p>\n<p><a href=\"http:\/\/perso.ens-lyon.fr\/lise.vaudor\/partage\/Textometrie_3.html\" target=\"_blank\"> 3) Tables <\/a><\/p>\n<p><a href=\"http:\/\/perso.ens-lyon.fr\/lise.vaudor\/partage\/Textometrie_4.html\" target=\"_blank\"> 4) Strings<\/a><\/p>\n<p><a href=\"http:\/\/perso.ens-lyon.fr\/lise.vaudor\/partage\/Textometrie_5.html\" target=\"_blank\"> 5) Tok\u00e9nisation et lemmatisation<\/a><\/p>\n<p><a href=\"http:\/\/perso.ens-lyon.fr\/lise.vaudor\/partage\/Textometrie_6.html\" target=\"_blank\"> 6) Comptages et graphiques simples<\/a><\/p>\n<p><a href=\"http:\/\/perso.ens-lyon.fr\/lise.vaudor\/partage\/Textometrie_7.html\" target=\"_blank\"> 7) Tables lexicales, co-occurrences et corr\u00e9lations, sp\u00e9cificit\u00e9s<\/a><\/p>\n<p><a href=\"http:\/\/perso.ens-lyon.fr\/lise.vaudor\/partage\/Textometrie_8.html\" target=\"_blank\"> 8) Classes, th\u00e9matiques<\/a><\/p>\n<p><a href=\"https:\/\/isig-apps.ens-lyon.fr\/apps\/lvaudor\/textometrie_exos\/#section-introduction\"> EXERCICES <\/a><\/p>\n","protected":false},"excerpt":{"rendered":"<p>COURS 1) Intro 2) Objets 3) Tables 4) Strings 5) Tok\u00e9nisation et lemmatisation 6) Comptages et graphiques simples 7) Tables lexicales, co-occurrences et corr\u00e9lations, sp\u00e9cificit\u00e9s 8) Classes, th\u00e9matiques EXERCICES<\/p>\n","protected":false},"author":1,"featured_media":0,"parent":0,"menu_order":0,"comment_status":"closed","ping_status":"closed","template":"","meta":{"footnotes":""},"class_list":["post-934","page","type-page","status-publish","hentry"],"_links":{"self":[{"href":"https:\/\/perso.ens-lyon.fr\/lise.vaudor\/wp-json\/wp\/v2\/pages\/934","targetHints":{"allow":["GET"]}}],"collection":[{"href":"https:\/\/perso.ens-lyon.fr\/lise.vaudor\/wp-json\/wp\/v2\/pages"}],"about":[{"href":"https:\/\/perso.ens-lyon.fr\/lise.vaudor\/wp-json\/wp\/v2\/types\/page"}],"author":[{"embeddable":true,"href":"https:\/\/perso.ens-lyon.fr\/lise.vaudor\/wp-json\/wp\/v2\/users\/1"}],"replies":[{"embeddable":true,"href":"https:\/\/perso.ens-lyon.fr\/lise.vaudor\/wp-json\/wp\/v2\/comments?post=934"}],"version-history":[{"count":21,"href":"https:\/\/perso.ens-lyon.fr\/lise.vaudor\/wp-json\/wp\/v2\/pages\/934\/revisions"}],"predecessor-version":[{"id":1402,"href":"https:\/\/perso.ens-lyon.fr\/lise.vaudor\/wp-json\/wp\/v2\/pages\/934\/revisions\/1402"}],"wp:attachment":[{"href":"https:\/\/perso.ens-lyon.fr\/lise.vaudor\/wp-json\/wp\/v2\/media?parent=934"}],"curies":[{"name":"wp","href":"https:\/\/api.w.org\/{rel}","templated":true}]}}