{"id":98,"date":"2018-05-14T11:31:00","date_gmt":"2018-05-14T09:31:00","guid":{"rendered":"http:\/\/perso.ens-lyon.fr\/loic.salmon\/?page_id=98"},"modified":"2025-01-31T10:34:30","modified_gmt":"2025-01-31T09:34:30","slug":"publications","status":"publish","type":"page","link":"https:\/\/perso.ens-lyon.fr\/loic.salmon\/publications\/","title":{"rendered":"Publications"},"content":{"rendered":"<h3><img loading=\"lazy\" decoding=\"async\" class=\"aligncenter size-large wp-image-197\" src=\"http:\/\/perso.ens-lyon.fr\/loic.salmon\/wp-content\/uploads\/2018\/09\/Publi3-1024x482.png\" alt=\"\" width=\"1024\" height=\"482\" srcset=\"https:\/\/perso.ens-lyon.fr\/loic.salmon\/wp-content\/uploads\/2018\/09\/Publi3-1024x482.png 1024w, https:\/\/perso.ens-lyon.fr\/loic.salmon\/wp-content\/uploads\/2018\/09\/Publi3-300x141.png 300w, https:\/\/perso.ens-lyon.fr\/loic.salmon\/wp-content\/uploads\/2018\/09\/Publi3-768x361.png 768w\" sizes=\"auto, (max-width: 1024px) 100vw, 1024px\" \/>Research Articles and Reviews<\/h3>\n<p>40. Mitra R, Usher ET, Dedeo\u011flu S, Crotteau MJ, Fraser OA, Yennawar NH, Gadkari VV, Ruotolo BT, Holehouse AS, Salmon L, Showalter SA, Bardwell JCA. Molecular insights into the interaction between a disordered protein and a folded RNA. <em>Proc Natl Acad Sci USA<\/em>. <strong>2024<\/strong> 121(49):e2409139121.<\/p>\n<p>39. <span class=\"docsum-authors full-authors\">Wu P, Zehnder J, Schr\u00f6der N, Bl\u00fcmmel PEW, Salmon L, Damberger FF, Lipps G, Allain FH, Wiegand T.<\/span> <span class=\"docsum-journal-citation full-journal-citation\">J. <\/span><a class=\"docsum-title\" href=\"https:\/\/pubs.acs.org\/doi\/10.1021\/jacs.3c11836\" data-ga-category=\"result_click\" data-ga-action=\"3\" data-ga-label=\"38538061\" data-full-article-url=\"from_term=salmon+loic&amp;from_sort=date&amp;from_pos=3\" data-article-id=\"38538061\">Initial Primer Synthesis of a DNA Primase Monitored by Real-Time NMR Spectroscopy.<\/a><span class=\"docsum-journal-citation full-journal-citation\"><em> J Am Chem Soc<\/em> <strong>2024<\/strong> 146:9583-9596<\/span><\/p>\n<p>38. Roy R, Geng A, Shi H, Merriman DK, Dethoff EA, Salmon L, Al-Hashimi HM. <a href=\"https:\/\/pubs.acs.org\/doi\/10.1021\/jacs.3c04614\">Kinetic Resolution of the Atomic 3D Structures Formed by Ground and Excited Conformational States in an RNA Dynamic Ensemble.<\/a> <em>J Am Chem Soc<\/em> <strong>2023<\/strong> <span class=\"docsum-journal-citation full-journal-citation\">145(42):22964-22978.<\/span><\/p>\n<p>37. <span class=\"docsum-authors full-authors\">Sannapureddi RKR, Mohanty MK, Salmon L, Sathyamoorthy B<\/span>. <a class=\"docsum-title\" href=\"https:\/\/pubs.acs.org\/doi\/10.1021\/jacs.3c03218\" data-ga-category=\"result_click\" data-ga-action=\"1\" data-ga-label=\"37428641\" data-full-article-url=\"from_term=loic+salmon&amp;from_sort=date&amp;from_pos=1\" data-article-id=\"37428641\">Conformational Plasticity of Parallel G-Quadruplex\u2500Implications on Duplex-Quadruplex Motifs.\u00a0<\/a><span class=\"docsum-journal-citation full-journal-citation\"><em>J Am Chem Soc<\/em> <strong>2023<\/strong> 145:15370-15380<\/span><\/p>\n<p>36.<span class=\"docsum-authors full-authors\">Nouri S, Boudet J, Dreher-Teo H, Allain FH, Glockshuber R, Salmon L, Giese C. <\/span><a class=\"docsum-title\" href=\"https:\/\/onlinelibrary.wiley.com\/doi\/10.1002\/anie.202305120\" data-ga-category=\"result_click\" data-ga-action=\"2\" data-ga-label=\"37248171\" data-full-article-url=\"from_term=loic+salmon&amp;from_sort=date&amp;from_pos=2\" data-article-id=\"37248171\">Elongated Bacterial Pili as a Versatile Alignment Medium for NMR Spectroscopy.\u00a0<\/a><span class=\"docsum-journal-citation full-journal-citation\"><em>Angew Chem Int Ed Engl<\/em> <strong>2023,\u00a0<\/strong>62:e202305120<br \/>\n<\/span><\/p>\n<p>35.\u00a0<span class=\"docsum-authors full-authors\">Hoffmann G, Le Gorrec M, Mestdach E, Cusack S, Salmon L, Jensen MR, Palencia A.<\/span> <a class=\"docsum-title\" href=\"https:\/\/pubs.acs.org\/doi\/10.1021\/jacs.2c04808\" data-ga-category=\"result_click\" data-ga-action=\"3\" data-ga-label=\"36599057\" data-full-article-url=\"from_term=loic+salmon&amp;from_sort=date&amp;from_pos=3\" data-article-id=\"36599057\">Adenosine-Dependent Activation Mechanism of Prodrugs Targeting an Aminoacyl-tRNA Synthetase.<\/a> <span class=\"docsum-journal-citation full-journal-citation\"><em>J Am Chem Soc<\/em> <strong>2023<\/strong> 145:800-810.<br \/>\n<\/span><\/p>\n<p>34. <span class=\"docsum-authors full-authors\">Lacabanne D, Boudet J, Mal\u00e4r AA, Wu P, Cadalbert R, Salmon L, Allain FH, Meier BH, Wiegand T.\u00a0<a class=\"docsum-title\" href=\"https:\/\/pubs.acs.org\/doi\/10.1021\/acs.jpcb.0c08150\" data-ga-category=\"result_click\" data-ga-action=\"1\" data-ga-label=\"33238710\" data-full-article-url=\"from_term=loic+salmon&amp;from_sort=date&amp;from_pos=1\" data-article-id=\"33238710\">Protein Side-Chain-DNA Contacts Probed by Fast Magic-Angle Spinning NMR.<\/a><\/span><span class=\"docsum-journal-citation full-journal-citation\"><em>\u00a0J Phys Chem B<\/em> <strong>2020<\/strong> 124:11089-11097<\/span><\/p>\n<p>33. <span class=\"docsum-authors full-authors\">Bonaccorsi M, Knight MJ, Le Marchand T, Dannatt HRW, Schubeis T, Salmon L, Felli IC, Emsley L, Pierattelli R, Pintacuda G. <a href=\"https:\/\/pubs.acs.org\/doi\/10.1021\/jacs.0c09242\">Multimodal Response to Copper Binding in Superoxide Dismutase Dynamics.<\/a><\/span> <span class=\"docsum-journal-citation full-journal-citation\"><em>J Am Chem Soc<\/em> <strong>2020<\/strong> 142:19660-19667<\/span><br \/>\nHighlighted in JACS Spotlights: <span class=\"NLM_string-name\">Herman C.<\/span> <span class=\"cit-title\"><i>J Am Chem Soc<\/i><\/span> <strong><span class=\"cit-year-info\">2020<\/span><\/strong><span class=\"cit-volume\">, 142<\/span><span class=\"cit-issue\">:<\/span><span class=\"cit-pageRange\">20271\u201320272<\/span><\/p>\n<p>32. Rocchio S, Duman R, El Omari K, Mykhaylyk V, Orr C, Yan Z, Salmon L, Wagner A, Bardwell JCA, Horowitz S. <a href=\"http:\/\/scripts.iucr.org\/cgi-bin\/paper?S2059798319014475\">Identifying dynamic, partially occupied residues using anomalous scattering.<\/a> Acta Crystallogr D <strong>2019<\/strong> 75:1084-1095.<\/p>\n<p>31.\u00a0Boudet J, Devillier JC, Wiegand T, Salmon L, Meier BH, Lipps G, Allain FH. <a href=\"https:\/\/linkinghub.elsevier.com\/retrieve\/pii\/S0092-8674(18)31556-3\">A Small Helical Bundle Prepares Primer Synthesis by Binding Two Nucleotides that Enhance Sequence-Specific Recognition of the DNA Template.<\/a> <em>Cell<\/em> <strong>2019<\/strong> 176:154-166<br \/>\nHighlighted in Cell Previews: Walker JM, Varani G. <em>Cell<\/em> <strong>2019<\/strong> 176:4\u20136<\/p>\n<p>30. Salmon L*, Stull F, Sayle S, Cato C, Akgu\u0308l S\u0327, Foit L, Ahlstrom LS, Eisenmesser EZ, Al-Hashimi HM, Bardwell JC*, Horowitz S*. <a href=\"https:\/\/www.sciencedirect.com\/science\/article\/pii\/S0022283617305405?via%3Dihub\">The Mechanism of HdeA Unfolding and Chaperone Activation<\/a>. <em>J Mol Biol<\/em> <strong>2018<\/strong>, 430:33-40<\/p>\n<p>29. Hofmann D, Salmon L, Wider G. <a href=\"https:\/\/pubs.acs.org\/doi\/10.1021\/jacs.7b05050\">Activity of Tumor Necrosis Factor \u03b1 Is Modulated by Dynamic Conformational Rearrangements.<\/a> <em>J Am Chem Soc<\/em><strong> 2018<\/strong>, 140:167-175<br \/>\nEvaluated 2 in Faculty of F1000<\/p>\n<p>28. Salvi N, Salmon L, Blackledge M. <a href=\"https:\/\/pubs.acs.org\/doi\/10.1021\/jacs.7b01566\">Dynamic Descriptions of Highly Flexible Molecules from NMR Dipolar Couplings: Physical Basis and Limitations.<\/a> <em>J Am Chem Soc<\/em> <strong>2017<\/strong>, 139 :5011-5014<\/p>\n<p>27. Salmon L*, Ahlstrom LS, Horowitz S, Dickson A, Brooks CL*, Bardwell JC*. <a href=\"http:\/\/pubs.acs.org\/doi\/full\/10.1021\/jacs.6b02382\">Capturing a Dynamic Chaperone-Substrate Interaction Using NMR-Informed Molecular Modeling.<\/a> <em>J Am Chem Soc<\/em> <strong>2016<\/strong>, 138:9826-9839<\/p>\n<p>26. Horowitz S, Salmon L, Koldewey P, Ahlstrom LS, Martin R, Quan S, Afonine PV, van den Bedem H, Wang L, Xu Q, Trievel RC, Brooks CL, Bardwell JC. <a href=\"http:\/\/www.nature.com\/nsmb\/journal\/v23\/n7\/full\/nsmb.3237.html\">Visualizing chaperone-assisted protein folding.<\/a> <em>Nat Struct Mol Biol<\/em> <strong>2016<\/strong>, 23:691-697<br \/>\nHighlighted in News and Views: Clark PL, Elcock AH. <em>Nat Struct Mol Biol<\/em> <strong>2016<\/strong>, 23:621-623<br \/>\nEvaluated 3 in Faculty of 1000<\/p>\n<p>25. Swanson M, Boudreaux D, Salmon L, Chugh J, Winter H, Meagher J, Andr\u00e9 S, Murphy P, Oscarson S, Roy R, King S, Kaplan M, Goldstein I, Tarbet B, Hurst B, Smee D, de la Fuente C, Hoffmann HH, Xue Y, Rice C, Schols D, Garcia V, Stuckey J, Gabius HJ, Al-Hashimi HM, Markovitz DM. <a href=\"http:\/\/www.sciencedirect.com\/science\/article\/pii\/S0092867415012738\">Engineering a Therapeutic Lectin: Uncoupling Mitogenicity from Antiviral Activity.<\/a> <em>Cell<\/em> <strong>2015<\/strong>, 163:746-758<\/p>\n<p>24. Andra\u0142oj\u0107 W, Ravera E, Salmon L, Parigi G, Al-Hashimi HM, Luchinat C. <a href=\"http:\/\/pubs.rsc.org\/en\/Content\/ArticleLanding\/2016\/CP\/C5CP03993B\">Inter-helical conformational preferences of HIV-1 TAR-RNA from Maximum Occurrence Analysis of NMR data and molecular dynamics simulations.<\/a> <em>Phys Chem Chem Phys<\/em> <strong>2015<\/strong>, 18:5743-5752<\/p>\n<p>23. Salmon L, Blackledge M. <a href=\"http:\/\/iopscience.iop.org\/article\/10.1088\/0034-4885\/78\/12\/126601\/meta\">Investigating Protein Conformational Energy Landscapes and Atomic Resolution Dynamics from NMR Dipolar Couplings: A Review.<\/a> <em>Rep Prog Phys<\/em> <strong>2015<\/strong>, 78:126601<\/p>\n<p>22. Salmon L, Giamba\u015fu G, Nikolova E, Petzold K, Bhattacharya A, Case D, Al-Hashimi HM. <a href=\"http:\/\/pubs.acs.org\/doi\/full\/10.1021\/jacs.5b07229\">Modulating RNA Alignment Using Directional Dynamic Kinks: Application in Determining an Atomic-Resolution Ensemble for a Hairpin using NMR Residual Dipolar Couplings.<\/a> <em>J Am Chem Soc<\/em> <strong>2015<\/strong>, 137:12954-12965<\/p>\n<p>21. Dahl JU, Koldewey P, Salmon L, Horowitz S, Bardwell JC, Jakob U. <a href=\"http:\/\/www.jbc.org\/content\/290\/16\/9950.long\">HdeB Functions as an Acid-Protective Chaperone in Bacteria.<\/a> <em>J Biol Chem<\/em> <strong>2015<\/strong>, 290:65-75<\/p>\n<p>20. Dickson A, Mustoe A, Salmon L, Brooks CL. <a href=\"http:\/\/nar.oxfordjournals.org\/content\/42\/19\/12126.full\">Efficient In-Silico Exploration of RNA Interhelical Conformations Using Euler Angles and WExplore.<\/a> <em>Nucleic Acids Res<\/em> <strong>2014<\/strong>, 42:12126-12137<\/p>\n<p>19. Ravera E, Salmon L, Fragai M, Parigi G, Al-Hashimi HM, Luchinat C. <a href=\"http:\/\/pubs.acs.org\/doi\/full\/10.1021\/ar5002318\">Insights into Domain-Domain Motions in Proteins and RNA from Solution NMR.<\/a> <em>Acc Chem Res<\/em> <strong>2014<\/strong>, 47:3118-3126<\/p>\n<p>18. Yang S, Salmon L, Al-Hashimi HM. <a href=\"http:\/\/www.nature.com\/nmeth\/journal\/v11\/n5\/full\/nmeth.2921.html\">Measuring Similarity between Dynamic Ensembles of Biomolecules.<\/a> <em>Nat Methods<\/em> <strong>2014<\/strong>, 11:552-554<\/p>\n<p>17. Salmon L, Yang S, Al-Hashimi HM. <a href=\"http:\/\/www.annualreviews.org\/doi\/10.1146\/annurev-physchem-040412-110059\">Advances in the Determination of Nucleic Acid Conformational Ensembles.<\/a> <em>Annu Rev Phys Chem<\/em> <strong>2014<\/strong>, 65:293-316<\/p>\n<p>16. Salmon L, Bascom G, Andricioaei I, Al-Hashimi HM. <a href=\"http:\/\/pubs.acs.org\/doi\/full\/10.1021\/ja400920w\">A General Method for Constructing Atomic-Resolution RNA Ensembles using NMR Residual Dipolar Couplings: The Basis for Inter-helical Motions Revealed.<\/a> <em>J Am Chem Soc<\/em> <strong>2013<\/strong>, 135:5457-5466<\/p>\n<p>15. Guerry P, Salmon L, Mollica L, Ortega Roldan JL, Markwick PR, van Nuland N, McCammon JA, Blackledge M. <a href=\"http:\/\/onlinelibrary.wiley.com\/doi\/10.1002\/anie.201209669\/full\">Mapping the Population of Protein Conformational Energy Sub-States from NMR Dipolar Couplings.<\/a> <em>Angew Chem Int Ed<\/em> <strong>2013<\/strong>, 52:3181-3185<\/p>\n<p>14. Ozenne V, Schneider R, Yao M, Huang JR, Salmon L, Zweckstetter M, Jensen MR, Blackledge M. <a href=\"http:\/\/pubs.acs.org\/doi\/full\/10.1021\/ja306905s\">Mapping the Potential Energy Landscape of Intrinsically Disordered Proteins at Amino Acid Resolution.<\/a> <em>J Am Chem Soc<\/em> <strong>2012<\/strong>, 134:15138-15148<\/p>\n<p>13. Ozenne V, Bauer F, Salmon L, Huang JR, Jensen MR, Segard S, Bernad\u00f3 P, Charavay C, Blackledge M. <a href=\"http:\/\/bioinformatics.oxfordjournals.org\/content\/28\/11\/1463.full\">Flexible-Meccano: a Tool for the Generation of Explicit Ensemble Descriptions of Intrinsically Disordered Proteins and their Associated Experimental Observables.<\/a> <em>Bioinformatics<\/em> <strong>2012<\/strong>, 28:1463-1470<\/p>\n<p>12. Salmon L, Pierce L, Grimm A, Ortega Roldan JL, Mollica L, Jensen MR, van Nuland N, Markwick PR, McCammon JA, Blackledge M. <a href=\"http:\/\/onlinelibrary.wiley.com\/wol1\/doi\/10.1002\/anie.201202026\/full\">Multi-Timescale Conformational Dynamics of the SH3 Domain of CD2-Associated Protein using NMR Spectroscopy and Accelerated Molecular Dynamics.<\/a> <em>Angew Chem Int Ed<\/em> <strong>2012<\/strong>, 51:6103-6106<\/p>\n<p>11. Schneider R, Huang JR, Yao M, Communie G, Ozenne V, Mollica L, Salmon L, Jensen MR, Blackledge M. <a href=\"http:\/\/pubs.rsc.org\/en\/content\/articlelanding\/2012\/mb\/c1mb05291h\">Towards A Robust Description of Intrinsic Protein Disorder using Nuclear Magnetic Resonance Spectroscopy.<\/a> <em>Mol Biosyst<\/em> <strong>2012<\/strong>, 8:58-68<\/p>\n<p>10. Jensen MR, Ortega-Roldan JL, Salmon L, van Nuland N, Blackledge M. <a href=\"http:\/\/link.springer.com\/article\/10.1007%2Fs00249-011-0720-5\">Characterizing Weak Protein-Protein Complexes by NMR Residual Dipolar Couplings.<\/a> <em>Eur Biophys J<\/em> <strong>2011<\/strong>, 40:1371-1381<\/p>\n<p>9. Jensen MR, Communie G, Ribeiro EA, Martinez N, Desfosses A, Salmon L, Mollica L, Gabel F, Jamin M, Longhi S, Ruigrok R, Blackledge M. <a href=\"http:\/\/www.pnas.org\/content\/108\/24\/9839.full\">Intrinsic Disorder in Measles Virus Nucleocapsids.<\/a> <em>Proc Natl Acad Sci USA<\/em> <strong>2011<\/strong>, 108:9839-9844<\/p>\n<p>8. Salmon L, Bouvignies G, Markwick P, Blackledge M. <a href=\"http:\/\/pubs.acs.org\/doi\/full\/10.1021\/bi200177v\">Nuclear Magnetic Resonance Provides a Quantitative Description of Protein Conformational Flexibility on Physiologically Important Time Scales.<\/a> <em>Biochemistry<\/em> <strong>2011<\/strong>, 50:2735-2747<\/p>\n<p>7. Salmon L, Roldan JL, Lescop E, Licinio A, Van Nuland N, Jensen M, Blackledge M. <a href=\"http:\/\/onlinelibrary.wiley.com\/doi\/10.1002\/anie.201100310\/full\">Structure, Dynamics and Kinetics of Weak Protein-Protein Complexes from NMR Spin Relaxation Measurements of Titrated Solutions.<\/a> <em>Angew Chem Int Ed<\/em> <strong>2011<\/strong>, 50:3755-3759<br \/>\nEvaluated 1 in Faculty of 1000<\/p>\n<p>6. Salmon L, Nodet G, Ozenne V, Yin G, Jensen MR, Zweckstetter M, Blackledge M. <a href=\"http:\/\/pubs.acs.org\/doi\/full\/10.1021\/ja101645g\">NMR Characterization of Long-Range Order in Intrinsically Disordered Proteins.<\/a> <em>J Am Chem Soc<\/em> <strong>2010<\/strong>, 132:8407-8418<br \/>\nEvaluated 3 in Faculty of 1000<\/p>\n<p>5. Jensen MR, Salmon L, Nodet G, Blackledge M. <a href=\"http:\/\/pubs.acs.org\/doi\/full\/10.1021\/ja909973n\">De\ufb01ning Conformational Ensembles of Intrinsically Disordered and Partially Folded Proteins Directly from Chemical Shifts.<\/a> <em>J Am Chem Soc<\/em> <strong>2010<\/strong>, 132:1270-1271<br \/>\nEvaluated 3 in Faculty of 1000<\/p>\n<p>4. Nodet G, Salmon L, Ozenne V, Meier S, Jensen MR, Blackledge M. <a href=\"http:\/\/pubs.acs.org\/doi\/full\/10.1021\/ja9069024\">Quantitative Description of Backbone Conformational Sampling of Unfolded Proteins at Amino Acid Resolution from NMR Residual Dipolar Couplings.<\/a> <em>J Am Chem Soc<\/em> <strong>2009<\/strong>, 131:17908-17918<\/p>\n<p>3. Markwick P, Bouvignies G, Salmon L, McCammon J, Nilges M, Blackledge M. <a href=\"http:\/\/pubs.acs.org\/doi\/full\/10.1021\/ja907476w\">Toward a Uni\ufb01ed Representation of Protein Structural Dynamics in Solution.<\/a> <em>J Am Chem Soc<\/em> <strong>2009<\/strong>, 131:16968-16975<\/p>\n<p>2. Salmon L, Bouvignies G, Markwick P, Lakomek N, Showalter S, Li DW, Walter K, Griesinger C, Br\u00fcschweiler R, Blackledge M. <a href=\"http:\/\/onlinelibrary.wiley.com\/doi\/10.1002\/ange.200900476\/full\">Protein Conformational Flexibility from Structure-Free Analysis of NMR Dipolar Couplings: Quantitative and Absolute Determination of Backbone Motion in Ubiquitin.<\/a> <em>Angew Chem Int Ed<\/em> <strong>2009<\/strong>, 48:4154-4157<br \/>\nHighlighted in News and Views: Tolman JR. <em>Nature<\/em> <strong>2009<\/strong>, 459:1063-1064<\/p>\n<p>1. Hus JC, Salmon L, Bouvignies G, Lotze J, Blackledge M, Br\u00fcschweiler R. <a href=\"http:\/\/pubs.acs.org\/doi\/full\/10.1021\/ja804274s\">16-Fold Degeneracy of Peptide Plane Orientations from Residual Dipolar Couplings: Analytical Treatment and Implications for Protein Structure Determination.<\/a> <em>J Am Chem Soc<\/em> <strong>2008<\/strong>, 130:15927-15937<br \/>\nEvaluated 2 in Faculty of 1000<\/p>\n<h3>Commentary<\/h3>\n<div class=\"page\" title=\"Page 5\">\n<div class=\"layoutArea\">\n<div class=\"column\">\n<p>2.\u00a0<span class=\"docsum-authors full-authors\">Bussi G, Bonomi M, Gkeka P, Sattler M, Al-Hashimi HM, Auffinger P, Duca M, Foricher Y, Incarnato D, Jones AN, Kirmizialtin S, Krepl M, Orozco M, Palermo G, Pasquali S, Salmon L, Schwalbe H, Westhof E, Zacharias M.<\/span> <a class=\"docsum-title\" href=\"https:\/\/www.cell.com\/structure\/abstract\/S0969-2126(24)00282-X?_returnURL=https%3A%2F%2Flinkinghub.elsevier.com%2Fretrieve%2Fpii%2FS096921262400282X%3Fshowall%3Dtrue\" data-ga-category=\"result_click\" data-ga-action=\"1\" data-ga-label=\"39241758\" data-full-article-url=\"from_term=salmon+loic&amp;from_sort=date&amp;from_pos=1\" data-article-id=\"39241758\">RNA dynamics from experimental and computational approaches.<\/a><span class=\"docsum-authors full-authors\">\u00a0<\/span> <span class=\"docsum-journal-citation full-journal-citation\"><em>Structure<\/em> <strong>2024 <\/strong>32(9):1281-1287<\/span><\/p>\n<p>1. Horowitz S, Salmon L, Koldewey P, Ahlstrom LS, Martin R, Quan S, Afonine PV, van den Bedem H, Wang L, Xu Q, Trievel RC, Brooks CL 3rd, Bardwell JCA. <a href=\"https:\/\/www.nature.com\/articles\/s41594-018-0145-2\">Reply to &lsquo;Misreading chaperone-substrate complexes from random noise&rsquo;.<\/a> <em>Nat Struct Mol Biol<\/em> <strong>2018<\/strong> 25:990-991<\/p>\n<\/div>\n<\/div>\n<\/div>\n<h3>Book Chapters<\/h3>\n<p>4. Salmon L*, Ahlstrom LS, Bardwell JC, Horowitz S*. <a href=\"https:\/\/link.springer.com\/protocol\/10.1007%2F978-1-4939-7759-8_31\">Selecting Conformational Ensembles Using Residual Electron and Anomalous Density (READ).<\/a> <em>Methods in Molecular Biology<\/em> <strong>2018<\/strong>, 1764:491-504<\/p>\n<p>3. Salmon L, Jensen MR, Bernado P, Blackledge M. <a href=\"http:\/\/link.springer.com\/protocol\/10.1007\/978-1-61779-927-3_9\/fulltext.html\">Measurement and Analysis of NMR Residual Dipolar Couplings for the Study of Intrinsically Disordered Proteins.<\/a> Intrinsically Disordered Protein Analysis: Volume 1, Methods and Experimental Tools, <em>Humana Press<\/em> <strong>2012<\/strong><\/p>\n<p>2. Salmon L, Markwick P, Blackledge M. <a href=\"http:\/\/pubs.rsc.org\/en\/content\/ebook\/9781849731201#!divbookcontent\">Residual Dipolar Couplings as a Tool for the Study of Protein Conformation and Conformational Flexibility.<\/a> Recent Developments in Biomolecular NMR, <em>The Royal Society of Chemistry<\/em> <strong>2012<\/strong><\/p>\n<p>1. Jensen MR, Ozenne V, Salmon L, Nodet G, Markwick P, Bernado P, Blackledge M. <a href=\"http:\/\/eu.wiley.com\/WileyCDA\/WileyTitle\/productCd-0470721936.html\">Studying Partially Folded and Intrinsically Disordered Proteins using NMR Residual Dipolar Couplings.<\/a> Protein NMR Spectroscopy: Principal Techniques and Applications, <em>Wiley-Blackwell<\/em> <strong>2011<\/strong><\/p>\n<h3>Scientific Popularization<\/h3>\n<p>2. Salmon L, Blackledge M. <a href=\"http:\/\/www.lactualitechimique.org\/La-RMN-biomoleculaire-ou-la-revolution-en-mouvement\">La RMN Biomol\u00e9culaire ou la R\u00e9volution en Mouvement.<\/a> <em>L\u2019Actualit\u00e9 Chimique<\/em> <strong>2012<\/strong>, 364-365: 56-58<\/p>\n<p>1. Salmon L. <a href=\"http:\/\/www.editions-harmattan.fr\/index.asp?navig=catalogue&amp;obj=livre&amp;no=28974\">La Biophysique des Prot\u00e9ines, un Domaine o\u00f9 R\u00e8gne le Plus Grand des Ordres.<\/a> Ordre et D\u00e9sordre: Imbrication et Compl\u00e9mentarit\u00e9 des Notions d&rsquo;Ordre et de D\u00e9sordre, <em>L&rsquo;Harmattan<\/em> <strong>2009<\/strong><\/p>\n","protected":false},"excerpt":{"rendered":"<p>Research Articles and Reviews 40. Mitra R, Usher ET, Dedeo\u011flu S, Crotteau MJ, Fraser OA,&#8230;<\/p>\n<div class=\"more-link-wrapper\"><a class=\"more-link\" href=\"https:\/\/perso.ens-lyon.fr\/loic.salmon\/publications\/\">Read the post<span class=\"screen-reader-text\">Publications<\/span><\/a><\/div>\n","protected":false},"author":1,"featured_media":0,"parent":0,"menu_order":5,"comment_status":"closed","ping_status":"closed","template":"","meta":{"footnotes":""},"class_list":["post-98","page","type-page","status-publish","hentry","excerpt","zoom","full-without-featured","even","excerpt-0"],"_links":{"self":[{"href":"https:\/\/perso.ens-lyon.fr\/loic.salmon\/wp-json\/wp\/v2\/pages\/98","targetHints":{"allow":["GET"]}}],"collection":[{"href":"https:\/\/perso.ens-lyon.fr\/loic.salmon\/wp-json\/wp\/v2\/pages"}],"about":[{"href":"https:\/\/perso.ens-lyon.fr\/loic.salmon\/wp-json\/wp\/v2\/types\/page"}],"author":[{"embeddable":true,"href":"https:\/\/perso.ens-lyon.fr\/loic.salmon\/wp-json\/wp\/v2\/users\/1"}],"replies":[{"embeddable":true,"href":"https:\/\/perso.ens-lyon.fr\/loic.salmon\/wp-json\/wp\/v2\/comments?post=98"}],"version-history":[{"count":25,"href":"https:\/\/perso.ens-lyon.fr\/loic.salmon\/wp-json\/wp\/v2\/pages\/98\/revisions"}],"predecessor-version":[{"id":302,"href":"https:\/\/perso.ens-lyon.fr\/loic.salmon\/wp-json\/wp\/v2\/pages\/98\/revisions\/302"}],"wp:attachment":[{"href":"https:\/\/perso.ens-lyon.fr\/loic.salmon\/wp-json\/wp\/v2\/media?parent=98"}],"curies":[{"name":"wp","href":"https:\/\/api.w.org\/{rel}","templated":true}]}}