{"id":917,"date":"2020-12-30T12:00:48","date_gmt":"2020-12-30T11:00:48","guid":{"rendered":"https:\/\/perso.ens-lyon.fr\/ludovic.bellon\/wp\/?page_id=917"},"modified":"2021-03-09T09:17:51","modified_gmt":"2021-03-09T08:17:51","slug":"nanonoise","status":"publish","type":"page","link":"https:\/\/perso.ens-lyon.fr\/ludovic.bellon\/wp\/vulgarisation\/nanonoise\/","title":{"rendered":"Nanonoise"},"content":{"rendered":"\n<p>En 2019, Alex Andrix, artiste num\u00e9rique, s&rsquo;est immerg\u00e9 quelques jours dans notre \u00e9quipe pour appr\u00e9hender l&rsquo;objet de nos recherches, et cr\u00e9er une oeuvre num\u00e9rique sur sa perception de la physique que nous \u00e9tudions. Son tableau&nbsp;<em>Nanonoise<\/em> ci-dessus s&rsquo;inspire du <a href=\"https:\/\/perso.ens-lyon.fr\/ludovic.bellon\/wp\/vulgarisation\/mouvement-brownien\/\">mouvement Brownien<\/a>, \u00e0 la source de nombre de nos observations. <\/p>\n\n\n\n<p>Pour tout savoir sur le processus de cr\u00e9ation : <a href=\"http:\/\/alexandrix.com\/blog\/portraits-n1\">alexandrix.com\/blog\/portraits-n1<\/a><\/p>\n","protected":false},"excerpt":{"rendered":"<p>En 2019, Alex Andrix, artiste num\u00e9rique, s&rsquo;est immerg\u00e9 quelques jours dans notre \u00e9quipe pour appr\u00e9hender l&rsquo;objet de nos recherches, et cr\u00e9er une oeuvre num\u00e9rique sur sa perception de la physique que nous \u00e9tudions. Son tableau&nbsp;Nanonoise ci-dessus s&rsquo;inspire du mouvement Brownien, \u00e0 la source de nombre de nos observations. Pour tout savoir sur le processus de &hellip; <\/p>\n<p class=\"link-more\"><a href=\"https:\/\/perso.ens-lyon.fr\/ludovic.bellon\/wp\/vulgarisation\/nanonoise\/\" class=\"more-link\">Continuer la lecture<span class=\"screen-reader-text\"> de &laquo;&nbsp;Nanonoise&nbsp;&raquo;<\/span><\/a><\/p>\n","protected":false},"author":1,"featured_media":920,"parent":895,"menu_order":0,"comment_status":"closed","ping_status":"closed","template":"","meta":{"footnotes":""},"class_list":["post-917","page","type-page","status-publish","has-post-thumbnail","hentry"],"_links":{"self":[{"href":"https:\/\/perso.ens-lyon.fr\/ludovic.bellon\/wp\/wp-json\/wp\/v2\/pages\/917","targetHints":{"allow":["GET"]}}],"collection":[{"href":"https:\/\/perso.ens-lyon.fr\/ludovic.bellon\/wp\/wp-json\/wp\/v2\/pages"}],"about":[{"href":"https:\/\/perso.ens-lyon.fr\/ludovic.bellon\/wp\/wp-json\/wp\/v2\/types\/page"}],"author":[{"embeddable":true,"href":"https:\/\/perso.ens-lyon.fr\/ludovic.bellon\/wp\/wp-json\/wp\/v2\/users\/1"}],"replies":[{"embeddable":true,"href":"https:\/\/perso.ens-lyon.fr\/ludovic.bellon\/wp\/wp-json\/wp\/v2\/comments?post=917"}],"version-history":[{"count":5,"href":"https:\/\/perso.ens-lyon.fr\/ludovic.bellon\/wp\/wp-json\/wp\/v2\/pages\/917\/revisions"}],"predecessor-version":[{"id":958,"href":"https:\/\/perso.ens-lyon.fr\/ludovic.bellon\/wp\/wp-json\/wp\/v2\/pages\/917\/revisions\/958"}],"up":[{"embeddable":true,"href":"https:\/\/perso.ens-lyon.fr\/ludovic.bellon\/wp\/wp-json\/wp\/v2\/pages\/895"}],"wp:featuredmedia":[{"embeddable":true,"href":"https:\/\/perso.ens-lyon.fr\/ludovic.bellon\/wp\/wp-json\/wp\/v2\/media\/920"}],"wp:attachment":[{"href":"https:\/\/perso.ens-lyon.fr\/ludovic.bellon\/wp\/wp-json\/wp\/v2\/media?parent=917"}],"curies":[{"name":"wp","href":"https:\/\/api.w.org\/{rel}","templated":true}]}}