{"id":10,"date":"2020-05-07T18:05:29","date_gmt":"2020-05-07T16:05:29","guid":{"rendered":"http:\/\/perso.ens-lyon.fr\/mickael.bourgoin\/wordpress\/?page_id=10"},"modified":"2024-07-18T10:49:41","modified_gmt":"2024-07-18T08:49:41","slug":"collaborations","status":"publish","type":"page","link":"https:\/\/perso.ens-lyon.fr\/mickael.bourgoin\/collaborations\/","title":{"rendered":"People"},"content":{"rendered":"\n<h2 class=\"wp-block-heading\">Close collaborators @ LPENSL<\/h2>\n\n\n\n<ul class=\"wp-block-list\"><li><a href=\"http:\/\/perso.ens-lyon.fr\/nicolas.plihon\/\">Nicolas Plihon<\/a><\/li><li><a href=\"http:\/\/perso.ens-lyon.fr\/romain.volk\/\">Romain Volk<\/a><\/li><\/ul>\n\n\n\n<ul class=\"wp-block-list\"><li>Francesca Chill\u00e0<\/li><li><a href=\"http:\/\/perso.ens-lyon.fr\/sylvain.joubaud\/\">Sylvain Joubaud<\/a><\/li><li><a href=\"https:\/\/www.juliensalort.org\/fr\/\">Julien Salort<\/a><\/li><li><a href=\"http:\/\/perso.ens-lyon.fr\/stephane.santucci\/WebPage\/Home.html\">St\u00e9phane Santucci<\/a><\/li><li><a href=\"http:\/\/perso.ens-lyon.fr\/valerie.vidal\/\">Val\u00e9rie Vidal<\/a><\/li><\/ul>\n\n\n\n<div class=\"wp-block-columns has-2-columns is-layout-flex wp-container-core-columns-is-layout-9d6595d7 wp-block-columns-is-layout-flex\">\n<div class=\"wp-block-column is-layout-flow wp-block-column-is-layout-flow\">\n<h2 class=\"wp-block-heading\">Current PhD Students<\/h2>\n\n\n\n<ul class=\"wp-block-list\"><li>Samuel Bera<\/li><li>Elian Bernard<\/li><li>Matthieu Chatelain<\/li><li>Solenn Rodriguez<\/li><li>Fran\u00e7ois Schweitzer<\/li><li>Maud Viallet<\/li><li>Charlotte Vienney<\/li><\/ul>\n<\/div>\n\n\n\n<div class=\"wp-block-column is-layout-flow wp-block-column-is-layout-flow\">\n<h2 class=\"wp-block-heading\">Postdocs<\/h2>\n\n\n\n<ul class=\"wp-block-list\"><li>Di Bao<\/li><li>Chang Wang<\/li><\/ul>\n<\/div>\n<\/div>\n\n\n\n<div class=\"wp-block-columns has-2-columns is-layout-flex wp-container-core-columns-is-layout-9d6595d7 wp-block-columns-is-layout-flex\">\n<div class=\"wp-block-column is-layout-flow wp-block-column-is-layout-flow\">\n<h2 class=\"wp-block-heading\">Alumni<\/h2>\n\n\n\n<ul class=\"wp-block-list\"><li>Thomas Basset<\/li><li>Facundo Cabrera<\/li><li>David Dumont<\/li><li>Florencia Falkinhoff<\/li><li>Ariane Gayout<\/li><li>Benjamin Laplace<\/li><li>Olivier Liot<\/li><li>Mart\u00edn Obligado<\/li><li>Nauman Muhammad Qureshi<\/li><li>Sholpan Sumbekova<\/li><li>Fatimata Sy<\/li><li>Louison Thorens<\/li><li>J\u00e9r\u00e9my Vessaire<\/li><\/ul>\n\n\n\n<p><\/p>\n<\/div>\n\n\n\n<div class=\"wp-block-column is-layout-flow wp-block-column-is-layout-flow\">\n<h2 class=\"wp-block-heading\" id=\"mce_2\">Alumni<\/h2>\n\n\n\n<ul class=\"wp-block-list\"><li>Alexandre Ponomarenko<\/li><li>Thomas Barois<\/li><li>Mamadou Ciss\u00e9<\/li><li>Lionel Fiabane<\/li><li>Sander Huisman<\/li><li>Miguel Lopez Caballeros<\/li><li>Cyril Mauger<\/li><li>Romain Monchaux<\/li><\/ul>\n<\/div>\n<\/div>\n\n\n\n<p><\/p>\n\n\n\n<p><br><br><\/p>\n","protected":false},"excerpt":{"rendered":"<p>Close collaborators @ LPENSL Nicolas Plihon Romain Volk Francesca Chill\u00e0 Sylvain Joubaud Julien Salort St\u00e9phane Santucci Val\u00e9rie Vidal Current PhD Students Samuel Bera Elian Bernard Matthieu Chatelain Solenn Rodriguez Fran\u00e7ois Schweitzer Maud Viallet Charlotte Vienney Postdocs Di Bao Chang Wang &hellip; <a href=\"https:\/\/perso.ens-lyon.fr\/mickael.bourgoin\/collaborations\/\">Continuer la lecture <span class=\"meta-nav\">&rarr;<\/span><\/a><\/p>\n","protected":false},"author":1,"featured_media":0,"parent":0,"menu_order":0,"comment_status":"closed","ping_status":"closed","template":"","meta":{"pgc_meta":"","footnotes":""},"class_list":["post-10","page","type-page","status-publish","hentry"],"pgc_meta":"","_links":{"self":[{"href":"https:\/\/perso.ens-lyon.fr\/mickael.bourgoin\/wp-json\/wp\/v2\/pages\/10","targetHints":{"allow":["GET"]}}],"collection":[{"href":"https:\/\/perso.ens-lyon.fr\/mickael.bourgoin\/wp-json\/wp\/v2\/pages"}],"about":[{"href":"https:\/\/perso.ens-lyon.fr\/mickael.bourgoin\/wp-json\/wp\/v2\/types\/page"}],"author":[{"embeddable":true,"href":"https:\/\/perso.ens-lyon.fr\/mickael.bourgoin\/wp-json\/wp\/v2\/users\/1"}],"replies":[{"embeddable":true,"href":"https:\/\/perso.ens-lyon.fr\/mickael.bourgoin\/wp-json\/wp\/v2\/comments?post=10"}],"version-history":[{"count":19,"href":"https:\/\/perso.ens-lyon.fr\/mickael.bourgoin\/wp-json\/wp\/v2\/pages\/10\/revisions"}],"predecessor-version":[{"id":362,"href":"https:\/\/perso.ens-lyon.fr\/mickael.bourgoin\/wp-json\/wp\/v2\/pages\/10\/revisions\/362"}],"wp:attachment":[{"href":"https:\/\/perso.ens-lyon.fr\/mickael.bourgoin\/wp-json\/wp\/v2\/media?parent=10"}],"curies":[{"name":"wp","href":"https:\/\/api.w.org\/{rel}","templated":true}]}}