{"id":2,"date":"2013-06-25T14:09:42","date_gmt":"2013-06-25T14:09:42","guid":{"rendered":"http:\/\/people.irisa.fr\/Remi.Gribonval\/?page_id=2"},"modified":"2026-04-01T09:38:28","modified_gmt":"2026-04-01T09:38:28","slug":"publications","status":"publish","type":"page","link":"https:\/\/perso.ens-lyon.fr\/remi.gribonval\/publications\/","title":{"rendered":"Publications"},"content":{"rendered":"<h3 align=\"center\"><a name=\"disclaimer\"><\/a>Copyright disclaimer<\/h3>\n<blockquote><p><i>This material is presented to ensure timely dissemination of scholarly and technical work. Copyright and all rights therein are retained by authors or by other copyright holders. All person copying this information are expected to adhere to the terms and constraints invoked by each document&#8217;s copyright. In most cases, these works may not be reposted without the explicit permission of the copyright holder.<\/i><\/p>\n<p><i> Les documents contenus dans ces r\u00e9pertoires sont rendus disponibles par les auteurs qui y ont contribu\u00e9 en vue d&#8217;assurer la diffusion \u00e0 temps de travaux savants et techniques sur une base non-commerciale. Les droits de copie et autres droits sont gard\u00e9s par les auteurs et par les d\u00e9tenteurs du copyright, en d\u00e9pit du fait qu&#8217;ils pr\u00e9sentent ici leurs travaux sous forme \u00e9lectronique. Les personnes copiant ces informations doivent adh\u00e9rer aux termes et contraintes couverts par le copyright de chaque d\u00e9tenteur. Ces travaux ne peuvent pas \u00eatre rendus disponibles ailleurs sans la permission explicite du d\u00e9tenteur du copyright.<\/i><\/p><\/blockquote>\n<blockquote><p>Some colleagues have reported problems viewing the publication list below. If the list appear blank, you may want to follow this <a href=\"http:\/\/hal.inria.fr\/search\/index\/q\/gribonval\/sort\/producedDate_tdate+desc\/\">link<\/a><\/p><\/blockquote>\n<blockquote>\n<h2><a name=\"Preprints\"><\/a>Recent preprints &#8230;<\/h2>\n<\/blockquote>\n<p><iframe loading=\"lazy\" src=\"https:\/\/haltools.inria.fr\/Public\/afficheRequetePubli.php?idHal=remi-gribonval&amp;annee_publideb=2023&amp;typdoc=%28%27OTHER%27,%27REPORT%27,%27UNDEFINED%27%29&amp;CB_auteur=oui&amp;CB_titre=oui&amp;CB_article=oui&amp;CB_vignette=oui&amp;langue=Anglais&amp;tri_exp=date_publi&amp;ordre_aff=TA&amp;Fen=Aff&amp;css=..\/css\/styles_publicationsHAL.css\" width=\"100%\" height=\"450\"><\/iframe><\/p>\n<blockquote>\n<h2><a name=\"Recent\"><\/a>Recent publications<\/h2>\n<\/blockquote>\n<p><iframe loading=\"lazy\" src=\"https:\/\/haltools.inria.fr\/Public\/afficheRequetePubli.php?idHal=remi-gribonval&amp;annee_publideb=2023&amp;CB_ref_biblio=oui&amp;CB_vignette=oui&amp;langue=Anglais&amp;tri_exp=annee_publi&amp;tri_exp2=typdoc&amp;tri_exp3=date_publi&amp;ordre_aff=TA&amp;Fen=Aff&amp;css=..\/css\/styles_publicationsHAL.css\" width=\"100%\" height=\"1500\"><\/iframe><\/p>\n<blockquote>\n<h2><a name=\"Other\"><\/a>Other publications<\/h2>\n<\/blockquote>\n<p><iframe loading=\"lazy\" src=\"https:\/\/haltools.inria.fr\/Public\/afficheRequetePubli.php?idHal=remi-gribonval&amp;annee_publifin=2022&amp;CB_ref_biblio=oui&amp;CB_vignette=oui&amp;langue=Anglais&amp;tri_exp=annee_publi&amp;tri_exp2=typdoc&amp;tri_exp3=date_publi&amp;ordre_aff=TA&amp;Fen=Aff&amp;css=..\/css\/styles_publicationsHAL.css\" width=\"100%\" height=\"10000\"><\/iframe><\/p>\n<blockquote><p><b>Disclaimer:<\/b><\/p>\n<p><i>This material is presented to ensure timely dissemination of scholarly and technical<br \/>\nwork. Copyright and all rights therein are retained by authors or by other<br \/>\ncopyright holders. All person copying this information are expected to adhere<br \/>\nto the terms and constraints invoked by each document&#8217;s copyright. In most<br \/>\ncases, these works may not be reposted without the explicit permission of the<br \/>\ncopyright holder.<\/i><\/p>\n<p><i>Les documents contenus dans ces r\u00e9pertoires sont rendus disponibles par les auteurs qui y ont contribu\u00e9 en vue d&#8217;assurer la diffusion \u00e0 temps de travaux savants et techniques sur une base non-commerciale. Les droits de copie et autres droits sont gard\u00e9s par les auteurs et par les d\u00e9tenteurs du copyright, en d\u00e9pit du fait qu&#8217;ils pr\u00e9sentent ici leurs travaux sous forme \u00e9lectronique. Les personnes copiant ces informations doivent adh\u00e9rer aux termes et contraintes couverts par le copyright de chaque d\u00e9tenteur. Ces travaux ne peuvent pas \u00eatre rendus disponibles ailleurs sans la permission explicite du d\u00e9tenteur du copyright.<\/i><\/p><\/blockquote>\n","protected":false},"excerpt":{"rendered":"<p>Copyright disclaimer This material is presented to ensure timely dissemination of scholarly and technical work. Copyright and all rights therein are retained by authors or by other copyright holders. All person copying this information are expected to adhere to the terms and constraints invoked by each document&#8217;s copyright. In most cases, these works may not &hellip; <\/p>\n<p><a class=\"more-link btn\" href=\"https:\/\/perso.ens-lyon.fr\/remi.gribonval\/publications\/\">Continue reading<\/a><\/p>\n","protected":false},"author":1,"featured_media":0,"parent":0,"menu_order":0,"comment_status":"closed","ping_status":"closed","template":"","meta":{"footnotes":""},"class_list":["post-2","page","type-page","status-publish","hentry","nodate","item-wrap"],"_links":{"self":[{"href":"https:\/\/perso.ens-lyon.fr\/remi.gribonval\/wp-json\/wp\/v2\/pages\/2","targetHints":{"allow":["GET"]}}],"collection":[{"href":"https:\/\/perso.ens-lyon.fr\/remi.gribonval\/wp-json\/wp\/v2\/pages"}],"about":[{"href":"https:\/\/perso.ens-lyon.fr\/remi.gribonval\/wp-json\/wp\/v2\/types\/page"}],"author":[{"embeddable":true,"href":"https:\/\/perso.ens-lyon.fr\/remi.gribonval\/wp-json\/wp\/v2\/users\/1"}],"replies":[{"embeddable":true,"href":"https:\/\/perso.ens-lyon.fr\/remi.gribonval\/wp-json\/wp\/v2\/comments?post=2"}],"version-history":[{"count":28,"href":"https:\/\/perso.ens-lyon.fr\/remi.gribonval\/wp-json\/wp\/v2\/pages\/2\/revisions"}],"predecessor-version":[{"id":853,"href":"https:\/\/perso.ens-lyon.fr\/remi.gribonval\/wp-json\/wp\/v2\/pages\/2\/revisions\/853"}],"wp:attachment":[{"href":"https:\/\/perso.ens-lyon.fr\/remi.gribonval\/wp-json\/wp\/v2\/media?parent=2"}],"curies":[{"name":"wp","href":"https:\/\/api.w.org\/{rel}","templated":true}]}}