{"id":16,"date":"2021-12-01T11:28:48","date_gmt":"2021-12-01T10:28:48","guid":{"rendered":"https:\/\/perso.ens-lyon.fr\/sacha.marquet\/?page_id=16"},"modified":"2025-11-14T19:05:29","modified_gmt":"2025-11-14T18:05:29","slug":"accueil","status":"publish","type":"page","link":"https:\/\/perso.ens-lyon.fr\/sacha.marquet\/","title":{"rendered":"Accueil"},"content":{"rendered":"<blockquote><p><span dir=\"ltr\" role=\"presentation\">\u00ab\u00a0\u00bfPero qu\u00e9 es la historia de Am\u00e9rica toda sino una cr\u00f3nica de lo real-maravilloso?\u00a0\u00bb<\/span><\/p>\n<p>\u00ab\u00a0Mais qu&rsquo;est-ce-que l&rsquo;histoire de l&rsquo;Am\u00e9rique enti\u00e8re sinon une chronique du r\u00e9el merveilleux ?\u00a0\u00bb<\/p>\n<p style=\"padding-left: 40px;\"><span style=\"color: #808080;\"><span style=\"color: #999999;\">Pr\u00e9face \u00e0<\/span> <em>El reino de este mundo,<\/em> Alejo Carpentier (1949)<br \/>\n<\/span><\/p>\n<\/blockquote>\n<p>&nbsp;<\/p>\n","protected":false},"excerpt":{"rendered":"<p>\u00ab\u00a0\u00bfPero qu\u00e9 es la historia de Am\u00e9rica toda sino una cr\u00f3nica de lo real-maravilloso?\u00a0\u00bb \u00ab\u00a0Mais qu&rsquo;est-ce-que l&rsquo;histoire de l&rsquo;Am\u00e9rique enti\u00e8re sinon une chronique du r\u00e9el merveilleux ?\u00a0\u00bb Pr\u00e9face \u00e0 El reino de este mundo, Alejo Carpentier (1949) &nbsp;<\/p>\n","protected":false},"author":1,"featured_media":121,"parent":0,"menu_order":0,"comment_status":"closed","ping_status":"closed","template":"","meta":{"footnotes":""},"class_list":["post-16","page","type-page","status-publish","has-post-thumbnail","hentry"],"yoast_head":"<!-- This site is optimized with the Yoast SEO plugin v18.2 - https:\/\/yoast.com\/wordpress\/plugins\/seo\/ -->\n<title>Accueil - Panamerica<\/title>\n<meta name=\"robots\" content=\"index, follow, max-snippet:-1, max-image-preview:large, max-video-preview:-1\" \/>\n<link rel=\"canonical\" href=\"https:\/\/perso.ens-lyon.fr\/sacha.marquet\/\" \/>\n<meta property=\"og:locale\" content=\"fr_FR\" \/>\n<meta property=\"og:type\" content=\"article\" \/>\n<meta property=\"og:title\" content=\"Accueil - Panamerica\" \/>\n<meta property=\"og:description\" content=\"\u00ab\u00a0\u00bfPero qu\u00e9 es la historia de Am\u00e9rica toda sino una cr\u00f3nica de lo real-maravilloso?\u00a0\u00bb \u00ab\u00a0Mais qu&rsquo;est-ce-que l&rsquo;histoire de l&rsquo;Am\u00e9rique enti\u00e8re sinon une chronique du r\u00e9el merveilleux ?\u00a0\u00bb Pr\u00e9face \u00e0 El reino de este mundo, Alejo Carpentier (1949) &nbsp;\" \/>\n<meta property=\"og:url\" content=\"https:\/\/perso.ens-lyon.fr\/sacha.marquet\/\" \/>\n<meta property=\"og:site_name\" content=\"Panamerica\" \/>\n<meta property=\"article:modified_time\" content=\"2025-11-14T18:05:29+00:00\" \/>\n<meta property=\"og:image\" content=\"https:\/\/perso.ens-lyon.fr\/sacha.marquet\/wp-content\/uploads\/2021\/12\/Cartagena1-e1639683148678.jpg\" \/>\n\t<meta property=\"og:image:width\" content=\"1600\" \/>\n\t<meta property=\"og:image:height\" content=\"900\" \/>\n\t<meta property=\"og:image:type\" content=\"image\/jpeg\" \/>\n<meta name=\"twitter:card\" content=\"summary_large_image\" \/>\n<script type=\"application\/ld+json\" class=\"yoast-schema-graph\">{\"@context\":\"https:\/\/schema.org\",\"@graph\":[{\"@type\":\"WebSite\",\"@id\":\"https:\/\/perso.ens-lyon.fr\/sacha.marquet\/#website\",\"url\":\"https:\/\/perso.ens-lyon.fr\/sacha.marquet\/\",\"name\":\"Panamerica\",\"description\":\"Civilisation, histoire et g\u00e9ographie des mondes hispanophone et lusophone am\u00e9ricains\",\"potentialAction\":[{\"@type\":\"SearchAction\",\"target\":{\"@type\":\"EntryPoint\",\"urlTemplate\":\"https:\/\/perso.ens-lyon.fr\/sacha.marquet\/?s={search_term_string}\"},\"query-input\":\"required name=search_term_string\"}],\"inLanguage\":\"fr-FR\"},{\"@type\":\"ImageObject\",\"@id\":\"https:\/\/perso.ens-lyon.fr\/sacha.marquet\/#primaryimage\",\"inLanguage\":\"fr-FR\",\"url\":\"https:\/\/perso.ens-lyon.fr\/sacha.marquet\/wp-content\/uploads\/2021\/12\/Cartagena1-e1639683148678.jpg\",\"contentUrl\":\"https:\/\/perso.ens-lyon.fr\/sacha.marquet\/wp-content\/uploads\/2021\/12\/Cartagena1-e1639683148678.jpg\",\"width\":1600,\"height\":900},{\"@type\":\"WebPage\",\"@id\":\"https:\/\/perso.ens-lyon.fr\/sacha.marquet\/#webpage\",\"url\":\"https:\/\/perso.ens-lyon.fr\/sacha.marquet\/\",\"name\":\"Accueil - Panamerica\",\"isPartOf\":{\"@id\":\"https:\/\/perso.ens-lyon.fr\/sacha.marquet\/#website\"},\"primaryImageOfPage\":{\"@id\":\"https:\/\/perso.ens-lyon.fr\/sacha.marquet\/#primaryimage\"},\"datePublished\":\"2021-12-01T10:28:48+00:00\",\"dateModified\":\"2025-11-14T18:05:29+00:00\",\"breadcrumb\":{\"@id\":\"https:\/\/perso.ens-lyon.fr\/sacha.marquet\/#breadcrumb\"},\"inLanguage\":\"fr-FR\",\"potentialAction\":[{\"@type\":\"ReadAction\",\"target\":[\"https:\/\/perso.ens-lyon.fr\/sacha.marquet\/\"]}]},{\"@type\":\"BreadcrumbList\",\"@id\":\"https:\/\/perso.ens-lyon.fr\/sacha.marquet\/#breadcrumb\",\"itemListElement\":[{\"@type\":\"ListItem\",\"position\":1,\"name\":\"Accueil\",\"item\":\"https:\/\/perso.ens-lyon.fr\/sacha.marquet\/\"},{\"@type\":\"ListItem\",\"position\":2,\"name\":\"Accueil\"}]}]}<\/script>\n<!-- \/ Yoast SEO plugin. -->","yoast_head_json":{"title":"Accueil - Panamerica","robots":{"index":"index","follow":"follow","max-snippet":"max-snippet:-1","max-image-preview":"max-image-preview:large","max-video-preview":"max-video-preview:-1"},"canonical":"https:\/\/perso.ens-lyon.fr\/sacha.marquet\/","og_locale":"fr_FR","og_type":"article","og_title":"Accueil - Panamerica","og_description":"\u00ab\u00a0\u00bfPero qu\u00e9 es la historia de Am\u00e9rica toda sino una cr\u00f3nica de lo real-maravilloso?\u00a0\u00bb \u00ab\u00a0Mais qu&rsquo;est-ce-que l&rsquo;histoire de l&rsquo;Am\u00e9rique enti\u00e8re sinon une chronique du r\u00e9el merveilleux ?\u00a0\u00bb Pr\u00e9face \u00e0 El reino de este mundo, Alejo Carpentier (1949) &nbsp;","og_url":"https:\/\/perso.ens-lyon.fr\/sacha.marquet\/","og_site_name":"Panamerica","article_modified_time":"2025-11-14T18:05:29+00:00","og_image":[{"width":1600,"height":900,"url":"https:\/\/perso.ens-lyon.fr\/sacha.marquet\/wp-content\/uploads\/2021\/12\/Cartagena1-e1639683148678.jpg","type":"image\/jpeg"}],"twitter_card":"summary_large_image","schema":{"@context":"https:\/\/schema.org","@graph":[{"@type":"WebSite","@id":"https:\/\/perso.ens-lyon.fr\/sacha.marquet\/#website","url":"https:\/\/perso.ens-lyon.fr\/sacha.marquet\/","name":"Panamerica","description":"Civilisation, histoire et g\u00e9ographie des mondes hispanophone et lusophone am\u00e9ricains","potentialAction":[{"@type":"SearchAction","target":{"@type":"EntryPoint","urlTemplate":"https:\/\/perso.ens-lyon.fr\/sacha.marquet\/?s={search_term_string}"},"query-input":"required name=search_term_string"}],"inLanguage":"fr-FR"},{"@type":"ImageObject","@id":"https:\/\/perso.ens-lyon.fr\/sacha.marquet\/#primaryimage","inLanguage":"fr-FR","url":"https:\/\/perso.ens-lyon.fr\/sacha.marquet\/wp-content\/uploads\/2021\/12\/Cartagena1-e1639683148678.jpg","contentUrl":"https:\/\/perso.ens-lyon.fr\/sacha.marquet\/wp-content\/uploads\/2021\/12\/Cartagena1-e1639683148678.jpg","width":1600,"height":900},{"@type":"WebPage","@id":"https:\/\/perso.ens-lyon.fr\/sacha.marquet\/#webpage","url":"https:\/\/perso.ens-lyon.fr\/sacha.marquet\/","name":"Accueil - Panamerica","isPartOf":{"@id":"https:\/\/perso.ens-lyon.fr\/sacha.marquet\/#website"},"primaryImageOfPage":{"@id":"https:\/\/perso.ens-lyon.fr\/sacha.marquet\/#primaryimage"},"datePublished":"2021-12-01T10:28:48+00:00","dateModified":"2025-11-14T18:05:29+00:00","breadcrumb":{"@id":"https:\/\/perso.ens-lyon.fr\/sacha.marquet\/#breadcrumb"},"inLanguage":"fr-FR","potentialAction":[{"@type":"ReadAction","target":["https:\/\/perso.ens-lyon.fr\/sacha.marquet\/"]}]},{"@type":"BreadcrumbList","@id":"https:\/\/perso.ens-lyon.fr\/sacha.marquet\/#breadcrumb","itemListElement":[{"@type":"ListItem","position":1,"name":"Accueil","item":"https:\/\/perso.ens-lyon.fr\/sacha.marquet\/"},{"@type":"ListItem","position":2,"name":"Accueil"}]}]}},"_links":{"self":[{"href":"https:\/\/perso.ens-lyon.fr\/sacha.marquet\/wp-json\/wp\/v2\/pages\/16","targetHints":{"allow":["GET"]}}],"collection":[{"href":"https:\/\/perso.ens-lyon.fr\/sacha.marquet\/wp-json\/wp\/v2\/pages"}],"about":[{"href":"https:\/\/perso.ens-lyon.fr\/sacha.marquet\/wp-json\/wp\/v2\/types\/page"}],"author":[{"embeddable":true,"href":"https:\/\/perso.ens-lyon.fr\/sacha.marquet\/wp-json\/wp\/v2\/users\/1"}],"replies":[{"embeddable":true,"href":"https:\/\/perso.ens-lyon.fr\/sacha.marquet\/wp-json\/wp\/v2\/comments?post=16"}],"version-history":[{"count":10,"href":"https:\/\/perso.ens-lyon.fr\/sacha.marquet\/wp-json\/wp\/v2\/pages\/16\/revisions"}],"predecessor-version":[{"id":302,"href":"https:\/\/perso.ens-lyon.fr\/sacha.marquet\/wp-json\/wp\/v2\/pages\/16\/revisions\/302"}],"wp:featuredmedia":[{"embeddable":true,"href":"https:\/\/perso.ens-lyon.fr\/sacha.marquet\/wp-json\/wp\/v2\/media\/121"}],"wp:attachment":[{"href":"https:\/\/perso.ens-lyon.fr\/sacha.marquet\/wp-json\/wp\/v2\/media?parent=16"}],"curies":[{"name":"wp","href":"https:\/\/api.w.org\/{rel}","templated":true}]}}