{"id":11,"date":"2017-12-19T11:02:16","date_gmt":"2017-12-19T10:02:16","guid":{"rendered":"http:\/\/perso.ens-lyon.fr\/sara.franceschelli\/?page_id=11"},"modified":"2024-02-23T11:23:19","modified_gmt":"2024-02-23T10:23:19","slug":"une-section-de-page-daccueil","status":"publish","type":"page","link":"https:\/\/perso.ens-lyon.fr\/sara.franceschelli\/une-section-de-page-daccueil\/","title":{"rendered":"Vid\u00e9os"},"content":{"rendered":"<p><strong><img loading=\"lazy\" decoding=\"async\" class=\"alignnone wp-image-125 alignright\" src=\"http:\/\/perso.ens-lyon.fr\/sara.franceschelli\/wp-content\/uploads\/2023\/05\/sky-300x225.jpg\" alt=\"\" width=\"183\" height=\"137\" srcset=\"https:\/\/perso.ens-lyon.fr\/sara.franceschelli\/wp-content\/uploads\/2023\/05\/sky-300x225.jpg 300w, https:\/\/perso.ens-lyon.fr\/sara.franceschelli\/wp-content\/uploads\/2023\/05\/sky-768x576.jpg 768w, https:\/\/perso.ens-lyon.fr\/sara.franceschelli\/wp-content\/uploads\/2023\/05\/sky-1024x768.jpg 1024w\" sizes=\"auto, (max-width: 183px) 100vw, 183px\" \/>Quelques vid\u00e9os de conf\u00e9rences sur \/\u00a0Some\u00a0videos\u00a0of\u00a0conferences on<\/strong><\/p>\n<p>&#8211;\u00a0<strong>\u00ab\u00a0Theoretical and epistemological perspectives on morphogenesis\u00a0\u00bb<\/strong><\/p>\n<ul>\n<li><a href=\"https:\/\/youtu.be\/Lh86tKH0dbU?feature=shared\">\u00ab\u00a0The gap between theory ad experience: evolution of a problem from morphogenesis to semiophysics\u00a0\u00bb<\/a><a href=\"https:\/\/www.youtube.com\/watch?v=Lh86tKH0dbU&amp;list=PLx5f8IelFRgG6GvNFyXihLZtQ4Dg1UkD8&amp;index=8&amp;ab_channel=InstitutdesHautes%C3%89tudesScientifiques%28IH%C3%89S%29\">,<\/a> Centenaire de Ren\u00e9 Thom (2\/9\/1923-25\/10\/2002)\u00a0\u00bb,\u00a0IH\u00c9S, 20-22 september 2023 (, organized by\u00a0Jean-Pierre Bourguignon <a href=\"https:\/\/indico.math.cnrs.fr\/event\/9880\/\" target=\"_blank\" rel=\"noopener noreferrer\">https:\/\/indico.math.cnrs.fr\/event\/9880\/<\/a>)<\/li>\n<\/ul>\n<p><strong>-\u00ab\u00a0Morphogen\u00e8se et design\u00a0\u00bb \/ \u00ab\u00a0Morphogenesis\u00a0and design\u00a0\u00bb<\/strong><\/p>\n<p>\u2013\u00a0<em>Morphogen\u00e8se et paysages g\u00e9n\u00e9riques<\/em>.\u00a0Conference\u00a0Naturaliser l\u2019architecture, Chambord, 25\u00a0October\u00a02013 +\u00a0table ronde<\/p>\n<p>\u2013\u00a0<a href=\"https:\/\/vimeo.com\/88171858\"><em>Analogy\u00a0in the\u00a0study\u00a0of\u00a0imaginary\u00a0morphogenesis<\/em><\/a>.\u00a0UDII Lecture, Bartlett\u00a0School\u00a0of Architecture, London, 31\u00a0January\u00a02014<\/p>\n<p>\u2013\u00a0<a href=\"https:\/\/vimeo.com\/79216882\"><em>Morphogenesis\u00a0and\u00a0dynamic\u00a0landscapes<\/em><\/a>. International Lecture\u00a0Series, Bartlett\u00a0School\u00a0of Architecture, London, 9\u00a0October\u00a02013<\/p>\n<p><strong>Quelques vid\u00e9os de dispositifs morphog\u00e9n\u00e9tiques &#8211; programme de recherche ensadlab-dynlan\/\u00a0<em>Some\u00a0videos\u00a0of\u00a0morphogenetic devices &#8211; research program ensadlab-dynlan<\/em><\/strong><\/p>\n<p><a href=\"https:\/\/www.youtube.com\/watch?v=E6Nuik4WPtQ\">\u201cPaysages sensibles et dynamiques\u201d <\/a><\/p>\n<p><a href=\"https:\/\/www.youtube.com\/watch?v=w09iCUQ39OA\">\u201cPaysage magn\u00e9tique\u201d<\/a><\/p>\n<p><a href=\"https:\/\/www.youtube.com\/watch?v=OBtm-zJPtc8\">\u201cG\u00e9omorphose\u201d<\/a><\/p>\n<p><a href=\"http:\/\/www.youtube.com\/watch?v=Z4bRYK1vWIo\">\u201cGreen shots\u201d<\/a><\/p>\n","protected":false},"excerpt":{"rendered":"<p>Quelques vid\u00e9os de conf\u00e9rences sur \/\u00a0Some\u00a0videos\u00a0of\u00a0conferences on &#8211;\u00a0\u00ab\u00a0Theoretical and epistemological perspectives on morphogenesis\u00a0\u00bb \u00ab\u00a0The gap between theory ad experience: evolution of a problem from morphogenesis to semiophysics\u00a0\u00bb, Centenaire de Ren\u00e9 Thom (2\/9\/1923-25\/10\/2002)\u00a0\u00bb,\u00a0IH\u00c9S, 20-22 september 2023 (, organized by\u00a0Jean-Pierre Bourguignon https:\/\/indico.math.cnrs.fr\/event\/9880\/)&#8230;<\/p>\n","protected":false},"author":1,"featured_media":0,"parent":0,"menu_order":3,"comment_status":"closed","ping_status":"closed","template":"","meta":{"footnotes":""},"class_list":["post-11","page","type-page","status-publish","hentry","no-post-thumbnail"],"_links":{"self":[{"href":"https:\/\/perso.ens-lyon.fr\/sara.franceschelli\/wp-json\/wp\/v2\/pages\/11","targetHints":{"allow":["GET"]}}],"collection":[{"href":"https:\/\/perso.ens-lyon.fr\/sara.franceschelli\/wp-json\/wp\/v2\/pages"}],"about":[{"href":"https:\/\/perso.ens-lyon.fr\/sara.franceschelli\/wp-json\/wp\/v2\/types\/page"}],"author":[{"embeddable":true,"href":"https:\/\/perso.ens-lyon.fr\/sara.franceschelli\/wp-json\/wp\/v2\/users\/1"}],"replies":[{"embeddable":true,"href":"https:\/\/perso.ens-lyon.fr\/sara.franceschelli\/wp-json\/wp\/v2\/comments?post=11"}],"version-history":[{"count":15,"href":"https:\/\/perso.ens-lyon.fr\/sara.franceschelli\/wp-json\/wp\/v2\/pages\/11\/revisions"}],"predecessor-version":[{"id":214,"href":"https:\/\/perso.ens-lyon.fr\/sara.franceschelli\/wp-json\/wp\/v2\/pages\/11\/revisions\/214"}],"wp:attachment":[{"href":"https:\/\/perso.ens-lyon.fr\/sara.franceschelli\/wp-json\/wp\/v2\/media?parent=11"}],"curies":[{"name":"wp","href":"https:\/\/api.w.org\/{rel}","templated":true}]}}