{"id":163,"date":"2023-11-04T17:27:54","date_gmt":"2023-11-04T16:27:54","guid":{"rendered":"http:\/\/perso.ens-lyon.fr\/sara.franceschelli\/?page_id=163"},"modified":"2026-04-12T23:03:05","modified_gmt":"2026-04-12T21:03:05","slug":"news","status":"publish","type":"page","link":"https:\/\/perso.ens-lyon.fr\/sara.franceschelli\/news\/","title":{"rendered":"News"},"content":{"rendered":"<p><strong>Save the date!<\/strong><\/p>\n<p>-International conference <a href=\"https:\/\/www.ixxi.fr\/agenda\/evenements\/vingt-ans-de-lixxi\"><strong>\u00ab\u00a0Thinking Complexity. 20 years at IXXI\u00a0\u00bb<\/strong><\/a>, ENS de Lyon, November 4th-6th 2026<\/p>\n<p><strong>Past events:<\/strong><\/p>\n<p>-International workshop: <a href=\"https:\/\/cdscworkshop.wordpress.com\/\"><strong>\u00ab\u00a0The cultural embedding of social cognition (II): The Predictive Processing and Active Inference Approach\u00a0\u00bb<\/strong><\/a>, ENS de Lyon, May 30th 2024<\/p>\n<p>&#8211; International workshop: <a href=\"https:\/\/www.mfo.ac.uk\/event\/workshop-science-and-other-different-things-variations-deleuzian-themes\"><strong>\u00ab\u00a0Science and other different things. Variations on Deleuzian themes\u00a0\u00bb<\/strong><\/a>, Maison Fran\u00e7aise d&rsquo;Oxford, June7th 2024<\/p>\n<p>-International workshop : <a href=\"https:\/\/www.ixxi.fr\/agenda\/seminaires\/like-a-rolling-marble-waddington2019s-landscape-vibrant-legacy-and-beyond\"><strong>\u00ab\u00a0Like a rolling marble. Waddington&rsquo;s landscape vibrant legacy and beyond\u00a0\u00bb<\/strong><\/a>. ENS de Lyon, November 7th-8th 2024<\/p>\n<p>In the framework of <strong><a href=\"https:\/\/indico.math.cnrs.fr\/event\/9880\/\">\u00ab\u00a0Centenaire de Ren\u00e9 Thom (2\/9\/1923-25\/10\/2002)\u00a0\u00bb<\/a>,\u00a0IH\u00c9S, 20-22 september 2023<\/strong><\/p>\n<p><a href=\"https:\/\/www.youtube.com\/watch?v=Lh86tKH0dbU&amp;list=PLx5f8IelFRgG6GvNFyXihLZtQ4Dg1UkD8&amp;index=8\"><img loading=\"lazy\" decoding=\"async\" class=\"size-medium wp-image-289 alignnone\" src=\"http:\/\/perso.ens-lyon.fr\/sara.franceschelli\/wp-content\/uploads\/2026\/04\/SarThom2023-300x165.png\" alt=\"\" width=\"300\" height=\"165\" srcset=\"https:\/\/perso.ens-lyon.fr\/sara.franceschelli\/wp-content\/uploads\/2026\/04\/SarThom2023-300x165.png 300w, https:\/\/perso.ens-lyon.fr\/sara.franceschelli\/wp-content\/uploads\/2026\/04\/SarThom2023-768x423.png 768w, https:\/\/perso.ens-lyon.fr\/sara.franceschelli\/wp-content\/uploads\/2026\/04\/SarThom2023.png 945w\" sizes=\"auto, (max-width: 300px) 100vw, 300px\" \/><\/a><\/p>\n<p>\u00ab\u00a0The gap between theory and experience: evolution of a problem from morphogenesis to semiophysics\u00a0\u00bb<\/p>\n<p><strong>Some related publications:<\/strong><\/p>\n<p style=\"text-align: left;\"><em>On the Thom-Waddington correspondence and beyond:<\/em><\/p>\n<p>&#8211; Franceschelli S., Petitot J. (2019).<a href=\"https:\/\/philpapers.org\/archive\/FRAUTD-2.pdf\">\u00ab\u00a0Une th\u00e9orie dynamique de la morphogen\u00e8se. Commentaires de Sara Franceschelli et Jean Petitot \u00bb<\/a>. In<a href=\"https:\/\/smf.emath.fr\/publications\/oeuvres-mathematiques-de-rene-thom-volume-ii\"> <em>Oeuvres Math\u00e9matiques<\/em>. Ren\u00e9 Thom. Volume II<\/a> (Chaperon M., coord. sc.), Soci\u00e9t\u00e9 Math\u00e9matique de France, 343-362<\/p>\n<p>-Franceschelli S. (2011).\u00a0<a href=\"https:\/\/philarchive.org\/rec\/FRAMSS\"> \u00abMorphogenesis, Structural Stability, and the Epigenetic Landscape\u00bb<\/a> In\u00a0Bourgine\u00a0P. and\u00a0Lesne\u00a0A.,\u00a0<em>Morphogenesis. The\u00a0origin\u00a0of patterns and\u00a0shapes. Springer\u00a0Verlag<\/em>, 2011. DOI 10.1007\/978-3-642-13174-5_16<\/p>\n<p>-Franceschelli S. (2006). \u00ab<a href=\"https:\/\/philarchive.org\/rec\/FRAMSS-2\">Morphogen\u00e8se, stabilit\u00e9 structurelle et paysage \u00e9pig\u00e9n\u00e9tique<\/a> \u00bb. In\u00a0A.Lesne, Bourgine P. (eds.),\u00a0\u00a0<i>Morphogen\u00e8se. L&rsquo;origine des formes<\/i>. Paris: Belin. pp. 298-308<\/p>\n<p>-Franceschelli S. (2006). <a href=\"https:\/\/philpapers.org\/rec\/SARELA-2\">\u00ab\u00a0Epigenetic\u00a0landscape\u00a0and catastrophe\u00a0theory:\u00a0commentary\u00a0on a\u00a0correspondence\u00bb<\/a> . In\u00a0Bouchaud\u00a0J.-P.,\u00a0M\u00e9zard\u00a0M.,\u00a0<em>Complex\u00a0Systems<\/em>, LXXXV,\u00a0<em>2007, Les Houches\u00a0Summer\u00a0School\u00a0Proceedings<\/em>. Elsevier, 483-89.<\/p>\n<p><em>Further publications<\/em><\/p>\n<p>&#8211; Franceschelli S. (2024).\u00a0<a href=\"https:\/\/www.springerprofessional.de\/en\/some-remarks-on-catastrophe-theory-and-biology\/27629744\">\u00ab Some remarks on catastrophe theory and biology \u00bb<\/a>. In\u00a0I. Marcos, C. Morier (eds.),\u00a0<em>The Relevance of Ren\u00e9 Thom. The Morphological Dimension in Today&rsquo;s Sciences<\/em>, Springer, Lecture Notes in Morphogenesis, 203-217.<\/p>\n<p>&#8211; Franceschelli S. (2024).\u00a0<a href=\"https:\/\/link.springer.com\/chapter\/10.1007\/978-3-031-51993-2_16\">\u00abThe delicate frontier between schematism and reflection\u00bb<\/a>. A. Sarti (ed.),\u00a0\u00a0<em>Morphology, Neurogeometry, Semiotics. A Festschrift in honor of Jean Petitot&rsquo;s 80th birthday, <\/em>Springer<em>,\u00a0<\/em>Lecture Notes in Morphogenesis<em>,\u00a0<\/em>275-290<\/p>\n<p>&nbsp;<\/p>\n<p>&nbsp;<\/p>\n<p>&nbsp;<\/p>\n","protected":false},"excerpt":{"rendered":"<p>Save the date! -International conference \u00ab\u00a0Thinking Complexity. 20 years at IXXI\u00a0\u00bb, ENS de Lyon, November 4th-6th 2026 Past events: -International workshop: \u00ab\u00a0The cultural embedding of social cognition (II): The Predictive Processing and Active Inference Approach\u00a0\u00bb, ENS de Lyon, May 30th&#8230;<\/p>\n","protected":false},"author":1,"featured_media":0,"parent":0,"menu_order":0,"comment_status":"closed","ping_status":"closed","template":"","meta":{"footnotes":""},"class_list":["post-163","page","type-page","status-publish","hentry","no-post-thumbnail"],"_links":{"self":[{"href":"https:\/\/perso.ens-lyon.fr\/sara.franceschelli\/wp-json\/wp\/v2\/pages\/163","targetHints":{"allow":["GET"]}}],"collection":[{"href":"https:\/\/perso.ens-lyon.fr\/sara.franceschelli\/wp-json\/wp\/v2\/pages"}],"about":[{"href":"https:\/\/perso.ens-lyon.fr\/sara.franceschelli\/wp-json\/wp\/v2\/types\/page"}],"author":[{"embeddable":true,"href":"https:\/\/perso.ens-lyon.fr\/sara.franceschelli\/wp-json\/wp\/v2\/users\/1"}],"replies":[{"embeddable":true,"href":"https:\/\/perso.ens-lyon.fr\/sara.franceschelli\/wp-json\/wp\/v2\/comments?post=163"}],"version-history":[{"count":38,"href":"https:\/\/perso.ens-lyon.fr\/sara.franceschelli\/wp-json\/wp\/v2\/pages\/163\/revisions"}],"predecessor-version":[{"id":294,"href":"https:\/\/perso.ens-lyon.fr\/sara.franceschelli\/wp-json\/wp\/v2\/pages\/163\/revisions\/294"}],"wp:attachment":[{"href":"https:\/\/perso.ens-lyon.fr\/sara.franceschelli\/wp-json\/wp\/v2\/media?parent=163"}],"curies":[{"name":"wp","href":"https:\/\/api.w.org\/{rel}","templated":true}]}}