{"id":59,"date":"2019-03-15T18:22:48","date_gmt":"2019-03-15T17:22:48","guid":{"rendered":"http:\/\/perso.ens-lyon.fr\/sara.franceschelli\/?page_id=59"},"modified":"2024-10-09T00:06:38","modified_gmt":"2024-10-08T22:06:38","slug":"pub","status":"publish","type":"page","link":"https:\/\/perso.ens-lyon.fr\/sara.franceschelli\/pub\/","title":{"rendered":"Publications"},"content":{"rendered":"<header class=\"entry-header\">\n<h1 class=\"entry-title\"><strong style=\"font-size: 16px;\">PUBLICATIONS\u00a0RECENTES\u00a0\/\u00a0<em>RECENT\u00a0PUBLICATIONS<\/em><\/strong><\/h1>\n<p><img loading=\"lazy\" decoding=\"async\" class=\" wp-image-135 alignright\" src=\"http:\/\/perso.ens-lyon.fr\/sara.franceschelli\/wp-content\/uploads\/2023\/05\/20220627_173502-300x225.jpg\" alt=\"\" width=\"190\" height=\"143\" srcset=\"https:\/\/perso.ens-lyon.fr\/sara.franceschelli\/wp-content\/uploads\/2023\/05\/20220627_173502-300x225.jpg 300w, https:\/\/perso.ens-lyon.fr\/sara.franceschelli\/wp-content\/uploads\/2023\/05\/20220627_173502-768x576.jpg 768w, https:\/\/perso.ens-lyon.fr\/sara.franceschelli\/wp-content\/uploads\/2023\/05\/20220627_173502-1024x768.jpg 1024w\" sizes=\"auto, (max-width: 190px) 100vw, 190px\" \/><a href=\"http:\/\/ihrim.ens-lyon.fr\/auteur\/franceschelli-sara\">publications sur HAL \/ publications on HAL<\/a><\/p>\n<p><strong>a t\u00e9l\u00e9charger ci-dessous \/ they can be downloaded below<\/strong><\/p>\n<p><a href=\"https:\/\/philarchive.org\/s\/Sara%20Franceschelli\">publications sur philarchive.org \/ publications on philarchive.org<\/a><\/p>\n<p><a href=\"https:\/\/scholar.google.com\/citations?user=dRbP6IUAAAAJ&amp;hl=fr&amp;oi=ao\">publications on google scholar \/\u00a0publications on google scholar<\/a><\/p>\n<\/header>\n<div class=\"entry-content\">\n<header><\/header>\n<header class=\"entry-header\"><strong>Livres \/<em>\u00a0Books\u00a0<\/em><\/strong><\/header>\n<header class=\"entry-header\"><img loading=\"lazy\" decoding=\"async\" class=\"alignleft\" src=\"https:\/\/couvertures.laprocure.com\/procure\/product\/images_9\/379213_1.webp\" alt=\"Morphogen\u00e8se et dynamiques urbaines : les ateliers de morphologie EHESS-EnsAD\" width=\"145\" height=\"219\" \/><img loading=\"lazy\" decoding=\"async\" class=\"aligncenter\" src=\"https:\/\/m.media-amazon.com\/images\/I\/31nWw78bJVL._SR600%2C315_PIWhiteStrip%2CBottomLeft%2C0%2C35_SCLZZZZZZZ_FMpng_BG255%2C255%2C255.jpg\" alt=\"Chaos. Syst\u00e8mes dynamiques - \u00c9l\u00e9ments pour une \u00e9pist\u00e9mologie (Visions des sciences) (French Edition) eBook : Franceschelli, Sara, Paty, Michel, Roque, Tatiana: Amazon.es: Tienda Kindle\" width=\"391\" height=\"228\" \/><br \/>\n-Franceschelli S.,\u00a0Gribaudi\u00a0M., Le Bras H. (eds.) (2015).\u00a0<a href=\"http:\/\/www.urbanisme-puca.gouv.fr\/morphogenese-et-dynamiques-urbaines-les-ateliers-a771.html\"><em>Morphogen\u00e8se et dynamiques urbaines<\/em><\/a>. Editions du PUCA, Paris, 270p.<br \/>\n-Franceschelli S.,\u00a0Paty\u00a0M., Roque T. (\u00e9ds.) (2007).\u00a0<a href=\"https:\/\/www.visions-des-sciences.eu\/posts\/franceschelli2007\/\"><em>Chaos et syst\u00e8mes dynamiques. El\u00e9ments pour une \u00e9pist\u00e9mologie<\/em><\/a>. Hermann, Visions des Sciences 396p.<\/header>\n<header><\/header>\n<header><\/header>\n<header class=\"entry-header\"><strong>Articles &amp; chapitres de livres \/\u00a0<em>Articles &amp; book\u00a0chapters<\/em><\/strong><\/header>\n<header>-Franceschelli S. (2024).\u00a0\u00ab Some remarks on catastrophe theory and biology \u00bb. In\u00a0I. Marcos, C. Morier (eds.),\u00a0<a href=\"https:\/\/link.springer.com\/book\/9783031549816\"><em>The Relevance of Ren\u00e9 Thom. The Morphological Dimension in Today\u2019s Sciences<\/em><\/a>, Springer, Lecture Notes in Morphogenesis, 203-217.<br \/>\n-Franceschelli S. (2024).\u00a0\u00abThe delicate frontier between schematism and reflection\u00bb. A. Sarti (ed.),\u00a0\u00a0<em><a href=\"https:\/\/www.springer.com\/book\/9783031519925\">Morphology, Neurogeometry, Semiotics. A Festschrift in honor of Jean Petitot\u2019s 80th birthday<\/a>,\u00a0<\/em>Springer<em>,\u00a0<\/em>Lecture Notes in Morphogenesis<em>,\u00a0<\/em>275-290<\/header>\n<header>-Franceschelli S. (2020). \u201c\u201c<i>And the rod starts to swing\u201d.<\/i> Morphogen\u00e8se, instabilit\u00e9s et organismes imaginaires dans l\u2019approche de Turing \u00e0 la biologie\u00a0\u00bb.\u00a0<a href=\"https:\/\/intellectica.org\/fr\/numeros\/retour-turing-son-heritage-aujourd-hui\"><i>Retour \u00e0 Turing : son h\u00e9ritage aujourd\u2019hui. Intellectica<\/i> <\/a>2020\/1, n. 72, 191-215.\u00a0<\/header>\n<header>-Franceschelli S. (2020). \u201cEpigenetic Landscape\u201d. In F. Vercellone, S. Tedesco (eds.) <i>Glossary of Morphology<\/i>. Lecture Notes in Morphogenesis, Springer, 165-167.<\/p>\n<header>-Franceschelli S., Petitot J. (2019).\u00ab\u00a0Une th\u00e9orie dynamique de la morphogen\u00e8se. Commentaires de Sara Franceschelli et Jean Petitot \u00bb. In<a href=\"https:\/\/smf.emath.fr\/publications\/oeuvres-mathematiques-de-rene-thom-volume-ii\"> <em>Oeuvres Math\u00e9matiques<\/em>. Ren\u00e9 Thom. Volume II<\/a> (Chaperon M., coord. sc.)\u00a0 incluant : Petitot J., Franceschelli S.,\u00ab Equations de reaction-diffusion : de Turing \u00e0 Thom \u00bb 343-346) ; Franceschelli S.\u00ab Stabilit\u00e9 structurelle et paysage \u00e9pig\u00e9n\u00e9tique \u00bb (346-351) ; Franceschelli S.\u00ab La correspondence Thom-Waddington : convergence et questions ouvertes \u00bb(351-356); Franceschelli S.\u00ab Mod\u00e9liser la canalisation? \u00bb (356-362).<\/header>\n<\/header>\n<header class=\"entry-header\">-Franceschelli S. (2017).\u00a0\u00ab\u00a0Arguments of\u00a0stability\u00a0in the\u00a0study\u00a0of\u00a0morphogenesis\u00a0\u00bb.\u00a0\u00a0In\u00a0<em>Azafea.\u00a0Revista\u00a0de<\/em>\u00a0<em>Filosofia. La\u00a0Nueva\u00a0Morfologia<\/em>, Vol. 19,\u00a02017, pp. 117-135.-Franceschelli S. (2017). \u00ab\u00a0Morphogenesis\u00a0and Design.\u00a0Thinking\u00a0through\u00a0Analogs\u00a0\u00bb\u00a0In\u00a0Terranova\u00a0Ch. &amp;\u00a0Tromble\u00a0M.\u00a0\u00a0(eds.),\u00a0<a href=\"https:\/\/www.routledge.com\/The-Routledge-Companion-to-Biology-in-Art-and-Architecture\/Terranova-Tromble\/p\/book\/9781138919341\"><em>The\u00a0Routledge\u00a0Companion\u00a0to\u00a0biology\u00a0in Art and Architecture<\/em><\/a>,\u00a0Routledge\u00a0Press, Architecture, 218-235.<br \/>\n-Franceschelli S. (2015). \u00ab\u00a0Morphogen\u00e8se et paysages dynamiques\u00a0\u00bb. In Franceschelli S.,\u00a0Gribaudi\u00a0M. Le Bras H. (eds.),\u00a0<em>Morphogen\u00e8se et dynamiques urbaines,<\/em>\u00a0Editions du PUCA, Paris, 2015, 218-233.<br \/>\n-Franceschelli S. (2014). \u00ab\u00a0La d\u00e9duction math\u00e9matique et le th\u00e9orie physique. Exemple de solutions num\u00e9riques physiquement utiles\u00a0\u00bb. In Varenne F.,\u00a0Silberstein\u00a0M.,\u00a0Dutreuil\u00a0S.,\u00a0Huneman\u00a0P.\u00a0(eds.).\u00a0<em>Mod\u00e9liser &amp; simuler<\/em>, tome 2, Ed.\u00a0Mat\u00e9riologiques, 2014, 111-135.<br \/>\n-Franceschelli S. (2013). \u00ab\u00a0Morphogenesis\u00a0and\u00a0dynamical\u00a0systems. A\u00a0view\u00a0instantiated\u00a0by a performative design\u00a0approach\u00a0\u00bb. In M.\u00a0Emmer\u00a0(ed.)\u00a0<em>Imagine Math 2.\u00a0Between\u00a0Culture and\u00a0Mathematics<\/em>. Springer\u00a0Verlag, 2013, 117-126.<br \/>\n-Franceschelli S.\u00a0(2012).\u00a0\u00ab\u00a0Some\u00a0remarks\u00a0on the compatibility\u00a0between\u00a0determinism\u00a0and\u00a0unpredictability\u00a0\u00bb.<em>\u00a0<\/em><em>Progress in\u00a0Biophysics\u00a0and\u00a0Molecular\u00a0Biology,\u00a0<\/em>Special\u00a0Vol.<em>\u00a0Chance\u00a0at\u00a0the\u00a0heart\u00a0of the\u00a0Cell.<\/em><br \/>\n-Grauwin\u00a0S.,\u00a0Beslon\u00a0G., Fleury E., Franceschelli S.,\u00a0Robardet\u00a0C.,\u00a0Rouquier\u00a0J.B., Jensen P. (2012). \u00ab\u00a0<a href=\"https:\/\/arxiv.org\/pdf\/1206.2216.pdf\">Complex\u00a0systems\u00a0science:\u00a0Dreams\u00a0of\u00a0universality,\u00a0interdisciplinarity\u00a0reality\u00bb<\/a>\u00a0.\u00a0<em>Journal of the American Society for Information Science and\u00a0Technology<\/em>, first\u00a0published\u00a0online: 28 mars 2012.<br \/>\n-Franceschelli S. (2011). \u00ab\u00a0Morphogenesis, structural\u00a0stability, and\u00a0epigenetic\u00a0landscape\u00a0\u00bb. In\u00a0Bourgine\u00a0P. and\u00a0Lesne\u00a0A.,\u00a0<em>Morphogenesis. The\u00a0origin\u00a0of patterns and\u00a0shapes. Springer\u00a0Verlag<\/em>, 2011 (original in French: Belin 2006)<br \/>\n-Barberousse A., Franceschelli S., Imbert C. (2009). \u00ab\u00a0<a href=\"http:\/\/www.romanfrigg.org\/Links\/MS1\/Synthese_MS1_Barberousse_et_al.pdf\">Computer Simulations as\u00a0Experiments<\/a>\u00ab\u00a0. Frigg R., Hartmann S., Imbert C. (dir.).\u00a0<em>Models\u00a0and Simulations. Synth\u00e8se<\/em>, vol ; 169, 3, ao\u00fbt 2009.<br \/>\n-Barberousse A., Franceschelli S., Imbert C. (2008). \u00ab\u00a0Simulations num\u00e9riques et exp\u00e9rimentation\u00a0\u00bb,\u00a0<em>Mati\u00e8re premi\u00e8re<\/em>\u00a0n.3\/2008 :\u00a0<em>mod\u00e8les, simulations, syst\u00e8mes<\/em>.<br \/>\n-Franceschelli S. (2007a). \u00ab\u00a0Construction de signification physique pour la transition vers la turbulence\u00a0\u00bb. S. Franceschelli, M.\u00a0Paty, T. Roque (\u00e9ds.),\u00a0<em>Chaos et syst\u00e8mes dynamiques. El\u00e9ments pour une \u00e9pist\u00e9mologie<\/em>. Hermann, Visions des Sciences, 2007, 213-37<br \/>\n-Franceschelli S. (2006). \u00ab\u00a0Epigenetic\u00a0landscape\u00a0and catastrophe\u00a0theory:\u00a0commentary\u00a0on a\u00a0correspondence\u00bb. In\u00a0Bouchaud\u00a0J.-P.,\u00a0M\u00e9zard\u00a0M.,\u00a0<em>Complex\u00a0Systems<\/em>, LXXXV,\u00a0<em>2007, Les Houches\u00a0Summer\u00a0School\u00a0Proceedings<\/em>. Elsevier, 483-89.<\/header>\n<header class=\"entry-header\">-Franceschelli S. (2006).\u00a0\u00a0\u00ab\u00a0Morphogen\u00e8se, stabilit\u00e9 structurelle et paysage \u00e9pig\u00e9n\u00e9tique\u00a0\u00bb.\u00a0In A.\u00a0Lesne,\u00a0P.Bourgine\u00a0(\u00e9ds.).\u00a0<em>Morphogen\u00e8se. L\u2019origine des formes<\/em>. Belin, Echelles, 298-308.<\/header>\n<header class=\"entry-header\"><strong>Actes de colloques ou conf\u00e9rences \/\u00a0<em>Conferences\u00a0or workshops\u00a0proceedings<\/em><br \/>\n<\/strong>-Franceschelli S.,\u00a0Mastrorilli\u00a0A. (2012). \u00ab\u00a0<em>Firmitas<\/em>\u00a0and the\u00a0Status\u00a0of the\u00a0Laws\u00a0of\u00a0Statics\u00a0and\u00a0Mechanics\u00a0\u00bb.\u00a0In R.\u00a0Carvais\u00a0et\u00a0alii\u00a0(\u00e9ds.),\u00a0<em>Nuts\u00a0&amp;\u00a0Bolts\u00a0of Construction\u00a0History<\/em>, Vol. I, Picard, 221-227.<br \/>\n-Franceschelli S. (2011). \u00ab\u00a0<a href=\"http:\/\/isea2011.sabanciuniv.edu\/paper\/dynamic-landscapes\">Dynamic\u00a0Landscapes<\/a>\u00ab\u00a0.\u00a0<em>ISEA 2011, International Symposium on\u00a0Electronic\u00a0Art<\/em>, Istanbul 14-21\u00a0september\u00a02011.<br \/>\n-Franceschelli S. (2010). \u00ab\u00a0<a href=\"http:\/\/connected2010.eproceedings.com.au\/papers\/p381.pdf\">Morphogenesis\/morphodynamics.\u00a0Towards\u00a0the design of\u00a0dynamic\u00a0processes<\/a>\u00ab\u00a0.\u00a0<em>ConnectED\u00a02010 2nd International\u00a0Conference<\/em>. 28 June-1er Juillet 2010, Sydney,\u00a0Australia, ISBN: 978-0-646-54506-6.<br \/>\n-Franceschelli S. (2009). \u00ab\u00a0Dynamics of the\u00a0Unseen. Surfaces and\u00a0their\u00a0environmens\u00a0as\u00a0dynamica\u00a0landscapes\u00a0\u00bb.\u00a0<em>GA2009,\u00a0XII\u00a0Generative\u00a0Art International\u00a0Conference,<\/em>\u00a0ISBN 978-88-96610-00-8.<\/header>\n<header class=\"entry-header\"><strong>Autres \u00e9crits \/\u00a0<em>Other\u00a0writings<br \/>\n<\/em><\/strong>\u2013 contribution \u00e0\u00a0Chavalarias\u00a0D. &amp; al. (2009). French\u00a0Roadmap\u00a0for\u00a0Complex\u00a0Systems\u00a02008-2009. Archive ouverte HAL-IRD.<strong><br \/>\n<\/strong>\u2013 Franceschelli S. (2012). Turing e i\u00a0percorsi\u00a0della\u00a0morfogenesi.\u00a0<em>alfabeta\u00a02<\/em>,\u00a0luglio-agosto\u00a02012.<\/header>\n<\/div>\n","protected":false},"excerpt":{"rendered":"<p>PUBLICATIONS\u00a0RECENTES\u00a0\/\u00a0RECENT\u00a0PUBLICATIONS publications sur HAL \/ publications on HAL a t\u00e9l\u00e9charger ci-dessous \/ they can be downloaded below publications sur philarchive.org \/ publications on philarchive.org publications on google scholar \/\u00a0publications on google scholar Livres \/\u00a0Books\u00a0 -Franceschelli S.,\u00a0Gribaudi\u00a0M., Le Bras H. (eds.)&#8230;<\/p>\n","protected":false},"author":1,"featured_media":0,"parent":0,"menu_order":2,"comment_status":"closed","ping_status":"closed","template":"","meta":{"footnotes":""},"class_list":["post-59","page","type-page","status-publish","hentry","no-post-thumbnail"],"_links":{"self":[{"href":"https:\/\/perso.ens-lyon.fr\/sara.franceschelli\/wp-json\/wp\/v2\/pages\/59","targetHints":{"allow":["GET"]}}],"collection":[{"href":"https:\/\/perso.ens-lyon.fr\/sara.franceschelli\/wp-json\/wp\/v2\/pages"}],"about":[{"href":"https:\/\/perso.ens-lyon.fr\/sara.franceschelli\/wp-json\/wp\/v2\/types\/page"}],"author":[{"embeddable":true,"href":"https:\/\/perso.ens-lyon.fr\/sara.franceschelli\/wp-json\/wp\/v2\/users\/1"}],"replies":[{"embeddable":true,"href":"https:\/\/perso.ens-lyon.fr\/sara.franceschelli\/wp-json\/wp\/v2\/comments?post=59"}],"version-history":[{"count":25,"href":"https:\/\/perso.ens-lyon.fr\/sara.franceschelli\/wp-json\/wp\/v2\/pages\/59\/revisions"}],"predecessor-version":[{"id":233,"href":"https:\/\/perso.ens-lyon.fr\/sara.franceschelli\/wp-json\/wp\/v2\/pages\/59\/revisions\/233"}],"wp:attachment":[{"href":"https:\/\/perso.ens-lyon.fr\/sara.franceschelli\/wp-json\/wp\/v2\/media?parent=59"}],"curies":[{"name":"wp","href":"https:\/\/api.w.org\/{rel}","templated":true}]}}