{"id":7,"date":"2017-12-19T11:02:16","date_gmt":"2017-12-19T10:02:16","guid":{"rendered":"http:\/\/perso.ens-lyon.fr\/sara.franceschelli\/?page_id=7"},"modified":"2026-04-12T23:31:52","modified_gmt":"2026-04-12T21:31:52","slug":"accueil","status":"publish","type":"page","link":"https:\/\/perso.ens-lyon.fr\/sara.franceschelli\/","title":{"rendered":"\u00c0 propos de \/ About"},"content":{"rendered":"<header class=\"entry-header\">\n<div class=\"entry-content\">\n<header><img loading=\"lazy\" decoding=\"async\" class=\" wp-image-80 alignright\" src=\"http:\/\/perso.ens-lyon.fr\/sara.franceschelli\/wp-content\/uploads\/2019\/03\/venezia-300x271.png\" alt=\"\" width=\"150\" height=\"135\" srcset=\"https:\/\/perso.ens-lyon.fr\/sara.franceschelli\/wp-content\/uploads\/2019\/03\/venezia-300x271.png 300w, https:\/\/perso.ens-lyon.fr\/sara.franceschelli\/wp-content\/uploads\/2019\/03\/venezia-768x693.png 768w, https:\/\/perso.ens-lyon.fr\/sara.franceschelli\/wp-content\/uploads\/2019\/03\/venezia.png 945w\" sizes=\"auto, (max-width: 150px) 100vw, 150px\" \/><\/header>\n<header><\/header>\n<header><strong>En br\u00e9f \/ <em>Short bio<\/em><\/strong><\/header>\n<header>I\u2019m associate professor of philosophy of science at the <a href=\"http:\/\/www.ens-lyon.fr\/\">ENS de Lyon<\/a>, co-responsible of the master <a href=\"http:\/\/www.ens-lyon.fr\/formation\/offre-de-formation\/master-2022-2026\/logique-histoire-et-philosophie-des-sciences-et-des\">LHPST at ENS de Lyon<\/a>, a member of <a href=\"https:\/\/ihrim.ens-lyon.fr\/auteur\/franceschelli-sara\">IHRIM UMR5317<\/a> and a member of the executive commitee of <a href=\"https:\/\/www.ixxi.fr\/\">IXXI, Complex Systems institute of the region Rh\u00f4nes-Alpes<\/a>. Trained as a physicist at the University of Bologna, I hold a PhD from the University Paris Diderot\u00a0 on the epistemology of deterministic chaos. I currently work on morphogenesis and dynamical systems, on morphology and analogy, on the figure of landscape between biology and physics, and on the relations between models of complex systems and design. I\u2019ve lectured at ECNU &#8211; Shanghai (PROSFER programme 2013), the Ecole Nationale Sup\u00e9rieure des Arts D\u00e9coratifs\u00a0 &#8211; Paris (2007-2014), the Bartlett School of Architecture, UCL &#8211; London (2015 and 2016), and the University Iuav &#8211; Venezia (invited professor 2016 and 2017). During my CNRS research leave in 2022 I\u2019ve obtained a <a href=\"https:\/\/www.mfo.ac.uk\/people\/sara-franceschelli\">CNRS mobility to Oxford \u2013 Maison Fran\u00e7aise d\u2019Oxford<\/a> on a project about the transcendental in modelling practices. I&rsquo;m currently a member of the organising committee of the international conference <a href=\"https:\/\/www.ixxi.fr\/agenda\/evenements\/vingt-ans-de-lixxi\"><strong>Thinking Complexity. 20 years at IXXI<\/strong><\/a>, November 4th-6th 2026.\u00a0 In 2024 I&rsquo;ve been co-organiser, with Olivier Gandrillon and Sophie Pantalacci, of the international workshop : <a href=\"https:\/\/www.ixxi.fr\/agenda\/seminaires\/like-a-rolling-marble-waddington2019s-landscape-vibrant-legacy-and-beyond\"><strong>Like a rolling marble. Waddington\u2019s landscape vibrant legacy and beyond <\/strong><\/a>. ENS de Lyon, November 7th-8th 2024. I also worked, with Patrice Abry, on the project <a href=\"https:\/\/www.ixxi.fr\/equipes\/arts-et-science-1\"><strong>Arts &amp; Sciences Exp\u00e9rience<\/strong><\/a> at IXXI.<\/header>\n<header><\/header>\n<header><\/header>\n<\/div>\n<\/header>\n<header><\/header>\n<header><\/header>\n<header class=\"entry-header\">\n<div class=\"entry-content\">\n<header class=\"entry-header\"><strong>Position<em>\u00a0\/\u00a0Position<\/em><\/strong><\/header>\n<header class=\"entry-header\">Ma\u00eetresse de conf\u00e9rences (<em>associate\u00a0professor<\/em>)ENS de Lyon\u00a0\u2013\u00a0<strong>Epist\u00e9mologie et Histoire des Sciences<\/strong>, D\u00e9partement des Sciences Humaines, co-responsable du parcours de master <a href=\"http:\/\/www.ens-lyon.fr\/formation\/offre-de-formation\/master-2022-2026\/logique-histoire-et-philosophie-des-sciences-et-des\">LHPST \u00e0 l&rsquo;ENS de Lyon\u00a0<\/a><\/header>\n<div class=\"entry-content\">\n<p><strong>Affiliations de recherche<em>\u00a0\/\u00a0Research\u00a0affiliations\u00a0<\/em><\/strong><br \/>\n\u2013\u00a0<a href=\"http:\/\/ihrim.ens-lyon.fr\/\">UMR\u00a05317\u00a0IHRIM<\/a>, membre ;\u00a0<a href=\"http:\/\/www.ixxi.fr\/\">IXXI, Institut Rh\u00f4ne-Alpin des Syst\u00e8mes Complexes<\/a>, membre du comit\u00e9 de direction<\/p>\n<\/div>\n<p><strong>Formation \/\u00a0<em>Training<\/em><\/strong><br \/>\n<strong>2001<\/strong>:\u00a0PhD\u00a0Epist\u00e9mologie et Histoire des Sciences, Universit\u00e9 Paris7-Denis Diderot\u00a0<em>(tr\u00e8s honorable avec f\u00e9licitations)\u00a0<\/em><br \/>\nTitre : Construction de signification physique dans le m\u00e9tier de physicien : le cas du chaos d\u00e9terministe<br \/>\n<strong>1996:<\/strong>\u00a0DEA Epist\u00e9mologie et Histoire des Sciences, Universit\u00e9 Paris7-Denis Diderot\u00a0<em>(tr\u00e8s bien, 1\u00e8re class\u00e9e)<\/em><br \/>\n<strong>1995:\u00a0<\/strong>\u00ab\u00a0Laurea\u00a0\u00bb en Physique,\u00a0<em>Alma Mater Studiorum<\/em>, Universita\u2019\u00a0degli\u00a0Studi\u00a0di\u00a0Bologna\u00a0<em>(summa\u00a0cum\u00a0laude)\u00a0<\/em><br \/>\n<strong>1989:\u00a0<\/strong>Maturit\u00e0,\u00a0\u00a0Liceo\u00a0Scientifico\u00a0Statale\u00a0Gregorio Ricci\u00a0Curbastro, Lugo (RA)\u00a0<em>(60\/60)<\/em><\/p>\n<p><strong>Adresse \u00e9lectronique \/<em> email address\u00a0<\/em><\/strong>: sara\/dot\/franceschelli\/at\/ens-lyon\/dot\/com<\/p>\n<p>&nbsp;<\/p>\n<p>&nbsp;<\/p>\n<h5><\/h5>\n<\/div>\n<\/header>\n","protected":false},"excerpt":{"rendered":"<p>En br\u00e9f \/ Short bio I\u2019m associate professor of philosophy of science at the ENS de Lyon, co-responsible of the master LHPST at ENS de Lyon, a member of IHRIM UMR5317 and a member of the executive commitee of IXXI,&#8230;<\/p>\n","protected":false},"author":1,"featured_media":0,"parent":0,"menu_order":0,"comment_status":"closed","ping_status":"closed","template":"","meta":{"footnotes":""},"class_list":["post-7","page","type-page","status-publish","hentry","no-post-thumbnail"],"_links":{"self":[{"href":"https:\/\/perso.ens-lyon.fr\/sara.franceschelli\/wp-json\/wp\/v2\/pages\/7","targetHints":{"allow":["GET"]}}],"collection":[{"href":"https:\/\/perso.ens-lyon.fr\/sara.franceschelli\/wp-json\/wp\/v2\/pages"}],"about":[{"href":"https:\/\/perso.ens-lyon.fr\/sara.franceschelli\/wp-json\/wp\/v2\/types\/page"}],"author":[{"embeddable":true,"href":"https:\/\/perso.ens-lyon.fr\/sara.franceschelli\/wp-json\/wp\/v2\/users\/1"}],"replies":[{"embeddable":true,"href":"https:\/\/perso.ens-lyon.fr\/sara.franceschelli\/wp-json\/wp\/v2\/comments?post=7"}],"version-history":[{"count":46,"href":"https:\/\/perso.ens-lyon.fr\/sara.franceschelli\/wp-json\/wp\/v2\/pages\/7\/revisions"}],"predecessor-version":[{"id":301,"href":"https:\/\/perso.ens-lyon.fr\/sara.franceschelli\/wp-json\/wp\/v2\/pages\/7\/revisions\/301"}],"wp:attachment":[{"href":"https:\/\/perso.ens-lyon.fr\/sara.franceschelli\/wp-json\/wp\/v2\/media?parent=7"}],"curies":[{"name":"wp","href":"https:\/\/api.w.org\/{rel}","templated":true}]}}