{"id":9,"date":"2017-12-19T11:02:16","date_gmt":"2017-12-19T10:02:16","guid":{"rendered":"http:\/\/perso.ens-lyon.fr\/sara.franceschelli\/?page_id=9"},"modified":"2026-04-12T18:42:16","modified_gmt":"2026-04-12T16:42:16","slug":"enseignements","status":"publish","type":"page","link":"https:\/\/perso.ens-lyon.fr\/sara.franceschelli\/enseignements\/","title":{"rendered":"Enseignements\/Teaching"},"content":{"rendered":"<p><strong><img loading=\"lazy\" decoding=\"async\" class=\"alignnone wp-image-136 alignright\" src=\"http:\/\/perso.ens-lyon.fr\/sara.franceschelli\/wp-content\/uploads\/2023\/05\/20220704_085040-300x225.jpg\" alt=\"\" width=\"170\" height=\"128\" srcset=\"https:\/\/perso.ens-lyon.fr\/sara.franceschelli\/wp-content\/uploads\/2023\/05\/20220704_085040-300x225.jpg 300w, https:\/\/perso.ens-lyon.fr\/sara.franceschelli\/wp-content\/uploads\/2023\/05\/20220704_085040-768x576.jpg 768w, https:\/\/perso.ens-lyon.fr\/sara.franceschelli\/wp-content\/uploads\/2023\/05\/20220704_085040-1024x768.jpg 1024w\" sizes=\"auto, (max-width: 170px) 100vw, 170px\" \/>Enseignements\u00a0\/\u00a0<em>Teaching<\/em> (2025-2026)<\/strong><\/p>\n<p>&#8211;<a href=\"https:\/\/www.ens-lyon.fr\/formation\/catalogue-de-cours\/phi-9112\/2025\">Introduction \u00e0 l&rsquo;\u00e9pist\u00e9mologie et \u00e0 l&rsquo;histoire des sciences I<\/a> (S1)\u00a0(PHI &#8211; 9112)<\/p>\n<p>&#8211;<a href=\"http:\/\/www.ens-lyon.fr\/formation\/catalogue-de-cours\/phi-9224\/2022\">Introduction \u00e0 l&rsquo;\u00e9pist\u00e9mologie et\u00a0et\u00a0\u00e0 l&rsquo;histoire des sciences II<\/a>\u00a0&#8211; Projets d&rsquo;\u00e9pist\u00e9mologie en bin\u00f4mes mixtes (sciences humaines-sciences de la nature) (S2) (PHI &#8211; 9242)<\/p>\n<p><a href=\"https:\/\/www.ens-lyon.fr\/formation\/catalogue-de-cours\/phi-4101\/2025\">-S\u00e9minaire Epist\u00e9mologie de la mod\u00e9lisation : sciences formelles et sciences de la nature<\/a>\u00a0(S1) (PHI &#8211;\u00a0 4101)<br \/>\n&#8211;<a href=\"http:\/\/www.ens-lyon.fr\/formation\/catalogue-de-cours\/phi-4102\/2022\">S\u00e9minaire Non r\u00e9ductionnismes<\/a>\u00a0(S1 et S2) (PHI-4102)<br \/>\n&#8211;<a href=\"http:\/\/www.ens-lyon.fr\/formation\/catalogue-de-cours\/phi-4225\/2022\">S\u00e9minaire Morphogen\u00e8se et Design<\/a>\u00a0(S1) (PHI &#8211; 4225)<\/p>\n<p>-Epist\u00e9mologie de la mod\u00e9lisation &#8211;\u00a0<a href=\"http:\/\/www.ixxi.fr\/enseignement\/master_systemes_complexes\">Master2 IXXI Mod\u00e9lisation des syst\u00e8mes complexes<\/a>\u00a0(S1)<\/p>\n<p><strong>Enseignements invit\u00e9s, \u00e9tranger \/ <em>Invited\u00a0teaching, abroad<\/em><\/strong><\/p>\n<p>-Universit\u00e0 di Torino, Dipartimento di Filosofia e Scienze dell&rsquo;Educazione (inviting: Federico Vercellone), teaching mobility Ersmus+, <em>Analoghi e analogie nello studio della morfogenesi\u00a0<\/em> (7-9 mai 2018)<\/p>\n<p>&#8211; Universit\u00e0\u00a0IUAV di\u00a0Venezia,\u00a0<em>visiting\u00a0professor<\/em>,\u00a0Laboratorio\u00a0di\u00a0Rappresentazione\u00a0dell\u2019Architettura\u00a0(inviting: Fabrizio Gay), cours enseign\u00e9s\u00a0<a href=\"https:\/\/www.iuav.it\/Ateneo1\/strutture-\/culture-de\/attivit--c\/2016\/Morfogenes\/index.htm\"><em>Morfogenesi\u00a0e\u00a0progetto<\/em><\/a>\u00a0(Mars-Juin 2016) et\u00a0<a href=\"https:\/\/www.iuav.it\/Ateneo1\/docenti\/architettu\/docenti-st\/Fabrizio-G\/materiali-\/Morfologia\/index.htm\"><em>Morfologia\u00a0degli\u00a0Artefatti<\/em><\/a>\u00a0(Mars-Mai 2017)<br \/>\n-Bartlett\u00a0School\u00a0of Architecture,\u00a0University\u00a0College\u00a0London \u2013\u00a0BPro\u00a0March\u00a0Urban\u00a0Design, Urban\u00a0Morphogenesis\u00a0lab,\u00a0History\u00a0and\u00a0Theory\u00a0tutor, 2014-2016.<\/p>\n<p>-ECNU East Chine Normal\u00a0University, Shanghai, professeur invit\u00e9 dans le cadre du programme PROSFER, d\u00e9partement de philosophie, cours enseign\u00e9\u00a0<em>Morphogenesis\u00a0and design<\/em>\u00a0(Avril 2014)<\/p>\n<p><strong>Enseignements invit\u00e9s, France \/ <em>Invited\u00a0teaching, France<\/em><\/strong><\/p>\n<p>\u2013 ENSAD Ecole Nationale Sup\u00e9rieure des Arts D\u00e9coratifs, Paris \u2013 professeur de\u00a0Morphostructure\u00a0(2007-14) ; responsable des programmes de recherche\u00a0<em>dynlan-dynamic\u00a0landscapes<\/em>\u00a0(2008-11) et\u00a0<em>mordes-morphodynamics\u00a0by design<\/em>\u00a0(2012-14) dans le cadre du cycle de recherche et d\u2019innovation\u00a0<a href=\"http:\/\/www.ensad.fr\/en\/admissions\/research-ensadlab\">Ensadlab<\/a><br \/>\n-Universit\u00e9 Paris I Panth\u00e9on-Sorbonne, charg\u00e9e de cours en\u00a0Philosophie\u00a0de la Physique, Master II LOPHISS (2006-2009)<\/p>\n","protected":false},"excerpt":{"rendered":"<p>Enseignements\u00a0\/\u00a0Teaching (2025-2026) &#8211;Introduction \u00e0 l&rsquo;\u00e9pist\u00e9mologie et \u00e0 l&rsquo;histoire des sciences I (S1)\u00a0(PHI &#8211; 9112) &#8211;Introduction \u00e0 l&rsquo;\u00e9pist\u00e9mologie et\u00a0et\u00a0\u00e0 l&rsquo;histoire des sciences II\u00a0&#8211; Projets d&rsquo;\u00e9pist\u00e9mologie en bin\u00f4mes mixtes (sciences humaines-sciences de la nature) (S2) (PHI &#8211; 9242) -S\u00e9minaire Epist\u00e9mologie de la&#8230;<\/p>\n","protected":false},"author":1,"featured_media":0,"parent":0,"menu_order":3,"comment_status":"closed","ping_status":"closed","template":"","meta":{"footnotes":""},"class_list":["post-9","page","type-page","status-publish","hentry","no-post-thumbnail"],"_links":{"self":[{"href":"https:\/\/perso.ens-lyon.fr\/sara.franceschelli\/wp-json\/wp\/v2\/pages\/9","targetHints":{"allow":["GET"]}}],"collection":[{"href":"https:\/\/perso.ens-lyon.fr\/sara.franceschelli\/wp-json\/wp\/v2\/pages"}],"about":[{"href":"https:\/\/perso.ens-lyon.fr\/sara.franceschelli\/wp-json\/wp\/v2\/types\/page"}],"author":[{"embeddable":true,"href":"https:\/\/perso.ens-lyon.fr\/sara.franceschelli\/wp-json\/wp\/v2\/users\/1"}],"replies":[{"embeddable":true,"href":"https:\/\/perso.ens-lyon.fr\/sara.franceschelli\/wp-json\/wp\/v2\/comments?post=9"}],"version-history":[{"count":23,"href":"https:\/\/perso.ens-lyon.fr\/sara.franceschelli\/wp-json\/wp\/v2\/pages\/9\/revisions"}],"predecessor-version":[{"id":236,"href":"https:\/\/perso.ens-lyon.fr\/sara.franceschelli\/wp-json\/wp\/v2\/pages\/9\/revisions\/236"}],"wp:attachment":[{"href":"https:\/\/perso.ens-lyon.fr\/sara.franceschelli\/wp-json\/wp\/v2\/media?parent=9"}],"curies":[{"name":"wp","href":"https:\/\/api.w.org\/{rel}","templated":true}]}}