{"id":9,"date":"2018-11-13T16:21:08","date_gmt":"2018-11-13T15:21:08","guid":{"rendered":"http:\/\/perso.ens-lyon.fr\/stephan.steinmann\/?page_id=9"},"modified":"2024-03-06T11:13:51","modified_gmt":"2024-03-06T10:13:51","slug":"curriculum","status":"publish","type":"page","link":"https:\/\/perso.ens-lyon.fr\/stephan.steinmann\/curriculum\/","title":{"rendered":"Curriculum Vitae"},"content":{"rendered":"<table style=\"height: 174px; width: 100%; border-collapse: collapse; border-style: hidden;\" border=\"1\">\n<tbody>\n<tr style=\"height: 20px;\">\n<td style=\"width: 50%; height: 20px; border-style: hidden;\">\n<h5>Since 2023<\/h5>\n<\/td>\n<td style=\"width: 50%; height: 20px; border-style: hidden;\">\n<h5>Directeur de recherche (CNRS)<\/h5>\n<\/td>\n<\/tr>\n<tr style=\"height: 154px;\">\n<td style=\"width: 100%; border-style: hidden; height: 154px;\" colspan=\"2\">\n<p style=\"padding-left: 30px;\">Laboratoire de Chimie<br \/>\nEcole Normale Sup\u00e9rieure de Lyon<br \/>\nFrance<\/p>\n<\/td>\n<\/tr>\n<\/tbody>\n<\/table>\n<table style=\"height: 174px; width: 100%; border-collapse: collapse; border-style: hidden;\" border=\"1\">\n<tbody>\n<tr style=\"height: 20px;\">\n<td style=\"width: 50%; height: 20px; border-style: hidden;\">\n<h5>2016 &#8211; 2023<\/h5>\n<\/td>\n<td style=\"width: 50%; height: 20px; border-style: hidden;\">\n<h5>Charg\u00e9 de recherche (CNRS)<\/h5>\n<\/td>\n<\/tr>\n<tr style=\"height: 154px;\">\n<td style=\"width: 100%; border-style: hidden; height: 154px;\" colspan=\"2\">\n<p style=\"padding-left: 30px;\">Laboratoire de Chimie<\/p>\n<\/td>\n<\/tr>\n<\/tbody>\n<tbody>\n<tr style=\"height: 20px;\">\n<td style=\"width: 50%; height: 20px; border-style: hidden;\">\n<h5>2019<\/h5>\n<\/td>\n<td style=\"width: 50%; height: 20px; border-style: hidden;\">\n<h5>Habilitation \u00e0 diriger des recherches<\/h5>\n<\/td>\n<\/tr>\n<tr style=\"height: 154px;\">\n<td style=\"width: 100%; border-style: hidden; height: 154px;\" colspan=\"2\">\n<h6 style=\"padding-left: 30px;\"><em>Atomistic Modelling of Environment Effects on Reactive Metal Interfaces<\/em><\/h6>\n<\/td>\n<\/tr>\n<\/tbody>\n<\/table>\n<table style=\"height: 112px; width: 100%; border-collapse: collapse; border-style: hidden;\" border=\"1\">\n<tbody>\n<tr style=\"height: 20px;\">\n<td style=\"width: 50%; height: 20px; border-style: hidden;\">\n<h5>2013 \u2013 2016<\/h5>\n<\/td>\n<td style=\"width: 50%; height: 20px; border-style: hidden;\">\n<h5>post-Doc<\/h5>\n<\/td>\n<\/tr>\n<tr>\n<td style=\"width: 50%; border-style: hidden;\" colspan=\"2\"><strong>P. Sautet<\/strong><\/p>\n<p style=\"padding-left: 30px;\">Laboratoire de Chimie<br \/>\nEcole Normale Sup\u00e9rieure de Lyon<br \/>\nFrance<\/p>\n<\/td>\n<\/tr>\n<tr style=\"height: 23px;\">\n<td style=\"width: 50%; height: 23px; border-style: hidden;\">\n<h5>2012 \u2013 2013<\/h5>\n<\/td>\n<td style=\"width: 50%; height: 23px; border-style: hidden;\">\n<h5>post-Doc<\/h5>\n<\/td>\n<\/tr>\n<tr>\n<td style=\"width: 50%; border-style: hidden;\" colspan=\"2\"><strong>W. Yang<\/strong><\/p>\n<p style=\"padding-left: 30px;\">Departement of Chemistry<br \/>\nDuke University<br \/>\nUSA<\/p>\n<\/td>\n<\/tr>\n<tr style=\"height: 23px;\">\n<td style=\"width: 50%; height: 23px; border-style: hidden;\">\n<h5>2012<\/h5>\n<\/td>\n<td style=\"width: 50%; height: 23px; border-style: hidden;\">\n<h5>\u00a0PhD<\/h5>\n<\/td>\n<\/tr>\n<tr>\n<td style=\"width: 50%; border-style: hidden;\" colspan=\"2\">\n<h6><em>Understanding and Minimizing Density Functional Failures Using Dispersion Corrections<\/em><\/h6>\n<p><strong>C. Corminboeuf<\/strong><\/p>\n<p style=\"padding-left: 30px;\">Institut of chemical sciences and engineering\/School of Basic Sciences<br \/>\n\u00c9cole Polytechnique F\u00e9d\u00e9rale de Lausanne<br \/>\nSwitzerland<\/p>\n<\/td>\n<\/tr>\n<tr style=\"height: 23px;\">\n<td style=\"width: 50%; height: 23px; border-style: hidden;\">\n<h5>2008<\/h5>\n<\/td>\n<td style=\"width: 50%; height: 23px; border-style: hidden;\">\n<h5>M.Sc. in Chemistry<\/h5>\n<\/td>\n<\/tr>\n<tr>\n<td style=\"width: 50%; border-style: hidden;\" colspan=\"2\">\n<h6><em>Investigation of Allostery and Cooperativity by Molecular Dynamics Simulation<\/em><\/h6>\n<p><strong>M. Meuwly<\/strong><\/p>\n<p style=\"padding-left: 30px;\">Chemistry<br \/>\nUniversity of Basel<br \/>\nSwitzerland<\/p>\n<\/td>\n<\/tr>\n<tr style=\"height: 23px;\">\n<td style=\"width: 50%; height: 23px; border-style: hidden;\">\n<h5>1985<\/h5>\n<\/td>\n<td style=\"width: 50%; height: 23px; border-style: hidden;\">\n<h5>Born in Switzerland<\/h5>\n<\/td>\n<\/tr>\n<\/tbody>\n<\/table>","protected":false},"excerpt":{"rendered":"<p>Since 2023 Directeur de recherche (CNRS) Laboratoire de Chimie Ecole Normale Sup\u00e9rieure de Lyon France 2016 &#8211; 2023 Charg\u00e9 de recherche (CNRS) Laboratoire de Chimie 2019 Habilitation \u00e0 diriger des recherches Atomistic Modelling of Environment Effects on Reactive Metal Interfaces 2013 \u2013 2016 post-Doc P. Sautet Laboratoire de Chimie Ecole Normale Sup\u00e9rieure de Lyon France [&hellip;]<\/p>\n","protected":false},"author":2,"featured_media":6,"parent":0,"menu_order":0,"comment_status":"closed","ping_status":"closed","template":"","meta":{"_lmt_disableupdate":"","_lmt_disable":"","footnotes":""},"class_list":["post-9","page","type-page","status-publish","has-post-thumbnail","hentry"],"_links":{"self":[{"href":"https:\/\/perso.ens-lyon.fr\/stephan.steinmann\/wp-json\/wp\/v2\/pages\/9","targetHints":{"allow":["GET"]}}],"collection":[{"href":"https:\/\/perso.ens-lyon.fr\/stephan.steinmann\/wp-json\/wp\/v2\/pages"}],"about":[{"href":"https:\/\/perso.ens-lyon.fr\/stephan.steinmann\/wp-json\/wp\/v2\/types\/page"}],"author":[{"embeddable":true,"href":"https:\/\/perso.ens-lyon.fr\/stephan.steinmann\/wp-json\/wp\/v2\/users\/2"}],"replies":[{"embeddable":true,"href":"https:\/\/perso.ens-lyon.fr\/stephan.steinmann\/wp-json\/wp\/v2\/comments?post=9"}],"version-history":[{"count":9,"href":"https:\/\/perso.ens-lyon.fr\/stephan.steinmann\/wp-json\/wp\/v2\/pages\/9\/revisions"}],"predecessor-version":[{"id":495,"href":"https:\/\/perso.ens-lyon.fr\/stephan.steinmann\/wp-json\/wp\/v2\/pages\/9\/revisions\/495"}],"wp:featuredmedia":[{"embeddable":true,"href":"https:\/\/perso.ens-lyon.fr\/stephan.steinmann\/wp-json\/wp\/v2\/media\/6"}],"wp:attachment":[{"href":"https:\/\/perso.ens-lyon.fr\/stephan.steinmann\/wp-json\/wp\/v2\/media?parent=9"}],"curies":[{"name":"wp","href":"https:\/\/api.w.org\/{rel}","templated":true}]}}