{"id":109,"date":"2012-07-14T15:01:34","date_gmt":"2012-07-14T14:01:34","guid":{"rendered":"http:\/\/perso.ens-lyon.fr\/yves-francois.le-lay\/?page_id=109"},"modified":"2023-12-28T18:21:03","modified_gmt":"2023-12-28T17:21:03","slug":"a-propos","status":"publish","type":"page","link":"https:\/\/perso.ens-lyon.fr\/yves-francois.le-lay\/","title":{"rendered":"Pr\u00e9sentation"},"content":{"rendered":"<p style=\"text-align: justify;\">Vous venez d&rsquo;entrer sur le site personnel d&rsquo;Yves-Fran\u00e7ois Le Lay. Bienvenue ! J&rsquo;enseigne la g\u00e9ographie \u00e0 l&rsquo;Ecole normale sup\u00e9rieure (ENS) de Lyon. Vous trouverez ici quelques \u00e9l\u00e9ments concernant mon activit\u00e9 professionnelle. Mes enseignements rel\u00e8vent du d\u00e9partement de sciences sociales de l&rsquo;ENS de Lyon et mes recherches de l&rsquo;UMR 5600 \u00ab\u00a0Environnement Ville Soci\u00e9t\u00e9\u00a0\u00bb.<\/p>\n<h2><a title=\"Recherches\" href=\"http:\/\/perso.ens-lyon.fr\/yves-francois.le-lay\/?page_id=16\">Th\u00e8mes de recherches<\/a><\/h2>\n<ul>\n<li>Syst\u00e8mes socio-\u00e9cologiques<\/li>\n<li>Controverses environnementales<\/li>\n<li>Paysage<\/li>\n<li>G\u00e9ohistoire de l&rsquo;environnement<\/li>\n<li>Techniques d\u2019enqu\u00eate et analyse de donn\u00e9es en sciences sociales<\/li>\n<\/ul>\n<h2><a title=\"Enseignements\" href=\"http:\/\/perso.ens-lyon.fr\/yves-francois.le-lay\/?page_id=26\">Enseignements<\/a><\/h2>\n<ul>\n<li>La perception de l&rsquo;environnement : th\u00e9orie et m\u00e9thodes<\/li>\n<li>Environnements et pouvoir : approche critique<\/li>\n<li>Environnements : approches g\u00e9ographiques<\/li>\n<li>Introduction \u00e0 la g\u00e9ographie de l&rsquo;environnement<\/li>\n<\/ul>\n<div id=\"attachment_531\" style=\"width: 1498px\" class=\"wp-caption aligncenter\"><a href=\"http:\/\/perso.ens-lyon.fr\/yves-francois.le-lay\/wp-content\/uploads\/2012\/07\/Frene2.jpg\"><img loading=\"lazy\" decoding=\"async\" aria-describedby=\"caption-attachment-531\" class=\" wp-image-531\" src=\"http:\/\/perso.ens-lyon.fr\/yves-francois.le-lay\/wp-content\/uploads\/2012\/07\/Frene2.jpg\" alt=\"OLYMPUS DIGITAL CAMERA\" width=\"1488\" height=\"1984\" srcset=\"https:\/\/perso.ens-lyon.fr\/yves-francois.le-lay\/wp-content\/uploads\/2012\/07\/Frene2.jpg 1488w, https:\/\/perso.ens-lyon.fr\/yves-francois.le-lay\/wp-content\/uploads\/2012\/07\/Frene2-225x300.jpg 225w, https:\/\/perso.ens-lyon.fr\/yves-francois.le-lay\/wp-content\/uploads\/2012\/07\/Frene2-768x1024.jpg 768w\" sizes=\"auto, (max-width: 1488px) 100vw, 1488px\" \/><\/a><p id=\"caption-attachment-531\" class=\"wp-caption-text\">Un fr\u00eane t\u00eatard \u00e0 Saint-Galmier, dans la Loire (clich\u00e9 : Le Lay Y.-F., 2004).<\/p><\/div>\n<p style=\"text-align: center;\">\n","protected":false},"excerpt":{"rendered":"<p>Vous venez d&rsquo;entrer sur le site personnel d&rsquo;Yves-Fran\u00e7ois Le Lay. Bienvenue ! J&rsquo;enseigne la g\u00e9ographie \u00e0 l&rsquo;Ecole normale sup\u00e9rieure (ENS) de Lyon. Vous trouverez ici quelques \u00e9l\u00e9ments concernant mon activit\u00e9 professionnelle. Mes enseignements rel\u00e8vent du d\u00e9partement de sciences sociales de &hellip; <a href=\"https:\/\/perso.ens-lyon.fr\/yves-francois.le-lay\/\">Continuer la lecture <span class=\"meta-nav\">&rarr;<\/span><\/a><\/p>\n","protected":false},"author":1,"featured_media":0,"parent":0,"menu_order":0,"comment_status":"closed","ping_status":"closed","template":"","meta":{"footnotes":""},"class_list":["post-109","page","type-page","status-publish","hentry"],"jetpack_sharing_enabled":true,"jetpack_shortlink":"https:\/\/wp.me\/P2AZVW-1L","_links":{"self":[{"href":"https:\/\/perso.ens-lyon.fr\/yves-francois.le-lay\/index.php?rest_route=\/wp\/v2\/pages\/109","targetHints":{"allow":["GET"]}}],"collection":[{"href":"https:\/\/perso.ens-lyon.fr\/yves-francois.le-lay\/index.php?rest_route=\/wp\/v2\/pages"}],"about":[{"href":"https:\/\/perso.ens-lyon.fr\/yves-francois.le-lay\/index.php?rest_route=\/wp\/v2\/types\/page"}],"author":[{"embeddable":true,"href":"https:\/\/perso.ens-lyon.fr\/yves-francois.le-lay\/index.php?rest_route=\/wp\/v2\/users\/1"}],"replies":[{"embeddable":true,"href":"https:\/\/perso.ens-lyon.fr\/yves-francois.le-lay\/index.php?rest_route=%2Fwp%2Fv2%2Fcomments&post=109"}],"version-history":[{"count":33,"href":"https:\/\/perso.ens-lyon.fr\/yves-francois.le-lay\/index.php?rest_route=\/wp\/v2\/pages\/109\/revisions"}],"predecessor-version":[{"id":1322,"href":"https:\/\/perso.ens-lyon.fr\/yves-francois.le-lay\/index.php?rest_route=\/wp\/v2\/pages\/109\/revisions\/1322"}],"wp:attachment":[{"href":"https:\/\/perso.ens-lyon.fr\/yves-francois.le-lay\/index.php?rest_route=%2Fwp%2Fv2%2Fmedia&parent=109"}],"curies":[{"name":"wp","href":"https:\/\/api.w.org\/{rel}","templated":true}]}}