{"id":16,"date":"2012-07-13T09:48:11","date_gmt":"2012-07-13T08:48:11","guid":{"rendered":"http:\/\/perso.ens-lyon.fr\/yves-francois.le-lay\/?page_id=16"},"modified":"2018-09-05T16:19:20","modified_gmt":"2018-09-05T15:19:20","slug":"themes-et-programmes-de-recherches","status":"publish","type":"page","link":"https:\/\/perso.ens-lyon.fr\/yves-francois.le-lay\/?page_id=16","title":{"rendered":"Recherches"},"content":{"rendered":"<h2>\u00a0Coordination de programmes de recherche<\/h2>\n<ul style=\"text-align: justify;\">\n<li>Coordination du <strong>programme de recherche <em>Trajectoires spatio-temporelles et repr\u00e9sentations des barrages du Rh\u00f4ne (1945-2015)<\/em><\/strong> au sein de l\u2019APR 2017 du R\u00e9seau des Observatoires Hommes-Milieux. Ce programme\u00a0appr\u00e9hende l\u2019objet \u00ab\u00a0barrage\u00a0\u00bb \u00e0 travers ses trajectoires discursives dans le journal <em>Le Monde<\/em> depuis 1945. En effet, l\u2019OHM Vall\u00e9e du Rh\u00f4ne fonde ses r\u00e9flexions sur des \u00ab\u00a0faits structurants\u00a0\u00bb que bouleversent des ruptures. Les barrages sont questionn\u00e9s dans cette perspective en mettant en lumi\u00e8re une p\u00e9riodisation qui est utile pour mieux comprendre la chronologie des mutations paysag\u00e8res du Rh\u00f4ne. Les discours sur les am\u00e9nagements rhodaniens sont compar\u00e9s avec ceux mis en place en France.<\/li>\n<li>Coordination du <strong>programme de recherche<\/strong> <em><strong>Les discours de la rupture sur le Rh\u00f4ne fran\u00e7ais (1945-2013) <\/strong><\/em>au sein de l\u2019APR 2015 du R\u00e9seau des Observatoires Hommes-Milieux. Le fleuve et les discours connaissent des temporalit\u00e9s et des spatialit\u00e9s distinctes. Les travaux les plus r\u00e9cents montrent que les discours sur les inondations ne s\u2019arr\u00eatent pas aux d\u00e9bordements de 2003\u00a0: ils ont une trajectoire temporelle qui ne se cale pas sur l\u2019hydrogramme de crue et se prolongent bien apr\u00e8s la fin de l\u2019\u00e9v\u00e9nement hydrologique, r\u00e9v\u00e9lant ainsi une r\u00e9manence importante. Quelles sont les discontinuit\u00e9s spatiales des ruptures\u00a0? Si les inondations ont effectivement donn\u00e9 lieu \u00e0 une publicisation affirm\u00e9e dans le Bas Rh\u00f4ne, cette derni\u00e8re perd beaucoup d\u2019acuit\u00e9 vers l\u2019amont\u00a0: sensiblement moindre dans le Rh\u00f4ne m\u00e9dian, elle reste tr\u00e8s faible autour de l\u2019agglom\u00e9ration lyonnaise. Des productions cartographiques semblent en mesure d\u2019\u00e9clairer ces contrastes spatiaux et donc de favoriser une aide \u00e0 la d\u00e9cision. L\u2019analyse des corpus d\u2019articles de presse r\u00e9gionale montre que la crise de 2003 a trouv\u00e9 un \u00e9cho in\u00e9gal le long du Rh\u00f4ne, qu\u2019en est-il de la m\u00e9diatisation nationale\u00a0? Le destin national du fleuve \u00e9tant scell\u00e9 au d\u00e9but du XX\u00e8me si\u00e8cle par les am\u00e9nagements, l\u2019int\u00e9r\u00eat qui lui est aujourd\u2019hui port\u00e9 est-il aussi fort\u00a0? Enfin, comment les diff\u00e9rents th\u00e8mes et acteurs cohabitent-ils ensemble avec les temps, les espaces et les fonctions du Rh\u00f4ne\u00a0?<\/li>\n<li>Coordination du <strong>programme de recherche <i>Habiter la rivi\u00e8re d&rsquo;Ain (XIXe-XXIe si\u00e8cles)<\/i><\/strong> <strong>(2012-2015)<\/strong> dans le cadre d&rsquo;un partenariat EDF \u2013 ZABR \u2013 Agence de l\u2019Eau RM&amp;C. Dans un contexte o\u00f9 est promue une gestion durable et int\u00e9gr\u00e9e de la ressource en eau et des \u00e9cosyst\u00e8mes aquatiques du bassin versant de l\u2019Ain, il semble primordial pour les acteurs de rep\u00e9rer les objets de nature et les <i>artefacts<\/i> valoris\u00e9s par les habitants, de favoriser leur gouvernance et \u00e9ventuellement de les patrimonialiser. L\u2019apport de connaissances sur <b>la rivi\u00e8re d\u2019Ain dans son ensemble<\/b>, dans le cadre d\u2019une approche mobilisant les outils propres aux sciences sociales et humaines, sur ces \u00e9l\u00e9ments encore peu \u00e9tudi\u00e9s a pour finalit\u00e9 de placer les gestionnaires et d\u00e9cideurs en situation inform\u00e9e. Dans quelle mesure les discours des \u00e9lus et des acteurs de la CLE sont-ils repr\u00e9sentatifs de la diversit\u00e9 de la population\u00a0? La <b>caract\u00e9risation des attentes et de la demande de la soci\u00e9t\u00e9<\/b>, ainsi que de ses r\u00e9f\u00e9rences (imaginaire et m\u00e9moire) permettra notamment de mieux orienter les strat\u00e9gies du SAGE ou encore de mieux pr\u00e9parer la population lors des op\u00e9rations de restauration physique. En effet, passer de l\u2019action publique classique (davantage <i>top-down<\/i>) \u00e0 la <b>gouvernance de l\u2019eau<\/b>, cela consiste \u00e0 adopter des modalit\u00e9s d\u2019action et de prise de d\u00e9cision plus partenariales, plus interactives et plus flexibles. La gouvernance de l\u2019eau, c\u2019est surtout la capacit\u00e9 \u00e0 mettre en \u0153uvre des partenariats efficaces entre les diff\u00e9rents acteurs.<\/li>\n<li>Coordination du <strong>programme de recherche <em>Mieux comprendre les discours de crise sur le fleuve Rh\u00f4ne\u00a0: extr\u00eames hydrologiques et plantes invasives<\/em> (2012-2013)<\/strong> au sein de l\u2019Accord Cadre ZABR-Agence de l\u2019Eau RMC en 2012. L&rsquo;entr\u00e9e par le texte permet aux partenaires de faire le point sur la compl\u00e9mentarit\u00e9 de leurs m\u00e9thodes pour collecter le dit et l&rsquo;\u00e9crit, pr\u00e9traiter leurs corpus, les analyser et les interpr\u00e9ter. Plus particuli\u00e8rement, les ruptures qui peuvent \u00eatre induites par des crises hydrologiques, par une plante envahissante ou par des micropolluants font l&rsquo;objet de productions verbales que les techniques dites de l&rsquo;analyse de contenu (AC) et de l&rsquo;analyse de donn\u00e9es textuelles (ADT) se proposent d&rsquo;explorer.<\/li>\n<li>Coordination du <strong>programme de recherche <em>ProBerges<\/em> (2010-2012)<\/strong>, au sein du Cluster Environnement de la R\u00e9gion Rh\u00f4ne-Alpes. Cette \u00e9tude poursuit trois objectifs\u00a0: d\u00e9velopper les efforts d\u2019\u00e9valuation des programmes de restauration \u00e9cologique sur les cours d\u2019eau, analyser les obstacles que ces programmes peuvent rencontrer, et \u00e9tudier comment sont actuellement appr\u00e9hend\u00e9es la participation des communaut\u00e9s locales et l\u2019information environnementale.<\/li>\n<li>Coordination du <strong>programme de recherche <em>Encrer le fleuve Rh\u00f4ne. Le discours de la rupture au prisme des sciences humaines et sociales<\/em> (2011)<\/strong>, au sein de l\u2019APR 2011 du R\u00e9seau des Observatoires Hommes-Milieux. Le Rh\u00f4ne suscite des discours oraux et \u00e9crits que les ruptures et crises alimentent et renouvellent. Ces discours sont une fen\u00eatre ouverte sur les activit\u00e9s, les repr\u00e9sentations et la gestion du fleuve. Avec des m\u00e9thodes semblables, les chercheurs issus des Sciences humaines et sociales (SHS) analysent ces sources pour explorer les pratiques et le penser\/savoir des experts, des gestionnaires, des acteurs, des usagers et des riverains. Un collectif d&rsquo;ethnologues, g\u00e9ographes, historiens et sociologues s\u2019est structur\u00e9 pour orienter les recherches \u00e0 venir concernant l&rsquo;exploitation des productions verbales sur le fleuve Rh\u00f4ne. L&rsquo;entr\u00e9e par le discours leur permet de faire le point sur la compl\u00e9mentarit\u00e9 de leurs m\u00e9thodes pour collecter le dit et l&rsquo;\u00e9crit, pr\u00e9traiter leurs corpus, les analyser et les interpr\u00e9ter.<\/li>\n<\/ul>\n<div id=\"attachment_73\" style=\"width: 664px\" class=\"wp-caption aligncenter\"><a href=\"http:\/\/perso.ens-lyon.fr\/yves-francois.le-lay\/wp-content\/uploads\/2012\/07\/Photo-025-654-x-4911.jpg\"><img loading=\"lazy\" decoding=\"async\" aria-describedby=\"caption-attachment-73\" class=\"size-full wp-image-73\" title=\"Photo 025 (654 x 491)\" src=\"http:\/\/perso.ens-lyon.fr\/yves-francois.le-lay\/wp-content\/uploads\/2012\/07\/Photo-025-654-x-4911.jpg\" alt=\"\" width=\"654\" height=\"450\" srcset=\"https:\/\/perso.ens-lyon.fr\/yves-francois.le-lay\/wp-content\/uploads\/2012\/07\/Photo-025-654-x-4911.jpg 654w, https:\/\/perso.ens-lyon.fr\/yves-francois.le-lay\/wp-content\/uploads\/2012\/07\/Photo-025-654-x-4911-300x206.jpg 300w, https:\/\/perso.ens-lyon.fr\/yves-francois.le-lay\/wp-content\/uploads\/2012\/07\/Photo-025-654-x-4911-436x300.jpg 436w\" sizes=\"auto, (max-width: 654px) 100vw, 654px\" \/><\/a><p id=\"caption-attachment-73\" class=\"wp-caption-text\">Vall\u00e9e de l&rsquo;Ouv\u00e8ze, en Ard\u00e8che (clich\u00e9 : Le Lay Y.-F., 2005).<\/p><\/div>\n<h2 style=\"text-align: justify;\">Contribution \u00e0 des programmes de recherche<\/h2>\n<ul style=\"text-align: justify;\">\n<li>Contribution au <strong>programme de recherche <em>BIBLIO-OHM : les publications de l&rsquo;OHM Vall\u00e9e du Rh\u00f4ne 2006-2016 : quels contenus, influences, trajectoires, perspectives ?<\/em><\/strong>\u00a0R\u00e9dig\u00e9 en r\u00e9ponse \u00e0 l\u2019APR 2017 du R\u00e9seau des Observatoires Hommes-Milieux, ce projet est pilot\u00e9 par Nicolas Lamouroux (ISTEA) et propose une analyse de contenu et lexicom\u00e9trique des publications de l&rsquo;OHM Vall\u00e9e du Rh\u00f4ne sur dix ans, en recourant \u00e0 des hypoth\u00e8ses<em> a priori<\/em>. Cette analyse a pour objectif de mieux conna\u00eetre nos activit\u00e9s et de faire \u00e9voluer nos perspectives scientifiques en cons\u00e9quence. Elle est fond\u00e9e sur la compl\u00e9mentarit\u00e9 des approches quantitatives et\u00a0 qualitatives d&rsquo;un corpus constitu\u00e9 d&rsquo;une grosse centaine de publications. Ces derni\u00e8res ont \u00e9t\u00e9 rassembl\u00e9es lors d&rsquo;un projet de comparaison internationale des observatoires socio-\u00e9cologiques.<\/li>\n<li>Contribution au\u00a0<strong>projet BOIFIMU (<em>BOIs Flottant et Inondations en Milieu Urbain)<\/em><\/strong>, coordonn\u00e9 par Diego Lopez (INSA de Lyon) et con\u00e7u en r\u00e9ponse \u00e0 l\u2019Appel \u00e0 projets IMU 2016. Le bois transport\u00e9 dans les cours d\u2019eau aggrave les cons\u00e9quences des crues, en particulier en milieu urbain, en s\u2019accumulant contre les ouvrages transversaux, mais \u00e9galement en contribuant au sapement des berges et aux d\u00e9bordements. Cet enjeu s\u2019affirme dans nos cours d\u2019eau du fait de la v\u00e9g\u00e9talisation progressive des rives au cours des 60 derni\u00e8res ann\u00e9es. La prise en compte du bois comme facteur de risque n\u2019est pas encore syst\u00e9matique, faute d\u2019une estimation rigoureuse des al\u00e9as li\u00e9s aux emb\u00e2cles. Il importe donc de mieux comprendre les facteurs r\u00e9gissant le flux de bois transport\u00e9 par les cours d\u2019eau et les cons\u00e9quences de ce flux dans des sections particuli\u00e8rement am\u00e9nag\u00e9es. Une campagne d&rsquo;entretiens doit \u00eatre r\u00e9alis\u00e9e pour d&rsquo;une part \u00e9valuer comment les gestionnaires se repr\u00e9sentent aujourd\u2019hui le bois qui transitent dans les cours d\u2019eau en ville, et d&rsquo;autre part identifier les pratiques actuelles face \u00e0 ce facteur de risque, afin de d\u00e9gager des pr\u00e9conisations communes adapt\u00e9es susceptibles de r\u00e9duire les risques en milieu urbain.<\/li>\n<li>Contribution au volet 4 du <strong>programme global de suivi scientifique de l\u2019arasement des barrages de la S\u00e9lune<\/strong>, port\u00e9 par Jean-Luc Baglini\u00e8re. Sous la responsabilit\u00e9 de Marie-Anne Germaine, ce volet porte sur les dimensions sociale et g\u00e9ographique de l&rsquo;op\u00e9ration de d\u00e9construction des barrages de Vezins et de la Roche-qui-Boit (Manche). Il s&rsquo;agit notamment d&rsquo;explorer les dimensions du d\u00e9bat public au filtre de trois p\u00e9riodiques, \u00e0 savoir <em>Ouest-France<\/em>, <em>La Manche Libre<\/em> et L<em>a Gazette de la Manche<\/em>.<\/li>\n<li>Contribution au <strong>p<\/strong><strong>rogramme <em>SELINA (Parc National de Toluca\u00a0: un laboratoire socio-environnemental pour des innovations politiques dans la gestion de parcs nationaux)<\/em> (2012-2015)<\/strong>, au sein du Programme Blanc International II (2011) de l\u2019Agence nationale de la recherche (ANR) et sous la responsabilit\u00e9 de Jacques Imbernon. Il s&rsquo;agit notamment d&rsquo;aboutir \u00e0 une meilleure int\u00e9gration des pratiques et des organisations locales dans la conception et la mise en \u0153uvre de politiques publiques innovantes. Participation \u00e0 la t\u00e2che 1 \u00ab\u00a0Interaction between public policies and local practices\u00a0: historical dimension, diversity and representations\u00a0\u00bb. Partenaires\u00a0: ENS de Lyon et CIRAD en France, ITESO et UAEM au Mexique.<\/li>\n<li>Contribution au <strong>p<\/strong><strong>rogramme <em>Renouessance<\/em> (2011-2013)<\/strong> au sein du PIR IngecoTech 2010-2012 et sous la responsabilit\u00e9 d&rsquo;Anne Rivi\u00e8re-Honegger. Participation au volet 2 \u00ab\u00a0Analyse de donn\u00e9es textuelles\u00a0\u00bb qui vise \u00e0 mettre en \u00e9vidence la nature du discours \u00ab\u00a0officiel\u00a0\u00bb tenu par les institutions charg\u00e9es de la gestion environnementale sur <em>Fallopia<\/em>. En particulier, il s\u2019agit d\u2019identifier les repr\u00e9sentations expertes et savantes li\u00e9es \u00e0 l\u2019esp\u00e8ce invasive, de d\u00e9gager la structure du sch\u00e9ma informatif qui est sous-jacent aux attitudes \u00e0 l\u2019\u00e9gard de l\u2019esp\u00e8ce et de rep\u00e9rer les recommandations de gestion qui sont formul\u00e9es. Partenaires\u00a0: UMR 5023 Ecologie des hydrosyst\u00e8mes fluviaux, ERIN, LIRIS et UMR 5600 EVS.<\/li>\n<li>Contribution au <strong>programme de recherche <em>Gestrans (Gestion du transit s\u00e9dimentaire)<\/em> (2010-2013)<\/strong>, au sein du Programme Risques naturels (2009) de l\u2019Agence nationale de la recherche (ANR) et sous la responsabilit\u00e9 d&rsquo;Alain Recking. Charg\u00e9 de l\u2019animation du module 3 \u00ab\u00a0River perception\u00a0\u00bb. Partenaires\u00a0: DDEA Is\u00e8re, Cemagref de Grenoble, Institut de Physique du Globe (Paris), Laboratoire de Transfert en Hydrologie et Environnement (Grenoble), UMR 5600 Environnement, Ville, Soci\u00e9t\u00e9 (Lyon) et l\u2019University of British Columbia.<\/li>\n<li>Contribution au <strong>programme <em>Femmes et acc\u00e8s \u00e0 l&#8217;emploi en milieu rural\u00a0: se mobiliser pour se projeter<\/em> (2010-2012)<\/strong>, suite \u00e0 l\u2019AP 2010 \u00ab\u00a0Universit\u00e9 citoyenne et solidaire\u00a0\u00bb et sous la responsabilit\u00e9 de Emmanuelle Bonerandi-Richard. Contribution \u00e0 la r\u00e9daction du diagnostic socio-territorial et du rapport scientifique. Partenaires\u00a0: l&rsquo;ENS de Lyon et le site de proximit\u00e9 Ce.D.R.E.<\/li>\n<li>Contribution au <strong>programme de recherche <em>Cr\u00e9ateurs de Dr\u00f4me<\/em> (2008-2011)<\/strong>, suite \u00e0 l\u2019APR Programme Eaux &amp; Territoires et sous la responsabilit\u00e9 de Gabrielle Bouleau et Anne Rivi\u00e8re-Honegger. Contribution \u00e0 un atlas du bassin versant de la Dr\u00f4me. Partenaires\u00a0: le CNRS (UMR 151, UMR 5600 et UMR 6012) et le Cemagref (Unit\u00e9s d\u2019Aix-en-Provence, Lyon et Montpellier).<\/li>\n<\/ul>\n<div id=\"attachment_83\" style=\"width: 1994px\" class=\"wp-caption aligncenter\"><a href=\"http:\/\/perso.ens-lyon.fr\/yves-francois.le-lay\/wp-content\/uploads\/2012\/07\/Photo-048.jpg\"><img loading=\"lazy\" decoding=\"async\" aria-describedby=\"caption-attachment-83\" class=\"size-full wp-image-83\" title=\"OLYMPUS DIGITAL CAMERA\" src=\"http:\/\/perso.ens-lyon.fr\/yves-francois.le-lay\/wp-content\/uploads\/2012\/07\/Photo-048.jpg\" alt=\"\" width=\"1984\" height=\"947\" srcset=\"https:\/\/perso.ens-lyon.fr\/yves-francois.le-lay\/wp-content\/uploads\/2012\/07\/Photo-048.jpg 1984w, https:\/\/perso.ens-lyon.fr\/yves-francois.le-lay\/wp-content\/uploads\/2012\/07\/Photo-048-300x143.jpg 300w, https:\/\/perso.ens-lyon.fr\/yves-francois.le-lay\/wp-content\/uploads\/2012\/07\/Photo-048-1024x488.jpg 1024w, https:\/\/perso.ens-lyon.fr\/yves-francois.le-lay\/wp-content\/uploads\/2012\/07\/Photo-048-500x238.jpg 500w\" sizes=\"auto, (max-width: 1984px) 100vw, 1984px\" \/><\/a><p id=\"caption-attachment-83\" class=\"wp-caption-text\">La Coise \u00e0 Saint-Galmier, dans la Loire (clich\u00e9 : Le Lay Y.-F., 2004).<\/p><\/div>\n","protected":false},"excerpt":{"rendered":"<p>\u00a0Coordination de programmes de recherche Coordination du programme de recherche Trajectoires spatio-temporelles et repr\u00e9sentations des barrages du Rh\u00f4ne (1945-2015) au sein de l\u2019APR 2017 du R\u00e9seau des Observatoires Hommes-Milieux. Ce programme\u00a0appr\u00e9hende l\u2019objet \u00ab\u00a0barrage\u00a0\u00bb \u00e0 travers ses trajectoires discursives dans le &hellip; <a href=\"https:\/\/perso.ens-lyon.fr\/yves-francois.le-lay\/?page_id=16\">Continuer la lecture <span class=\"meta-nav\">&rarr;<\/span><\/a><\/p>\n","protected":false},"author":1,"featured_media":0,"parent":0,"menu_order":0,"comment_status":"closed","ping_status":"closed","template":"","meta":{"footnotes":""},"class_list":["post-16","page","type-page","status-publish","hentry"],"jetpack_sharing_enabled":true,"jetpack_shortlink":"https:\/\/wp.me\/P2AZVW-g","_links":{"self":[{"href":"https:\/\/perso.ens-lyon.fr\/yves-francois.le-lay\/index.php?rest_route=\/wp\/v2\/pages\/16","targetHints":{"allow":["GET"]}}],"collection":[{"href":"https:\/\/perso.ens-lyon.fr\/yves-francois.le-lay\/index.php?rest_route=\/wp\/v2\/pages"}],"about":[{"href":"https:\/\/perso.ens-lyon.fr\/yves-francois.le-lay\/index.php?rest_route=\/wp\/v2\/types\/page"}],"author":[{"embeddable":true,"href":"https:\/\/perso.ens-lyon.fr\/yves-francois.le-lay\/index.php?rest_route=\/wp\/v2\/users\/1"}],"replies":[{"embeddable":true,"href":"https:\/\/perso.ens-lyon.fr\/yves-francois.le-lay\/index.php?rest_route=%2Fwp%2Fv2%2Fcomments&post=16"}],"version-history":[{"count":16,"href":"https:\/\/perso.ens-lyon.fr\/yves-francois.le-lay\/index.php?rest_route=\/wp\/v2\/pages\/16\/revisions"}],"predecessor-version":[{"id":1117,"href":"https:\/\/perso.ens-lyon.fr\/yves-francois.le-lay\/index.php?rest_route=\/wp\/v2\/pages\/16\/revisions\/1117"}],"wp:attachment":[{"href":"https:\/\/perso.ens-lyon.fr\/yves-francois.le-lay\/index.php?rest_route=%2Fwp%2Fv2%2Fmedia&parent=16"}],"curies":[{"name":"wp","href":"https:\/\/api.w.org\/{rel}","templated":true}]}}